{"id":112930,"date":"2025-04-24T10:25:21","date_gmt":"2025-04-24T09:25:21","guid":{"rendered":"https:\/\/antsroute.com\/?page_id=112930"},"modified":"2025-10-15T08:38:51","modified_gmt":"2025-10-15T07:38:51","slug":"buitendienst","status":"publish","type":"page","link":"https:\/\/antsroute.com\/nl\/blog\/buitendienst\/","title":{"rendered":"Onze artikelen &#8211; Buitendienst"},"content":{"rendered":"<div class=\"wpb-content-wrapper\">[vc_row css=&#8221;.vc_custom_1745498088457{margin-top: 50px !important;margin-bottom: -20px !important;}&#8221; el_class=&#8221;vc_hidden-xs Extra Small Screen vc_hidden-sm Small Screen&#8221;][vc_column][vc_column_text css=&#8221;&#8221;]\n<div id=\"cta-blog\" style=\"text-align: center;\"><a class=\"button-2-blog\" style=\"align-self: center;\" href=\"https:\/\/antsroute.com\/nl\/blog\/\" rel=\"noopener\">Alle<\/a> <a class=\"button-2-blog\" style=\"align-self: center;\" href=\"https:\/\/antsroute.com\/nl\/blog\/bezorging\/\" rel=\"noopener\">Bezorging<\/a><a class=\"btn-grad-blog\" style=\"align-self: center;\" href=\"https:\/\/antsroute.com\/nl\/blog\/buitendienst\/\" rel=\"noopener\">Buitendienst<\/a><a class=\"button-2-blog\" style=\"align-self: center;\" href=\"https:\/\/antsroute.com\/nl\/blog\/thuiszorg\/\" rel=\"noopener\">Thuiszorg<\/a><\/div>\n[\/vc_column_text][\/vc_column][\/vc_row][vc_row][vc_column][vc_column_text css=&#8221;&#8221;]    <div id=\"post-grid-lazy-112932\" class=\"post-grid-lazy\"><img decoding=\"async\" src=\"\"\/><\/div>\r\n    <script>\r\n\r\n        jQuery('#post-grid-lazy-112932').ready(function($){\r\n            jQuery('#post-grid-lazy-112932').fadeOut();\r\n            jQuery('#post-grid-112932').fadeIn();\r\n        })\r\n    <\/script>\r\n    <style type=\"text\/css\">\r\n        #post-grid-112932{display: none;}\r\n        .post-grid-lazy{\r\n            text-align: center;\r\n        }\r\n    <\/style>\r\n        <div data-options='{\"id\":\"112932\",\"lazy_load\":\"yes\",\"masonry_enable\":\"no\",\"view_type\":\"grid\"}' id=\"post-grid-112932\" class=\"post-grid grid\">\r\n                <div class=\"grid-items\">\r\n            \r\n    <div class=\"item item-125248 skin flat even 0 \">\r\n                <div class=\"layer-wrapper layout-112922\">\r\n                <div class=\"element element_1745484970921  element-media \">\r\n        <a target=\"_self\" href=\"https:\/\/antsroute.com\/nl\/buitendienst\/interventierapport-sjabloon-best-practices\/\"><img decoding=\"async\" alt=\"\" src=\"https:\/\/antsroute.com\/wp-content\/uploads\/interventierapport-sjabloon-best-practices-2.jpg\" \/><\/a>\r\n\r\n    <\/div>\r\n        <div class=\"element element_1745484973619  post_date \">\r\n                    3 april 2026            \r\n    <\/div>\r\n        <div class=\"element element_1745484976002  title \">\r\n                    <a target=\"_blank\" href=\"https:\/\/antsroute.com\/nl\/buitendienst\/interventierapport-sjabloon-best-practices\/\">Interventierapport: template en best practices om je buitendienst te optimaliseren<\/a>\r\n        \r\n\r\n    <\/div>\r\n        <div class=\"element element_1745484982339  excerpt \">\r\n        Wat is een interventierapport? Welke elementen moeten worden opgenomen en hoe digitaliseren we het? Ontdek ons artikel met template en advies voor jouw buitendienst.                    <a target=\"_blank\" href=\"https:\/\/antsroute.com\/nl\/buitendienst\/interventierapport-sjabloon-best-practices\/\">...<\/a>\r\n            <\/div>\r\n                <div class=\"element element_1745484989539  read_more \">\r\n            Lees meer        <\/div>\r\n    \r\n            <\/div>\r\n    <\/div>\r\n    \r\n    <div class=\"item item-121400 skin flat odd 1 \">\r\n                <div class=\"layer-wrapper layout-112922\">\r\n                <div class=\"element element_1745484970921  element-media \">\r\n        <a target=\"_self\" href=\"https:\/\/antsroute.com\/nl\/buitendienst\/optimaliseer-terreinactiviteiten-met-data\/\"><img decoding=\"async\" alt=\"\" src=\"https:\/\/antsroute.com\/wp-content\/uploads\/Optimalisatie-terreinactiviteiten-data-antsroute-2.jpg\" \/><\/a>\r\n\r\n    <\/div>\r\n        <div class=\"element element_1745484973619  post_date \">\r\n                    5 november 2025            \r\n    <\/div>\r\n        <div class=\"element element_1745484976002  title \">\r\n                    <a target=\"_blank\" href=\"https:\/\/antsroute.com\/nl\/buitendienst\/optimaliseer-terreinactiviteiten-met-data\/\">Optimalisatie van terreinactiviteiten: hoe data je rondes, schema&#039;s en prestaties verbeteren<\/a>\r\n        \r\n\r\n    <\/div>\r\n        <div class=\"element element_1745484982339  excerpt \">\r\n        Minder kilometers, meer tevreden klanten: bekijk hoe AntsRoute je helpt terreinactiviteiten te optimaliseren dmv data-analyse.                    <a target=\"_blank\" href=\"https:\/\/antsroute.com\/nl\/buitendienst\/optimaliseer-terreinactiviteiten-met-data\/\">...<\/a>\r\n            <\/div>\r\n                <div class=\"element element_1745484989539  read_more \">\r\n            Lees meer        <\/div>\r\n    \r\n            <\/div>\r\n    <\/div>\r\n    \r\n    <div class=\"item item-120971 skin flat even 2 \">\r\n                <div class=\"layer-wrapper layout-112922\">\r\n                <div class=\"element element_1745484970921  element-media \">\r\n        <a target=\"_self\" href=\"https:\/\/antsroute.com\/nl\/bezorging\/planning-rondes-meerdere-teams\/\"><img decoding=\"async\" alt=\"\" src=\"https:\/\/antsroute.com\/wp-content\/uploads\/planning-rondes-meerdere-teams-2.jpg\" \/><\/a>\r\n\r\n    <\/div>\r\n        <div class=\"element element_1745484973619  post_date \">\r\n                    29 oktober 2025            \r\n    <\/div>\r\n        <div class=\"element element_1745484976002  title \">\r\n                    <a target=\"_blank\" href=\"https:\/\/antsroute.com\/nl\/bezorging\/planning-rondes-meerdere-teams\/\">50 rondes, 5 shifts, 1 platform: het recept voor stressvrije planning<\/a>\r\n        \r\n\r\n    <\/div>\r\n        <div class=\"element element_1745484982339  excerpt \">\r\n        Vereenvoudig het beheer van meerdere teams en meerdere zones met AntsRoute. Minder fouten, meer rust en rondes die altijd geoptimaliseerd zijn.                    <a target=\"_blank\" href=\"https:\/\/antsroute.com\/nl\/bezorging\/planning-rondes-meerdere-teams\/\">...<\/a>\r\n            <\/div>\r\n                <div class=\"element element_1745484989539  read_more \">\r\n            Lees meer        <\/div>\r\n    \r\n            <\/div>\r\n    <\/div>\r\n    \r\n    <div class=\"item item-119960 skin flat odd 3 \">\r\n                <div class=\"layer-wrapper layout-112922\">\r\n                <div class=\"element element_1745484970921  element-media \">\r\n        <a target=\"_self\" href=\"https:\/\/antsroute.com\/nl\/buitendienst\/2-veiligheidsinterventies-meer-per-dag\/\"><img decoding=\"async\" alt=\"\" src=\"https:\/\/antsroute.com\/wp-content\/uploads\/2-veiligheidsinterventies-meer-per-dag-2.jpg\" \/><\/a>\r\n\r\n    <\/div>\r\n        <div class=\"element element_1745484973619  post_date \">\r\n                    15 oktober 2025            \r\n    <\/div>\r\n        <div class=\"element element_1745484976002  title \">\r\n                    <a target=\"_blank\" href=\"https:\/\/antsroute.com\/nl\/buitendienst\/2-veiligheidsinterventies-meer-per-dag\/\">2 veiligheidsinterventies meer per dag zonder te rekruteren? Ja, dat is mogelijk!<\/a>\r\n        \r\n\r\n    <\/div>\r\n        <div class=\"element element_1745484982339  excerpt \">\r\n        Minder ritten, meer opdrachten: ontdek hoe AntsRoute je beveiligingstechnici helpt om tot 2 interventies per dag te besparen.                    <a target=\"_blank\" href=\"https:\/\/antsroute.com\/nl\/buitendienst\/2-veiligheidsinterventies-meer-per-dag\/\">...<\/a>\r\n            <\/div>\r\n                <div class=\"element element_1745484989539  read_more \">\r\n            Lees meer        <\/div>\r\n    \r\n            <\/div>\r\n    <\/div>\r\n    \r\n    <div class=\"item item-117673 skin flat even 4 \">\r\n                <div class=\"layer-wrapper layout-112922\">\r\n                <div class=\"element element_1745484970921  element-media \">\r\n        <a target=\"_self\" href=\"https:\/\/antsroute.com\/nl\/buitendienst\/software-voor-interventiebeheer-efficientie-vergroten\/\"><img decoding=\"async\" alt=\"\" src=\"https:\/\/antsroute.com\/wp-content\/uploads\/Software-voor-interventiebeheer-efficientie-vergroten-2.jpg\" \/><\/a>\r\n\r\n    <\/div>\r\n        <div class=\"element element_1745484973619  post_date \">\r\n                    9 september 2025            \r\n    <\/div>\r\n        <div class=\"element element_1745484976002  title \">\r\n                    <a target=\"_blank\" href=\"https:\/\/antsroute.com\/nl\/buitendienst\/software-voor-interventiebeheer-efficientie-vergroten\/\">Software voor buitendienstbeheer: hoe je terughoudendheid kunt overwinnen en effici\u00ebnter kunt werken<\/a>\r\n        \r\n\r\n    <\/div>\r\n        <div class=\"element element_1745484982339  excerpt \">\r\n        Lees hier hoe Rapha\u00ebl, eigenaar van een KMO in loodgieterswerk, van scepsis naar effici\u00ebntie ging dankzij software voor interventiebeheer. Minder onnodige ritten, beter ge\u00efnformeerde klanten en een eindelijk geoptimaliseerde planning.                    <a target=\"_blank\" href=\"https:\/\/antsroute.com\/nl\/buitendienst\/software-voor-interventiebeheer-efficientie-vergroten\/\">...<\/a>\r\n            <\/div>\r\n                <div class=\"element element_1745484989539  read_more \">\r\n            Lees meer        <\/div>\r\n    \r\n            <\/div>\r\n    <\/div>\r\n            <\/div>\r\n            <div class=\"pagination\">\r\n            <div class=\"paginate\">\r\n            <\/div>\r\n    <style type=\"text\/css\">\r\n        #post-grid-112932 .pagination .page-numbers{\r\n            font-size:16px;\r\n            color:#212121;\r\n            background:#ffffff;\r\n        }\r\n        #post-grid-112932 .pagination .page-numbers:hover,\r\n        #post-grid-112932 .pagination .page-numbers.current{\r\n            background:#5d75e7;\r\n        }\r\n    <\/style>\r\n        <\/div>\r\n        <style type=\"text\/css\">\r\n        #post-grid-112932 {\r\n                    padding:10px;\r\n                                        }\r\n        #post-grid-112932 .grid-items{\r\n                    text-align: center;\r\n                }\r\n        #post-grid-112932 .item{\r\n                    margin:10px;\r\n                            padding:0px;\r\n                            background:#fff;\r\n                }\r\n        #post-grid-112932  .item .layer-media{\r\n            height:auto;        }\r\n        @media only screen and ( min-width: 0px ) and ( max-width: 767px ) {\r\n            #post-grid-112932 .item{\r\n                            width:90%;\r\n                        height:auto;            }\r\n        }\r\n        @media only screen and ( min-width: 768px ) and ( max-width: 1023px ) {\r\n            #post-grid-112932 .item{\r\n                            width:50%;\r\n                        max-height:auto;            }\r\n        }\r\n        @media only screen and (min-width: 1024px ){\r\n            #post-grid-112932 .item{\r\n                            width:30%;\r\n                        height:auto;            }\r\n        }\r\n\r\n        \r\n\r\n    <\/style>\r\n    <style type=\"text\/css\">\r\n.layout-112922 .element_1745484970921{\r\n    overflow: hidden;\r\n}\r\n@media only screen and (min-width: 1024px ){\r\n    .layout-112922 .element_1745484970921{\r\n                height: auto;\r\n        }\r\n}\r\n@media only screen and ( min-width: 768px ) and ( max-width: 1023px ) {\r\n    .layout-112922 .element_1745484970921{\r\n            height: auto;\r\n        }\r\n}\r\n@media only screen and ( min-width: 0px ) and ( max-width: 767px ){\r\n    .layout-112922 .element_1745484970921{\r\n            height: auto;\r\n        }\r\n}\r\n<\/style>\r\n    <style type=\"text\/css\">\r\n.layout-112922 .element_1745484973619{\r\n    color: #5d5f6f;\r\n    text-align: left;\r\nline-height: 1.4;\r\nfont-family: Helvetica;\r\nfont-size: 14px;\r\nfont-weight: 300;}\r\n.layout-112922 .element_1745484973619 a{\r\n    color: #5d5f6f;\r\n}\r\n<\/style>\r\n    <style type=\"text\/css\">\r\n.layout-112922 .element_1745484976002{\r\n    color: #212121;\r\n    font-size: 20px;\r\n    margin: 10px 0;\r\n    text-align: left;\r\nmargin-top: 5px;\r\nline-height: 1.3;\r\ncolor: #00041E;\r\nfont-family: Helvetica;\r\nfont-size: 22px;\r\ntext-decoration: none;\r\nfont-weight: 500;}\r\n.layout-112922 .element_1745484976002 a{\r\n    color: #212121;\r\n    font-size: 20px;\r\n}\r\n<\/style>\r\n    <style type=\"text\/css\">\r\n.layout-112922 .element_1745484982339{\r\n    font-size: 15px;\r\n    margin: 10px 0;\r\n    text-align: left;\r\nline-height: 1.4;\r\ncolor: #00041E;\r\nfont-family: Helvetica;\r\nfont-size: 18px;\r\nfont-weight: 300;}\r\n.layout-112922 .element_1745484982339 a{\r\n    font-size: 15px;\r\n}\r\n<\/style>\r\n    <style type=\"text\/css\">\r\n.layout-112922 .element_1745484989539{\r\n    color: #5d75e7 !important;;\r\n    text-align: left;\r\nline-height: 1.4;\r\ncolor: #00041E;\r\nfont-family: Helvetica;\r\nfont-size: 16px;\r\nfont-weight: 600;}\r\n.layout-112922 .element_1745484989539 a{\r\n    color: #5d75e7 !important; ;\r\n}\r\n<\/style>\r\n    \r\n                    <style type=\"text\/css\">\r\n            \/* AFFICHAGE PAGINATION GIRD *\/\r\n#post-grid-112932 .pagination .page-numbers:hover, #post-grid-112932 .pagination .page-numbers.current {\r\n    background: #5D75E7;\r\n    opacity: 100%;\r\n    border-radius: 25px;\r\n}\r\n\r\n#post-grid-112932 .pagination .page-numbers:hover, #post-grid-112932 .pagination .page-numbers.current {\r\n    color: #FFFFFF;\r\n    font-weight: 600;\r\n\tborder-radius: 25px;\r\n}        <\/style>\r\n    \r\n    \r\n\r\n        <script>\r\n                        \r\n        <\/script>\r\n\r\n        <\/div>\r\n    [\/vc_column_text][\/vc_column][\/vc_row][vc_row el_class=&#8221;padding-block&#8221; css=&#8221;.vc_custom_1733307854397{background-color: #00041F !important;}&#8221;][vc_column width=&#8221;3\/12&#8243;][\/vc_column][vc_column width=&#8221;6\/12&#8243;][vc_column_text css=&#8221;&#8221;]\n<h2 style=\"text-align: center; color: #ffffff;\">Kom bij ons langs.<\/h2>\n<p class=\"text-head\" style=\"text-align: center; color: #bcbdc4;\">Volg al ons nieuws.<\/p>\n[\/vc_column_text][vc_row_inner css=&#8221;.vc_custom_1718628454400{margin-top: -35px !important;}&#8221;][vc_column_inner width=&#8221;1\/4&#8243;][vc_column_text]\n<p class=\"text-head\" style=\"float: left;\"><a href=\"https:\/\/www.linkedin.com\/company\/antsway\/\" target=\"_blank\" rel=\"noopener\"><img decoding=\"async\" class=\"alignnone wp-image-85456 size-full\" style=\"border-radius: 5px; vertical-align: middle;\" src=\"https:\/\/antsroute.com\/wp-content\/uploads\/entreprise-antsroute-linkedin.jpg\" alt=\"\" width=\"35\" height=\"35\" srcset=\"https:\/\/antsroute.com\/wp-content\/uploads\/entreprise-antsroute-linkedin.jpg 225w, https:\/\/antsroute.com\/wp-content\/uploads\/entreprise-antsroute-linkedin-150x150.jpg 150w, https:\/\/antsroute.com\/wp-content\/uploads\/entreprise-antsroute-linkedin-148x146.jpg 148w, https:\/\/antsroute.com\/wp-content\/uploads\/entreprise-antsroute-linkedin-50x50.jpg 50w, https:\/\/antsroute.com\/wp-content\/uploads\/entreprise-antsroute-linkedin-76x75.jpg 76w, https:\/\/antsroute.com\/wp-content\/uploads\/entreprise-antsroute-linkedin-85x85.jpg 85w, https:\/\/antsroute.com\/wp-content\/uploads\/entreprise-antsroute-linkedin-80x80.jpg 80w\" sizes=\"(max-width:767px) 35px, 35px\" \/><\/a> <a class=\"text-head\" style=\"text-decoration: none; text-align: left; color: #ffffff; font-weight: 500; font-size: 22px; margin-left: 3px; margin-top: 3px;\" href=\"https:\/\/www.linkedin.com\/company\/antsway\/\" target=\"_blank\" rel=\"noopener\">LinkedIn<\/a><\/p>\n[\/vc_column_text][\/vc_column_inner][vc_column_inner width=&#8221;1\/4&#8243;][vc_column_text]\n<p class=\"text-head\" style=\"float: left;\"><a href=\"https:\/\/twitter.com\/AntsRoute\" target=\"_blank\" rel=\"noopener\"><img decoding=\"async\" class=\"alignnone wp-image-85613 size-full\" style=\"border-radius: 5px; vertical-align: middle;\" src=\"https:\/\/antsroute.com\/wp-content\/uploads\/entreprise-antsroute-twitter.jpg\" alt=\"\" width=\"35\" height=\"35\" srcset=\"https:\/\/antsroute.com\/wp-content\/uploads\/entreprise-antsroute-twitter.jpg 225w, https:\/\/antsroute.com\/wp-content\/uploads\/entreprise-antsroute-twitter-150x150.jpg 150w, https:\/\/antsroute.com\/wp-content\/uploads\/entreprise-antsroute-twitter-148x146.jpg 148w, https:\/\/antsroute.com\/wp-content\/uploads\/entreprise-antsroute-twitter-50x50.jpg 50w, https:\/\/antsroute.com\/wp-content\/uploads\/entreprise-antsroute-twitter-76x75.jpg 76w, https:\/\/antsroute.com\/wp-content\/uploads\/entreprise-antsroute-twitter-85x85.jpg 85w, https:\/\/antsroute.com\/wp-content\/uploads\/entreprise-antsroute-twitter-80x80.jpg 80w\" sizes=\"(max-width:767px) 35px, 35px\" \/><\/a> <a class=\"text-head\" style=\"text-decoration: none; text-align: left; color: #ffffff; font-weight: 500; font-size: 22px; margin-left: 3px; margin-top: 3px;\" href=\"https:\/\/twitter.com\/AntsRoute\" target=\"_blank\" rel=\"noopener\">Twitter<\/a><\/p>\n[\/vc_column_text][\/vc_column_inner][vc_column_inner width=&#8221;1\/4&#8243;][vc_column_text]\n<p class=\"text-head\" style=\"float: left;\"><a href=\"https:\/\/www.facebook.com\/AntswayCom\" target=\"_blank\" rel=\"noopener\"><img decoding=\"async\" class=\"alignnone wp-image-85621 size-full\" style=\"border-radius: 5px; vertical-align: middle;\" src=\"https:\/\/antsroute.com\/wp-content\/uploads\/entreprise-antsroute-facebook.jpg\" alt=\"\" width=\"35\" height=\"35\" srcset=\"https:\/\/antsroute.com\/wp-content\/uploads\/entreprise-antsroute-facebook.jpg 225w, https:\/\/antsroute.com\/wp-content\/uploads\/entreprise-antsroute-facebook-150x150.jpg 150w, https:\/\/antsroute.com\/wp-content\/uploads\/entreprise-antsroute-facebook-148x146.jpg 148w, https:\/\/antsroute.com\/wp-content\/uploads\/entreprise-antsroute-facebook-50x50.jpg 50w, https:\/\/antsroute.com\/wp-content\/uploads\/entreprise-antsroute-facebook-76x75.jpg 76w, https:\/\/antsroute.com\/wp-content\/uploads\/entreprise-antsroute-facebook-85x85.jpg 85w, https:\/\/antsroute.com\/wp-content\/uploads\/entreprise-antsroute-facebook-80x80.jpg 80w\" sizes=\"(max-width:767px) 35px, 35px\" \/><\/a> <a class=\"text-head\" style=\"text-decoration: none; text-align: left; color: #ffffff; font-weight: 500; font-size: 22px; margin-left: 3px; margin-top: 3px;\" href=\"https:\/\/www.facebook.com\/AntswayCom\" target=\"_blank\" rel=\"noopener\">Facebook<\/a><\/p>\n[\/vc_column_text][\/vc_column_inner][vc_column_inner width=&#8221;1\/4&#8243;][vc_column_text]\n<p class=\"text-head\" style=\"float: left;\"><a href=\"https:\/\/www.youtube.com\/@Antsroute\" target=\"_blank\" rel=\"noopener\"><img decoding=\"async\" class=\"alignnone wp-image-85626 size-full\" style=\"border-radius: 5px; vertical-align: middle;\" src=\"https:\/\/antsroute.com\/wp-content\/uploads\/entreprise-antsroute-youtube.jpg\" alt=\"\" width=\"35\" height=\"35\" srcset=\"https:\/\/antsroute.com\/wp-content\/uploads\/entreprise-antsroute-youtube.jpg 225w, https:\/\/antsroute.com\/wp-content\/uploads\/entreprise-antsroute-youtube-150x150.jpg 150w, https:\/\/antsroute.com\/wp-content\/uploads\/entreprise-antsroute-youtube-148x146.jpg 148w, https:\/\/antsroute.com\/wp-content\/uploads\/entreprise-antsroute-youtube-50x50.jpg 50w, https:\/\/antsroute.com\/wp-content\/uploads\/entreprise-antsroute-youtube-76x75.jpg 76w, https:\/\/antsroute.com\/wp-content\/uploads\/entreprise-antsroute-youtube-85x85.jpg 85w, https:\/\/antsroute.com\/wp-content\/uploads\/entreprise-antsroute-youtube-80x80.jpg 80w\" sizes=\"(max-width:767px) 35px, 35px\" \/><\/a> <a class=\"text-head\" style=\"text-decoration: none; text-align: left; color: #ffffff; font-weight: 500; font-size: 22px;\" href=\"https:\/\/www.youtube.com\/@Antsroute\" target=\"_blank\" rel=\"noopener\">YouTube<\/a><\/p>\n[\/vc_column_text][\/vc_column_inner][\/vc_row_inner][\/vc_column][vc_column width=&#8221;3\/12&#8243;][\/vc_column][\/vc_row]\n<\/div>","protected":false},"excerpt":{"rendered":"<p>[vc_row css=&#8221;.vc_custom_1745498088457{margin-top: 50px !important;margin-bottom: -20px !important;}&#8221; el_class=&#8221;vc_hidden-xs Extra Small Screen vc_hidden-sm Small Screen&#8221;][vc_column][vc_column_text css=&#8221;&#8221;] Alle BezorgingBuitendienstThuiszorg [\/vc_column_text][\/vc_column][\/vc_row][vc_row][vc_column][vc_column_text css=&#8221;&#8221;][\/vc_column_text][\/vc_column][\/vc_row][vc_row el_class=&#8221;padding-block&#8221; css=&#8221;.vc_custom_1733307854397{background-color: #00041F !important;}&#8221;][vc_column width=&#8221;3\/12&#8243;][\/vc_column][vc_column width=&#8221;6\/12&#8243;][vc_column_text css=&#8221;&#8221;] Kom<span class=\"excerpt-hellip\"> [\u2026]<\/span><\/p>\n","protected":false},"author":3,"featured_media":-1,"parent":112905,"menu_order":0,"comment_status":"closed","ping_status":"closed","template":"","meta":{"footnotes":""},"class_list":["post-112930","page","type-page","status-publish","has-post-thumbnail","hentry"],"yoast_head":"<!-- This site is optimized with the Yoast SEO plugin v19.0 - https:\/\/yoast.com\/wordpress\/plugins\/seo\/ -->\n<title>Blog - Buitendienst | AntsRoute<\/title>\n<meta name=\"description\" content=\"Ontdek onze artikelen om je te helpen de organisatie van je buitendienst te vereenvoudigen.\" \/>\n<meta name=\"robots\" content=\"index, follow, max-snippet:-1, max-image-preview:large, max-video-preview:-1\" \/>\n<link rel=\"canonical\" href=\"https:\/\/antsroute.com\/nl\/blog\/buitendienst\/\" \/>\n<meta name=\"twitter:card\" content=\"summary\" \/>\n<meta name=\"twitter:title\" content=\"Blog - Buitendienst | AntsRoute\" \/>\n<meta name=\"twitter:description\" content=\"Ontdek onze artikelen om je te helpen de organisatie van je buitendienst te vereenvoudigen.\" \/>\n<meta name=\"twitter:site\" content=\"@AntswayCom\" \/>\n<meta name=\"twitter:label1\" content=\"Est. reading time\" \/>\n\t<meta name=\"twitter:data1\" content=\"1 minuut\" \/>\n<!-- \/ Yoast SEO plugin. -->","yoast_head_json":{"title":"Blog - Buitendienst | AntsRoute","description":"Ontdek onze artikelen om je te helpen de organisatie van je buitendienst te vereenvoudigen.","robots":{"index":"index","follow":"follow","max-snippet":"max-snippet:-1","max-image-preview":"max-image-preview:large","max-video-preview":"max-video-preview:-1"},"canonical":"https:\/\/antsroute.com\/nl\/blog\/buitendienst\/","twitter_card":"summary","twitter_title":"Blog - Buitendienst | AntsRoute","twitter_description":"Ontdek onze artikelen om je te helpen de organisatie van je buitendienst te vereenvoudigen.","twitter_site":"@AntswayCom","twitter_misc":{"Est. reading time":"1 minuut"},"schema":{"@context":"https:\/\/schema.org","@graph":[{"@type":"WebSite","@id":"https:\/\/antsroute.com\/#website","url":"https:\/\/antsroute.com\/","name":"AntsRoute","description":"ANTSROUTE - Logiciel d&#039;optimisation de tourn\u00e9es | Planifier &amp; Suivre | Route Optimization Software | Plan &amp; Track","potentialAction":[{"@type":"SearchAction","target":{"@type":"EntryPoint","urlTemplate":"https:\/\/antsroute.com\/?s={search_term_string}"},"query-input":"required name=search_term_string"}],"inLanguage":"nl-NL"},{"@type":"ImageObject","inLanguage":"nl-NL","@id":"https:\/\/antsroute.com\/nl\/blog\/buitendienst\/#primaryimage","url":"","contentUrl":""},{"@type":"WebPage","@id":"https:\/\/antsroute.com\/nl\/blog\/buitendienst\/#webpage","url":"https:\/\/antsroute.com\/nl\/blog\/buitendienst\/","name":"Blog - Buitendienst | AntsRoute","isPartOf":{"@id":"https:\/\/antsroute.com\/#website"},"primaryImageOfPage":{"@id":"https:\/\/antsroute.com\/nl\/blog\/buitendienst\/#primaryimage"},"datePublished":"2025-04-24T09:25:21+00:00","dateModified":"2025-10-15T07:38:51+00:00","description":"Ontdek onze artikelen om je te helpen de organisatie van je buitendienst te vereenvoudigen.","breadcrumb":{"@id":"https:\/\/antsroute.com\/nl\/blog\/buitendienst\/#breadcrumb"},"inLanguage":"nl-NL","potentialAction":[{"@type":"ReadAction","target":["https:\/\/antsroute.com\/nl\/blog\/buitendienst\/"]}]},{"@type":"BreadcrumbList","@id":"https:\/\/antsroute.com\/nl\/blog\/buitendienst\/#breadcrumb","itemListElement":[{"@type":"ListItem","position":1,"name":"AntsRoute","item":"https:\/\/antsroute.com\/nl\/"},{"@type":"ListItem","position":2,"name":"Blog","item":"https:\/\/antsroute.com\/nl\/blog\/"},{"@type":"ListItem","position":3,"name":"Onze artikelen &#8211; Buitendienst"}]}]}},"_links":{"self":[{"href":"https:\/\/antsroute.com\/nl\/wp-json\/wp\/v2\/pages\/112930","targetHints":{"allow":["GET"]}}],"collection":[{"href":"https:\/\/antsroute.com\/nl\/wp-json\/wp\/v2\/pages"}],"about":[{"href":"https:\/\/antsroute.com\/nl\/wp-json\/wp\/v2\/types\/page"}],"author":[{"embeddable":true,"href":"https:\/\/antsroute.com\/nl\/wp-json\/wp\/v2\/users\/3"}],"replies":[{"embeddable":true,"href":"https:\/\/antsroute.com\/nl\/wp-json\/wp\/v2\/comments?post=112930"}],"version-history":[{"count":1,"href":"https:\/\/antsroute.com\/nl\/wp-json\/wp\/v2\/pages\/112930\/revisions"}],"predecessor-version":[{"id":119868,"href":"https:\/\/antsroute.com\/nl\/wp-json\/wp\/v2\/pages\/112930\/revisions\/119868"}],"up":[{"embeddable":true,"href":"https:\/\/antsroute.com\/nl\/wp-json\/wp\/v2\/pages\/112905"}],"wp:featuredmedia":[{"embeddable":true,"href":"https:\/\/antsroute.com\/nl\/wp-json\/"}],"wp:attachment":[{"href":"https:\/\/antsroute.com\/nl\/wp-json\/wp\/v2\/media?parent=112930"}],"curies":[{"name":"wp","href":"https:\/\/api.w.org\/{rel}","templated":true}]}}