{"id":48534,"date":"2022-10-21T14:03:31","date_gmt":"2022-10-21T13:03:31","guid":{"rendered":"https:\/\/antsroute.com\/?page_id=48534"},"modified":"2025-07-29T10:23:49","modified_gmt":"2025-07-29T09:23:49","slug":"salute","status":"publish","type":"page","link":"https:\/\/antsroute.com\/it\/blog\/salute\/","title":{"rendered":"Nos articoli &#8211; Salute a domicilio"},"content":{"rendered":"<div class=\"wpb-content-wrapper\">[vc_row el_class=&#8221;vc_hidden-xs Extra Small Screen vc_hidden-sm Small Screen&#8221; css=&#8221;.vc_custom_1745490213687{margin-top: 50px !important;margin-bottom: -20px !important;}&#8221;][vc_column][vc_column_text css=&#8221;&#8221;]\n<div id=\"cta-blog\" style=\"text-align: center;\"><a class=\"button-2-blog\" style=\"align-self: center;\" href=\"https:\/\/antsroute.com\/it\/blog\/\" rel=\"noopener\">Tutti<\/a> <a class=\"button-2-blog\" style=\"align-self: center;\" href=\"https:\/\/antsroute.com\/it\/blog\/consegna\/\" rel=\"noopener\">Consegna<\/a><a class=\"button-2-blog\" style=\"align-self: center;\" href=\"https:\/\/antsroute.com\/it\/blog\/servizio\/\" rel=\"noopener\">Intervento<\/a><a class=\"btn-grad-blog\" style=\"align-self: center;\" href=\"https:\/\/antsroute.com\/it\/blog\/salute\/\" rel=\"noopener\">Salute a casa<\/a><\/div>\n[\/vc_column_text][\/vc_column][\/vc_row][vc_row css=&#8221;.vc_custom_1733392045895{margin-top: 25px !important;}&#8221;][vc_column][vc_column_text]    <div id=\"post-grid-lazy-48525\" class=\"post-grid-lazy\"><img decoding=\"async\" src=\"\"\/><\/div>\r\n    <script>\r\n\r\n        jQuery('#post-grid-lazy-48525').ready(function($){\r\n            jQuery('#post-grid-lazy-48525').fadeOut();\r\n            jQuery('#post-grid-48525').fadeIn();\r\n        })\r\n    <\/script>\r\n    <style type=\"text\/css\">\r\n        #post-grid-48525{display: none;}\r\n        .post-grid-lazy{\r\n            text-align: center;\r\n        }\r\n    <\/style>\r\n        <div data-options='{\"id\":\"48525\",\"lazy_load\":\"yes\",\"masonry_enable\":\"no\",\"view_type\":\"grid\"}' id=\"post-grid-48525\" class=\"post-grid grid\">\r\n                <div class=\"grid-items\">\r\n            \r\n    <div class=\"item item-115178 skin flat even 0 \">\r\n                <div class=\"layer-wrapper layout-95242\">\r\n                <div class=\"element element_1733411044021  element-media \">\r\n        <a target=\"_self\" href=\"https:\/\/antsroute.com\/it\/salute\/infermieri-a-domicilio-pianificazione-manuale-vs-software-ottimizzazione\/\"><img decoding=\"async\" alt=\"\" src=\"https:\/\/antsroute.com\/wp-content\/uploads\/infermieri-a-domicilio-pianificazione-antsroute-2.jpg\" \/><\/a>\r\n\r\n    <\/div>\r\n        <div class=\"element element_1733411048955  post_date \">\r\n                    3 Luglio 2025            \r\n    <\/div>\r\n        <div class=\"element element_1733411053034  title \">\r\n                    <a target=\"_blank\" href=\"https:\/\/antsroute.com\/it\/salute\/infermieri-a-domicilio-pianificazione-manuale-vs-software-ottimizzazione\/\">Infermieri a domicilio: quali differenze tra una pianificazione manuale e un software di ottimizzazione dei percorsi ?<\/a>\r\n        \r\n\r\n    <\/div>\r\n        <div class=\"element element_1733411054352  excerpt \">\r\n        Scopri un esempio concreto di pianificazione del lavoro degli infermieri a domicilio con e senza strumento digitale. Meno stress, pi\u00f9                    <a target=\"_blank\" href=\"https:\/\/antsroute.com\/it\/salute\/infermieri-a-domicilio-pianificazione-manuale-vs-software-ottimizzazione\/\">...<\/a>\r\n            <\/div>\r\n                <div class=\"element element_1733411062380  read_more \">\r\n            Per saperne di pi\u00f9        <\/div>\r\n    \r\n            <\/div>\r\n    <\/div>\r\n    \r\n    <div class=\"item item-100024 skin flat odd 1 \">\r\n                <div class=\"layer-wrapper layout-95242\">\r\n                <div class=\"element element_1733411044021  element-media \">\r\n        <a target=\"_self\" href=\"https:\/\/antsroute.com\/it\/salute\/digitalizzazione-e-assistenza-domiciliare-un-binomio-vincente-per-pazienti-e-professionisti\/\"><img decoding=\"async\" alt=\"\" src=\"https:\/\/antsroute.com\/wp-content\/uploads\/Digitalizzazione-e-assistenza-domiciliare-antsroute-1.jpg\" \/><\/a>\r\n\r\n    <\/div>\r\n        <div class=\"element element_1733411048955  post_date \">\r\n                    1 Aprile 2025            \r\n    <\/div>\r\n        <div class=\"element element_1733411053034  title \">\r\n                    <a target=\"_blank\" href=\"https:\/\/antsroute.com\/it\/salute\/digitalizzazione-e-assistenza-domiciliare-un-binomio-vincente-per-pazienti-e-professionisti\/\">Digitalizzazione e assistenza domiciliare: Un binomio vincente per pazienti e professionisti<\/a>\r\n        \r\n\r\n    <\/div>\r\n        <div class=\"element element_1733411054352  excerpt \">\r\n        La rivoluzione digitale dell\u2019assistenza domiciliare \u00e8 gi\u00e0 in atto: cure pi\u00f9 tempestive, lavoro pi\u00f9 fluido, vita migliore per pazienti e                    <a target=\"_blank\" href=\"https:\/\/antsroute.com\/it\/salute\/digitalizzazione-e-assistenza-domiciliare-un-binomio-vincente-per-pazienti-e-professionisti\/\">...<\/a>\r\n            <\/div>\r\n                <div class=\"element element_1733411062380  read_more \">\r\n            Per saperne di pi\u00f9        <\/div>\r\n    \r\n            <\/div>\r\n    <\/div>\r\n            <\/div>\r\n            <div class=\"pagination\">\r\n            <div class=\"paginate\">\r\n            <\/div>\r\n    <style type=\"text\/css\">\r\n        #post-grid-48525 .pagination .page-numbers{\r\n            font-size:16px;\r\n            color:#212121;\r\n            background:#ffffff;\r\n        }\r\n        #post-grid-48525 .pagination .page-numbers:hover,\r\n        #post-grid-48525 .pagination .page-numbers.current{\r\n            background:#5d75e7;\r\n        }\r\n    <\/style>\r\n        <\/div>\r\n        <style type=\"text\/css\">\r\n        #post-grid-48525 {\r\n                    padding:10px;\r\n                                        }\r\n        #post-grid-48525 .grid-items{\r\n                    text-align: center;\r\n                }\r\n        #post-grid-48525 .item{\r\n                    margin:10px;\r\n                            padding:0px;\r\n                            background:#fff;\r\n                }\r\n        #post-grid-48525  .item .layer-media{\r\n            height:auto;        }\r\n        @media only screen and ( min-width: 0px ) and ( max-width: 767px ) {\r\n            #post-grid-48525 .item{\r\n                            width:90%;\r\n                        height:auto;            }\r\n        }\r\n        @media only screen and ( min-width: 768px ) and ( max-width: 1023px ) {\r\n            #post-grid-48525 .item{\r\n                            width:50%;\r\n                        max-height:auto;            }\r\n        }\r\n        @media only screen and (min-width: 1024px ){\r\n            #post-grid-48525 .item{\r\n                            width:30%;\r\n                        height:auto;            }\r\n        }\r\n\r\n        \r\n\r\n    <\/style>\r\n    <style type=\"text\/css\">\r\n.layout-95242 .element_1733411044021{\r\n    overflow: hidden;\r\n}\r\n@media only screen and (min-width: 1024px ){\r\n    .layout-95242 .element_1733411044021{\r\n                height: auto;\r\n        }\r\n}\r\n@media only screen and ( min-width: 768px ) and ( max-width: 1023px ) {\r\n    .layout-95242 .element_1733411044021{\r\n            height: auto;\r\n        }\r\n}\r\n@media only screen and ( min-width: 0px ) and ( max-width: 767px ){\r\n    .layout-95242 .element_1733411044021{\r\n            height: auto;\r\n        }\r\n}\r\n<\/style>\r\n    <style type=\"text\/css\">\r\n.layout-95242 .element_1733411048955{\r\n    color: #5d5f6f;\r\n    text-align: left;\r\nline-height: 1.4;\r\nfont-family: Helvetica;\r\nfont-size: 14px;\r\nfont-weight: 300;}\r\n.layout-95242 .element_1733411048955 a{\r\n    color: #5d5f6f;\r\n}\r\n<\/style>\r\n    <style type=\"text\/css\">\r\n.layout-95242 .element_1733411053034{\r\n    color: #212121;\r\n    font-size: 20px;\r\n    margin: 10px 0;\r\n    text-align: left;\r\nmargin-top: 5px;\r\nline-height: 1.3;\r\ncolor: #00041E;\r\nfont-family: Helvetica;\r\nfont-size: 22px;\r\ntext-decoration: none;\r\nfont-weight: 500;}\r\n.layout-95242 .element_1733411053034 a{\r\n    color: #212121;\r\n    font-size: 20px;\r\n}\r\n<\/style>\r\n    <style type=\"text\/css\">\r\n.layout-95242 .element_1733411054352{\r\n    font-size: 15px;\r\n    margin: 10px 0;\r\n    text-align: left;\r\nline-height: 1.4;\r\ncolor: #00041E;\r\nfont-family: Helvetica;\r\nfont-size: 18px;\r\nfont-weight: 300;}\r\n.layout-95242 .element_1733411054352 a{\r\n    font-size: 15px;\r\n}\r\n<\/style>\r\n    <style type=\"text\/css\">\r\n.layout-95242 .element_1733411062380{\r\n    color: #5d75e7 !important;;\r\n    text-align: left;\r\nline-height: 1.4;\r\ncolor: #00041E;\r\nfont-family: Helvetica;\r\nfont-size: 16px;\r\nfont-weight: 600;}\r\n.layout-95242 .element_1733411062380 a{\r\n    color: #5d75e7 !important; ;\r\n}\r\n<\/style>\r\n    \r\n                    <style type=\"text\/css\">\r\n            \/* AFFICHAGE PAGINATION GIRD *\/\r\n#post-grid-48525 .pagination .page-numbers:hover, #post-grid-48525 .pagination .page-numbers.current {\r\n    background: #5D75E7;\r\n    opacity: 100%;\r\n    border-radius: 25px;\r\n}\r\n\r\n#post-grid-48525 .pagination .page-numbers:hover, #post-grid-48525 .pagination .page-numbers.current {\r\n    color: #FFFFFF;\r\n    font-weight: 600;\r\n\tborder-radius: 25px;\r\n}        <\/style>\r\n    \r\n    \r\n\r\n        <script>\r\n                        \r\n        <\/script>\r\n\r\n        <\/div>\r\n    [\/vc_column_text][\/vc_column][\/vc_row][vc_row el_class=&#8221;padding-block&#8221; css=&#8221;.vc_custom_1733307854397{background-color: #00041F !important;}&#8221;][vc_column width=&#8221;3\/12&#8243;][\/vc_column][vc_column width=&#8221;6\/12&#8243;][vc_column_text css=&#8221;&#8221;]\n<h2 style=\"text-align: center; color: #ffffff;\">Unisciti a noi<\/h2>\n<p class=\"text-head\" style=\"text-align: center; color: #bcbdc4;\">Per seguire tutte le nostre notizie.<\/p>\n[\/vc_column_text][vc_row_inner css=&#8221;.vc_custom_1718628454400{margin-top: -35px !important;}&#8221;][vc_column_inner width=&#8221;1\/4&#8243;][vc_column_text]\n<p class=\"text-head\" style=\"float: left;\"><a href=\"https:\/\/www.linkedin.com\/company\/antsway\/\" target=\"_blank\" rel=\"noopener\"><img decoding=\"async\" class=\"alignnone wp-image-85456 size-full\" style=\"border-radius: 5px; vertical-align: middle;\" src=\"https:\/\/antsroute.com\/wp-content\/uploads\/entreprise-antsroute-linkedin.jpg\" alt=\"\" width=\"35\" height=\"35\" srcset=\"https:\/\/antsroute.com\/wp-content\/uploads\/entreprise-antsroute-linkedin.jpg 225w, https:\/\/antsroute.com\/wp-content\/uploads\/entreprise-antsroute-linkedin-150x150.jpg 150w, https:\/\/antsroute.com\/wp-content\/uploads\/entreprise-antsroute-linkedin-148x146.jpg 148w, https:\/\/antsroute.com\/wp-content\/uploads\/entreprise-antsroute-linkedin-50x50.jpg 50w, https:\/\/antsroute.com\/wp-content\/uploads\/entreprise-antsroute-linkedin-76x75.jpg 76w, https:\/\/antsroute.com\/wp-content\/uploads\/entreprise-antsroute-linkedin-85x85.jpg 85w, https:\/\/antsroute.com\/wp-content\/uploads\/entreprise-antsroute-linkedin-80x80.jpg 80w\" sizes=\"(max-width:767px) 35px, 35px\" \/><\/a> <a class=\"text-head\" style=\"text-decoration: none; text-align: left; color: #ffffff; font-weight: 500; font-size: 22px; margin-left: 3px; margin-top: 3px;\" href=\"https:\/\/www.linkedin.com\/company\/antsway\/\" target=\"_blank\" rel=\"noopener\">LinkedIn<\/a><\/p>\n[\/vc_column_text][\/vc_column_inner][vc_column_inner width=&#8221;1\/4&#8243;][vc_column_text]\n<p class=\"text-head\" style=\"float: left;\"><a href=\"https:\/\/twitter.com\/AntsRoute\" target=\"_blank\" rel=\"noopener\"><img decoding=\"async\" class=\"alignnone wp-image-85613 size-full\" style=\"border-radius: 5px; vertical-align: middle;\" src=\"https:\/\/antsroute.com\/wp-content\/uploads\/entreprise-antsroute-twitter.jpg\" alt=\"\" width=\"35\" height=\"35\" srcset=\"https:\/\/antsroute.com\/wp-content\/uploads\/entreprise-antsroute-twitter.jpg 225w, https:\/\/antsroute.com\/wp-content\/uploads\/entreprise-antsroute-twitter-150x150.jpg 150w, https:\/\/antsroute.com\/wp-content\/uploads\/entreprise-antsroute-twitter-148x146.jpg 148w, https:\/\/antsroute.com\/wp-content\/uploads\/entreprise-antsroute-twitter-50x50.jpg 50w, https:\/\/antsroute.com\/wp-content\/uploads\/entreprise-antsroute-twitter-76x75.jpg 76w, https:\/\/antsroute.com\/wp-content\/uploads\/entreprise-antsroute-twitter-85x85.jpg 85w, https:\/\/antsroute.com\/wp-content\/uploads\/entreprise-antsroute-twitter-80x80.jpg 80w\" sizes=\"(max-width:767px) 35px, 35px\" \/><\/a> <a class=\"text-head\" style=\"text-decoration: none; text-align: left; color: #ffffff; font-weight: 500; font-size: 22px; margin-left: 3px; margin-top: 3px;\" href=\"https:\/\/twitter.com\/AntsRoute\" target=\"_blank\" rel=\"noopener\">Twitter<\/a><\/p>\n[\/vc_column_text][\/vc_column_inner][vc_column_inner width=&#8221;1\/4&#8243;][vc_column_text]\n<p class=\"text-head\" style=\"float: left;\"><a href=\"https:\/\/www.facebook.com\/AntswayCom\" target=\"_blank\" rel=\"noopener\"><img decoding=\"async\" class=\"alignnone wp-image-85621 size-full\" style=\"border-radius: 5px; vertical-align: middle;\" src=\"https:\/\/antsroute.com\/wp-content\/uploads\/entreprise-antsroute-facebook.jpg\" alt=\"\" width=\"35\" height=\"35\" srcset=\"https:\/\/antsroute.com\/wp-content\/uploads\/entreprise-antsroute-facebook.jpg 225w, https:\/\/antsroute.com\/wp-content\/uploads\/entreprise-antsroute-facebook-150x150.jpg 150w, https:\/\/antsroute.com\/wp-content\/uploads\/entreprise-antsroute-facebook-148x146.jpg 148w, https:\/\/antsroute.com\/wp-content\/uploads\/entreprise-antsroute-facebook-50x50.jpg 50w, https:\/\/antsroute.com\/wp-content\/uploads\/entreprise-antsroute-facebook-76x75.jpg 76w, https:\/\/antsroute.com\/wp-content\/uploads\/entreprise-antsroute-facebook-85x85.jpg 85w, https:\/\/antsroute.com\/wp-content\/uploads\/entreprise-antsroute-facebook-80x80.jpg 80w\" sizes=\"(max-width:767px) 35px, 35px\" \/><\/a> <a class=\"text-head\" style=\"text-decoration: none; text-align: left; color: #ffffff; font-weight: 500; font-size: 22px; margin-left: 3px; margin-top: 3px;\" href=\"https:\/\/www.facebook.com\/AntswayCom\" target=\"_blank\" rel=\"noopener\">Facebook<\/a><\/p>\n[\/vc_column_text][\/vc_column_inner][vc_column_inner width=&#8221;1\/4&#8243;][vc_column_text]\n<p class=\"text-head\" style=\"float: left;\"><a href=\"https:\/\/www.youtube.com\/@Antsroute\" target=\"_blank\" rel=\"noopener\"><img decoding=\"async\" class=\"alignnone wp-image-85626 size-full\" style=\"border-radius: 5px; vertical-align: middle;\" src=\"https:\/\/antsroute.com\/wp-content\/uploads\/entreprise-antsroute-youtube.jpg\" alt=\"\" width=\"35\" height=\"35\" srcset=\"https:\/\/antsroute.com\/wp-content\/uploads\/entreprise-antsroute-youtube.jpg 225w, https:\/\/antsroute.com\/wp-content\/uploads\/entreprise-antsroute-youtube-150x150.jpg 150w, https:\/\/antsroute.com\/wp-content\/uploads\/entreprise-antsroute-youtube-148x146.jpg 148w, https:\/\/antsroute.com\/wp-content\/uploads\/entreprise-antsroute-youtube-50x50.jpg 50w, https:\/\/antsroute.com\/wp-content\/uploads\/entreprise-antsroute-youtube-76x75.jpg 76w, https:\/\/antsroute.com\/wp-content\/uploads\/entreprise-antsroute-youtube-85x85.jpg 85w, https:\/\/antsroute.com\/wp-content\/uploads\/entreprise-antsroute-youtube-80x80.jpg 80w\" sizes=\"(max-width:767px) 35px, 35px\" \/><\/a> <a class=\"text-head\" style=\"text-decoration: none; text-align: left; color: #ffffff; font-weight: 500; font-size: 22px;\" href=\"https:\/\/www.youtube.com\/@Antsroute\" target=\"_blank\" rel=\"noopener\">YouTube<\/a><\/p>\n[\/vc_column_text][\/vc_column_inner][\/vc_row_inner][\/vc_column][vc_column width=&#8221;3\/12&#8243;][\/vc_column][\/vc_row]\n<\/div>","protected":false},"excerpt":{"rendered":"<p>[vc_row el_class=&#8221;vc_hidden-xs Extra Small Screen vc_hidden-sm Small Screen&#8221; css=&#8221;.vc_custom_1745490213687{margin-top: 50px !important;margin-bottom: -20px !important;}&#8221;][vc_column][vc_column_text css=&#8221;&#8221;] Tutti ConsegnaInterventoSalute a casa [\/vc_column_text][\/vc_column][\/vc_row][vc_row css=&#8221;.vc_custom_1733392045895{margin-top: 25px !important;}&#8221;][vc_column][vc_column_text][\/vc_column_text][\/vc_column][\/vc_row][vc_row el_class=&#8221;padding-block&#8221; css=&#8221;.vc_custom_1733307854397{background-color: #00041F !important;}&#8221;][vc_column<span class=\"excerpt-hellip\"> [\u2026]<\/span><\/p>\n","protected":false},"author":3,"featured_media":-1,"parent":48527,"menu_order":0,"comment_status":"closed","ping_status":"closed","template":"","meta":{"footnotes":""},"class_list":["post-48534","page","type-page","status-publish","has-post-thumbnail","hentry"],"yoast_head":"<!-- This site is optimized with the Yoast SEO plugin v19.0 - https:\/\/yoast.com\/wordpress\/plugins\/seo\/ -->\n<title>Blog - Salute a domicilio - AntsRoute<\/title>\n<meta name=\"description\" content=\"Scoprite i nostri articoli per aiutarvi a semplificare l&#039;organizzazione della vostra attivit\u00e0 di salute a domicilio.\" \/>\n<meta name=\"robots\" content=\"index, follow, max-snippet:-1, max-image-preview:large, max-video-preview:-1\" \/>\n<link rel=\"canonical\" href=\"https:\/\/antsroute.com\/it\/blog\/salute\/\" \/>\n<meta name=\"twitter:card\" content=\"summary\" \/>\n<meta name=\"twitter:title\" content=\"Blog - Salute a domicilio - AntsRoute\" \/>\n<meta name=\"twitter:description\" content=\"Scoprite i nostri articoli per aiutarvi a semplificare l&#039;organizzazione della vostra attivit\u00e0 di salute a domicilio.\" \/>\n<meta name=\"twitter:site\" content=\"@AntswayCom\" \/>\n<meta name=\"twitter:label1\" content=\"Tempo di lettura stimato\" \/>\n\t<meta name=\"twitter:data1\" content=\"1 minuto\" \/>\n<!-- \/ Yoast SEO plugin. -->","yoast_head_json":{"title":"Blog - Salute a domicilio - AntsRoute","description":"Scoprite i nostri articoli per aiutarvi a semplificare l'organizzazione della vostra attivit\u00e0 di salute a domicilio.","robots":{"index":"index","follow":"follow","max-snippet":"max-snippet:-1","max-image-preview":"max-image-preview:large","max-video-preview":"max-video-preview:-1"},"canonical":"https:\/\/antsroute.com\/it\/blog\/salute\/","twitter_card":"summary","twitter_title":"Blog - Salute a domicilio - AntsRoute","twitter_description":"Scoprite i nostri articoli per aiutarvi a semplificare l'organizzazione della vostra attivit\u00e0 di salute a domicilio.","twitter_site":"@AntswayCom","twitter_misc":{"Tempo di lettura stimato":"1 minuto"},"schema":{"@context":"https:\/\/schema.org","@graph":[{"@type":"WebSite","@id":"https:\/\/antsroute.com\/#website","url":"https:\/\/antsroute.com\/","name":"AntsRoute","description":"ANTSROUTE - Logiciel d&#039;optimisation de tourn\u00e9es | Planifier &amp; Suivre | Route Optimization Software | Plan &amp; Track","potentialAction":[{"@type":"SearchAction","target":{"@type":"EntryPoint","urlTemplate":"https:\/\/antsroute.com\/?s={search_term_string}"},"query-input":"required name=search_term_string"}],"inLanguage":"it-IT"},{"@type":"ImageObject","inLanguage":"it-IT","@id":"https:\/\/antsroute.com\/it\/blog\/salute\/#primaryimage","url":"","contentUrl":""},{"@type":"WebPage","@id":"https:\/\/antsroute.com\/it\/blog\/salute\/#webpage","url":"https:\/\/antsroute.com\/it\/blog\/salute\/","name":"Blog - Salute a domicilio - AntsRoute","isPartOf":{"@id":"https:\/\/antsroute.com\/#website"},"primaryImageOfPage":{"@id":"https:\/\/antsroute.com\/it\/blog\/salute\/#primaryimage"},"datePublished":"2022-10-21T13:03:31+00:00","dateModified":"2025-07-29T09:23:49+00:00","description":"Scoprite i nostri articoli per aiutarvi a semplificare l'organizzazione della vostra attivit\u00e0 di salute a domicilio.","breadcrumb":{"@id":"https:\/\/antsroute.com\/it\/blog\/salute\/#breadcrumb"},"inLanguage":"it-IT","potentialAction":[{"@type":"ReadAction","target":["https:\/\/antsroute.com\/it\/blog\/salute\/"]}]},{"@type":"BreadcrumbList","@id":"https:\/\/antsroute.com\/it\/blog\/salute\/#breadcrumb","itemListElement":[{"@type":"ListItem","position":1,"name":"AntsRoute","item":"https:\/\/antsroute.com\/it\/"},{"@type":"ListItem","position":2,"name":"Blog","item":"https:\/\/antsroute.com\/it\/blog\/"},{"@type":"ListItem","position":3,"name":"Nos articoli &#8211; Salute a domicilio"}]}]}},"_links":{"self":[{"href":"https:\/\/antsroute.com\/it\/wp-json\/wp\/v2\/pages\/48534","targetHints":{"allow":["GET"]}}],"collection":[{"href":"https:\/\/antsroute.com\/it\/wp-json\/wp\/v2\/pages"}],"about":[{"href":"https:\/\/antsroute.com\/it\/wp-json\/wp\/v2\/types\/page"}],"author":[{"embeddable":true,"href":"https:\/\/antsroute.com\/it\/wp-json\/wp\/v2\/users\/3"}],"replies":[{"embeddable":true,"href":"https:\/\/antsroute.com\/it\/wp-json\/wp\/v2\/comments?post=48534"}],"version-history":[{"count":2,"href":"https:\/\/antsroute.com\/it\/wp-json\/wp\/v2\/pages\/48534\/revisions"}],"predecessor-version":[{"id":115656,"href":"https:\/\/antsroute.com\/it\/wp-json\/wp\/v2\/pages\/48534\/revisions\/115656"}],"up":[{"embeddable":true,"href":"https:\/\/antsroute.com\/it\/wp-json\/wp\/v2\/pages\/48527"}],"wp:featuredmedia":[{"embeddable":true,"href":"https:\/\/antsroute.com\/it\/wp-json\/"}],"wp:attachment":[{"href":"https:\/\/antsroute.com\/it\/wp-json\/wp\/v2\/media?parent=48534"}],"curies":[{"name":"wp","href":"https:\/\/api.w.org\/{rel}","templated":true}]}}