{"id":46942,"date":"2022-10-05T15:59:03","date_gmt":"2022-10-05T14:59:03","guid":{"rendered":"https:\/\/antsroute.com\/?page_id=46942"},"modified":"2026-03-05T08:47:27","modified_gmt":"2026-03-05T07:47:27","slug":"contatto","status":"publish","type":"page","link":"https:\/\/antsroute.com\/it\/contatto\/","title":{"rendered":"Hai domande da porci?"},"content":{"rendered":"<div class=\"wpb-content-wrapper\">[vc_row css=&#8221;.vc_custom_1718713004818{margin-right: -7.5px !important;background-color: #e8edff !important;}&#8221; el_class=&#8221;vc_row-2&#8243;][vc_column width=&#8221;1\/12&#8243;][\/vc_column][vc_column width=&#8221;5\/12&#8243;][vc_column_text css=&#8221;&#8221;]\n<h1>Hai domande da porci?<\/h1>\n<p class=\"text-head\">Il nostro team \u00e8 a tua disposizione per rispondere a tutte le tue domande e presentarti AntsRoute. Inviaci i tuoi dati, ti contatteremo entro un\u2019ora dal luned\u00ec al venerd\u00ec tra le 9:00 e le 17:00 o appena possibile al di fuori degli orari di apertura.<\/p>\n<p class=\"text-head\"><strong>Hai una domanda urgente?<\/strong> Chiamaci al +33 7 82 95 83 08.<\/p>\n<p><img decoding=\"async\" class=\"wp-image-85791 alignleft\" src=\"https:\/\/antsroute.com\/wp-content\/uploads\/contact-antsroute-5.jpg\" alt=\"\" width=\"173\" height=\"80\" srcset=\"https:\/\/antsroute.com\/wp-content\/uploads\/contact-antsroute-5.jpg 901w, https:\/\/antsroute.com\/wp-content\/uploads\/contact-antsroute-5-300x139.jpg 300w, https:\/\/antsroute.com\/wp-content\/uploads\/contact-antsroute-5-768x355.jpg 768w, https:\/\/antsroute.com\/wp-content\/uploads\/contact-antsroute-5-260x120.jpg 260w, https:\/\/antsroute.com\/wp-content\/uploads\/contact-antsroute-5-50x23.jpg 50w, https:\/\/antsroute.com\/wp-content\/uploads\/contact-antsroute-5-150x69.jpg 150w\" sizes=\"(max-width:767px) 173px, 173px\" \/>[\/vc_column_text][\/vc_column][vc_column width=&#8221;5\/12&#8243;][vc_column_text]\n<div class=\"pipedriveWebForms\" data-pd-webforms=\"https:\/\/webforms.pipedrive.com\/f\/6xXU8O5mavExgFXHUKrrxmBzrJL9aAFsAX6CFGB4K2ZTr4fMdUnvOzY6autvuQnmp5\"><script src=\"https:\/\/webforms.pipedrive.com\/f\/loader\"><\/script><\/div>\n[\/vc_column_text][\/vc_column][vc_column width=&#8221;1\/12&#8243;][\/vc_column][\/vc_row][vc_row css=&#8221;.vc_custom_1718624898978{background-color: #ffffff !important;}&#8221; el_class=&#8221;padding-block&#8221;][vc_column width=&#8221;1\/12&#8243;][\/vc_column][vc_column width=&#8221;10\/12&#8243;][vc_row_inner][vc_column_inner][vc_column_text]\n<h2 class=\"title-h2\" style=\"text-align: center;\">Di che cosa hai bisogno?<\/h2>\n[\/vc_column_text][\/vc_column_inner][\/vc_row_inner][vc_row_inner el_class=&#8221;industrie-align&#8221;][vc_column_inner el_class=&#8221;industrie industrie-text&#8221; width=&#8221;1\/3&#8243;][vc_column_text]<img decoding=\"async\" class=\"alignnone size-full wp-image-85768\" style=\"border-radius: 5px;\" src=\"https:\/\/antsroute.com\/wp-content\/uploads\/contact-antsroute-2.jpg\" alt=\"\" width=\"50\" height=\"50\" srcset=\"https:\/\/antsroute.com\/wp-content\/uploads\/contact-antsroute-2.jpg 225w, https:\/\/antsroute.com\/wp-content\/uploads\/contact-antsroute-2-150x150.jpg 150w, https:\/\/antsroute.com\/wp-content\/uploads\/contact-antsroute-2-148x146.jpg 148w, https:\/\/antsroute.com\/wp-content\/uploads\/contact-antsroute-2-50x50.jpg 50w, https:\/\/antsroute.com\/wp-content\/uploads\/contact-antsroute-2-76x75.jpg 76w, https:\/\/antsroute.com\/wp-content\/uploads\/contact-antsroute-2-85x85.jpg 85w, https:\/\/antsroute.com\/wp-content\/uploads\/contact-antsroute-2-80x80.jpg 80w\" sizes=\"(max-width:767px) 50px, 50px\" \/><\/p>\n<h3 style=\"color: inherit;\">Centro di assistenza<\/h3>\n<p class=\"text-head\" style=\"color: inherit;\">Il nostro centro di assistenza raggruppa gli articoli che rispondono alle domande pi\u00f9 frequenti.<\/p>\n<p class=\"text-head\" style=\"text-align: left;\"><strong><a style=\"text-decoration: none; color: #7e87eb;\" href=\"https:\/\/support.antsroute.com\/hc\/en-gb\" target=\"_blank\" rel=\"noopener\">Scoprire \u279c<\/a><\/strong><\/p>\n[\/vc_column_text][\/vc_column_inner][vc_column_inner el_class=&#8221;industrie&#8221; width=&#8221;1\/3&#8243;][vc_column_text]<img decoding=\"async\" class=\"alignnone size-full wp-image-85773\" style=\"border-radius: 5px;\" src=\"https:\/\/antsroute.com\/wp-content\/uploads\/contact-antsroute-1.jpg\" alt=\"\" width=\"50\" height=\"50\" srcset=\"https:\/\/antsroute.com\/wp-content\/uploads\/contact-antsroute-1.jpg 225w, https:\/\/antsroute.com\/wp-content\/uploads\/contact-antsroute-1-150x150.jpg 150w, https:\/\/antsroute.com\/wp-content\/uploads\/contact-antsroute-1-148x146.jpg 148w, https:\/\/antsroute.com\/wp-content\/uploads\/contact-antsroute-1-50x50.jpg 50w, https:\/\/antsroute.com\/wp-content\/uploads\/contact-antsroute-1-76x75.jpg 76w, https:\/\/antsroute.com\/wp-content\/uploads\/contact-antsroute-1-85x85.jpg 85w, https:\/\/antsroute.com\/wp-content\/uploads\/contact-antsroute-1-80x80.jpg 80w\" sizes=\"(max-width:767px) 50px, 50px\" \/><\/p>\n<h3 style=\"color: inherit;\">Implementazione<\/h3>\n<p class=\"text-head\" style=\"color: inherit;\">Hai bisogno di aiuto per implementare la soluzione AntsRoute? Il nostro team di assistenza ti accompagna.<\/p>\n<p class=\"text-head\" style=\"text-align: left;\"><strong><a style=\"text-decoration: none; color: #7e87eb;\" href=\"https:\/\/antsroute.pipedrive.com\/scheduler\/2rEleQtJ\/demo-antsroute\" target=\"_blank\" rel=\"noopener\">Fissare un appuntamento \u279c<\/a><\/strong><\/p>\n[\/vc_column_text][\/vc_column_inner][vc_column_inner el_class=&#8221;industrie&#8221; width=&#8221;1\/3&#8243;][vc_column_text]<img decoding=\"async\" class=\"alignnone size-full wp-image-85778\" style=\"border-radius: 5px;\" src=\"https:\/\/antsroute.com\/wp-content\/uploads\/contact-antsroute-3.jpg\" alt=\"\" width=\"50\" height=\"50\" srcset=\"https:\/\/antsroute.com\/wp-content\/uploads\/contact-antsroute-3.jpg 225w, https:\/\/antsroute.com\/wp-content\/uploads\/contact-antsroute-3-150x150.jpg 150w, https:\/\/antsroute.com\/wp-content\/uploads\/contact-antsroute-3-148x146.jpg 148w, https:\/\/antsroute.com\/wp-content\/uploads\/contact-antsroute-3-50x50.jpg 50w, https:\/\/antsroute.com\/wp-content\/uploads\/contact-antsroute-3-76x75.jpg 76w, https:\/\/antsroute.com\/wp-content\/uploads\/contact-antsroute-3-85x85.jpg 85w, https:\/\/antsroute.com\/wp-content\/uploads\/contact-antsroute-3-80x80.jpg 80w\" sizes=\"(max-width:767px) 50px, 50px\" \/><\/p>\n<h3 style=\"color: inherit;\">Altre domande<\/h3>\n<p class=\"text-head\" style=\"color: inherit;\">Desideri parlare di un altro argomento? Domande generiche o proposte di partnership?<\/p>\n<p class=\"text-head\" style=\"text-align: left;\"><strong><a style=\"text-decoration: none; color: #7e87eb;\" href=\"mailto:lea.brice@antsroute.com\" target=\"_blank\" rel=\"noopener\">Inviare una e-mail \u279c<\/a><\/strong><\/p>\n[\/vc_column_text][\/vc_column_inner][\/vc_row_inner][\/vc_column][vc_column width=&#8221;1\/12&#8243;][\/vc_column][\/vc_row][vc_row css=&#8221;.vc_custom_1718714439634{background-color: #e8edff !important;}&#8221; el_class=&#8221;padding-block&#8221;][vc_column width=&#8221;1\/12&#8243;][\/vc_column][vc_column width=&#8221;10\/12&#8243;][vc_row_inner el_class=&#8221;vc_row-2&#8243;][vc_column_inner width=&#8221;5\/12&#8243;][vc_column_text css=&#8221;&#8221;]\n<h2 class=\"title-h2\">I nostri uffici<\/h2>\n<p class=\"text-head\">5 Rue Saint-Georges<br \/>\n54000 Nancy<br \/>\nFrancia<\/p>\n<p class=\"text-head\">Numero di telefono: +33 7 82 95 83 08<br \/>\nE-mail: <strong><a style=\"text-decoration: none; color: #7e87eb;\" href=\"mailto:contact@antsroute.com\" target=\"_blank\" rel=\"noopener\">contact@antsroute.com<\/a><\/strong><\/p>\n[\/vc_column_text][\/vc_column_inner][vc_column_inner width=&#8221;1\/12&#8243;][\/vc_column_inner][vc_column_inner width=&#8221;5\/12&#8243;][vc_column_text]<img decoding=\"async\" class=\"aligncenter wp-image-40298 size-full\" style=\"border-radius: 10px;\" src=\"https:\/\/antsroute.com\/wp-content\/uploads\/contact-antsroute-08.jpg\" alt=\"\" width=\"850\" height=\"635\" srcset=\"https:\/\/antsroute.com\/wp-content\/uploads\/contact-antsroute-08.jpg 850w, https:\/\/antsroute.com\/wp-content\/uploads\/contact-antsroute-08-300x224.jpg 300w, https:\/\/antsroute.com\/wp-content\/uploads\/contact-antsroute-08-768x574.jpg 768w, https:\/\/antsroute.com\/wp-content\/uploads\/contact-antsroute-08-195x146.jpg 195w, https:\/\/antsroute.com\/wp-content\/uploads\/contact-antsroute-08-50x37.jpg 50w, https:\/\/antsroute.com\/wp-content\/uploads\/contact-antsroute-08-100x75.jpg 100w\" sizes=\"(max-width:767px) 700px, (max-width:850px) 100vw, 850px\" \/>[\/vc_column_text][\/vc_column_inner][vc_column_inner width=&#8221;1\/12&#8243;][\/vc_column_inner][\/vc_row_inner][\/vc_column][vc_column width=&#8221;1\/12&#8243;][\/vc_column][\/vc_row][vc_row css=&#8221;.vc_custom_1718628430387{background-color: #00041f !important;}&#8221; el_class=&#8221;padding-block&#8221;][vc_column width=&#8221;3\/12&#8243;][\/vc_column][vc_column width=&#8221;6\/12&#8243;][vc_column_text]\n<h2 style=\"text-align: center; color: #ffffff;\">Unisciti a noi<\/h2>\n<p class=\"text-head\" style=\"text-align: center; color: #bcbdc4;\">Per seguire tutte le nostre notizie.<\/p>\n[\/vc_column_text][vc_row_inner css=&#8221;.vc_custom_1718628454400{margin-top: -35px !important;}&#8221;][vc_column_inner width=&#8221;1\/4&#8243;][vc_column_text]\n<p class=\"text-head\" style=\"float: left;\"><a href=\"https:\/\/www.linkedin.com\/company\/antsway\/\" target=\"_blank\" rel=\"noopener\"><img decoding=\"async\" class=\"alignnone wp-image-85456 size-full\" style=\"border-radius: 5px; vertical-align: middle;\" src=\"https:\/\/antsroute.com\/wp-content\/uploads\/entreprise-antsroute-linkedin.jpg\" alt=\"\" width=\"35\" height=\"35\" srcset=\"https:\/\/antsroute.com\/wp-content\/uploads\/entreprise-antsroute-linkedin.jpg 225w, https:\/\/antsroute.com\/wp-content\/uploads\/entreprise-antsroute-linkedin-150x150.jpg 150w, https:\/\/antsroute.com\/wp-content\/uploads\/entreprise-antsroute-linkedin-148x146.jpg 148w, https:\/\/antsroute.com\/wp-content\/uploads\/entreprise-antsroute-linkedin-50x50.jpg 50w, https:\/\/antsroute.com\/wp-content\/uploads\/entreprise-antsroute-linkedin-76x75.jpg 76w, https:\/\/antsroute.com\/wp-content\/uploads\/entreprise-antsroute-linkedin-85x85.jpg 85w, https:\/\/antsroute.com\/wp-content\/uploads\/entreprise-antsroute-linkedin-80x80.jpg 80w\" sizes=\"(max-width:767px) 35px, 35px\" \/><\/a> <a class=\"text-head\" style=\"text-decoration: none; text-align: left; color: #ffffff; font-weight: 500; font-size: 22px; margin-left: 3px; margin-top: 3px;\" href=\"https:\/\/www.linkedin.com\/company\/antsway\/\" target=\"_blank\" rel=\"noopener\">LinkedIn<\/a><\/p>\n[\/vc_column_text][\/vc_column_inner][vc_column_inner width=&#8221;1\/4&#8243;][vc_column_text]\n<p class=\"text-head\" style=\"float: left;\"><a href=\"https:\/\/twitter.com\/AntsRoute\" target=\"_blank\" rel=\"noopener\"><img decoding=\"async\" class=\"alignnone wp-image-85613 size-full\" style=\"border-radius: 5px; vertical-align: middle;\" src=\"https:\/\/antsroute.com\/wp-content\/uploads\/entreprise-antsroute-twitter.jpg\" alt=\"\" width=\"35\" height=\"35\" srcset=\"https:\/\/antsroute.com\/wp-content\/uploads\/entreprise-antsroute-twitter.jpg 225w, https:\/\/antsroute.com\/wp-content\/uploads\/entreprise-antsroute-twitter-150x150.jpg 150w, https:\/\/antsroute.com\/wp-content\/uploads\/entreprise-antsroute-twitter-148x146.jpg 148w, https:\/\/antsroute.com\/wp-content\/uploads\/entreprise-antsroute-twitter-50x50.jpg 50w, https:\/\/antsroute.com\/wp-content\/uploads\/entreprise-antsroute-twitter-76x75.jpg 76w, https:\/\/antsroute.com\/wp-content\/uploads\/entreprise-antsroute-twitter-85x85.jpg 85w, https:\/\/antsroute.com\/wp-content\/uploads\/entreprise-antsroute-twitter-80x80.jpg 80w\" sizes=\"(max-width:767px) 35px, 35px\" \/><\/a> <a class=\"text-head\" style=\"text-decoration: none; text-align: left; color: #ffffff; font-weight: 500; font-size: 22px; margin-left: 3px; margin-top: 3px;\" href=\"https:\/\/twitter.com\/AntsRoute\" target=\"_blank\" rel=\"noopener\">Twitter<\/a><\/p>\n[\/vc_column_text][\/vc_column_inner][vc_column_inner width=&#8221;1\/4&#8243;][vc_column_text]\n<p class=\"text-head\" style=\"float: left;\"><a href=\"https:\/\/www.facebook.com\/AntswayCom\" target=\"_blank\" rel=\"noopener\"><img decoding=\"async\" class=\"alignnone wp-image-85621 size-full\" style=\"border-radius: 5px; vertical-align: middle;\" src=\"https:\/\/antsroute.com\/wp-content\/uploads\/entreprise-antsroute-facebook.jpg\" alt=\"\" width=\"35\" height=\"35\" srcset=\"https:\/\/antsroute.com\/wp-content\/uploads\/entreprise-antsroute-facebook.jpg 225w, https:\/\/antsroute.com\/wp-content\/uploads\/entreprise-antsroute-facebook-150x150.jpg 150w, https:\/\/antsroute.com\/wp-content\/uploads\/entreprise-antsroute-facebook-148x146.jpg 148w, https:\/\/antsroute.com\/wp-content\/uploads\/entreprise-antsroute-facebook-50x50.jpg 50w, https:\/\/antsroute.com\/wp-content\/uploads\/entreprise-antsroute-facebook-76x75.jpg 76w, https:\/\/antsroute.com\/wp-content\/uploads\/entreprise-antsroute-facebook-85x85.jpg 85w, https:\/\/antsroute.com\/wp-content\/uploads\/entreprise-antsroute-facebook-80x80.jpg 80w\" sizes=\"(max-width:767px) 35px, 35px\" \/><\/a> <a class=\"text-head\" style=\"text-decoration: none; text-align: left; color: #ffffff; font-weight: 500; font-size: 22px; margin-left: 3px; margin-top: 3px;\" href=\"https:\/\/www.facebook.com\/AntswayCom\" target=\"_blank\" rel=\"noopener\">Facebook<\/a><\/p>\n[\/vc_column_text][\/vc_column_inner][vc_column_inner width=&#8221;1\/4&#8243;][vc_column_text]\n<p class=\"text-head\" style=\"float: left;\"><a href=\"https:\/\/www.youtube.com\/@Antsroute\" target=\"_blank\" rel=\"noopener\"><img decoding=\"async\" class=\"alignnone wp-image-85626 size-full\" style=\"border-radius: 5px; vertical-align: middle;\" src=\"https:\/\/antsroute.com\/wp-content\/uploads\/entreprise-antsroute-youtube.jpg\" alt=\"\" width=\"35\" height=\"35\" srcset=\"https:\/\/antsroute.com\/wp-content\/uploads\/entreprise-antsroute-youtube.jpg 225w, https:\/\/antsroute.com\/wp-content\/uploads\/entreprise-antsroute-youtube-150x150.jpg 150w, https:\/\/antsroute.com\/wp-content\/uploads\/entreprise-antsroute-youtube-148x146.jpg 148w, https:\/\/antsroute.com\/wp-content\/uploads\/entreprise-antsroute-youtube-50x50.jpg 50w, https:\/\/antsroute.com\/wp-content\/uploads\/entreprise-antsroute-youtube-76x75.jpg 76w, https:\/\/antsroute.com\/wp-content\/uploads\/entreprise-antsroute-youtube-85x85.jpg 85w, https:\/\/antsroute.com\/wp-content\/uploads\/entreprise-antsroute-youtube-80x80.jpg 80w\" sizes=\"(max-width:767px) 35px, 35px\" \/><\/a> <a class=\"text-head\" style=\"text-decoration: none; text-align: left; color: #ffffff; font-weight: 500; font-size: 22px;\" href=\"https:\/\/www.youtube.com\/@Antsroute\" target=\"_blank\" rel=\"noopener\">YouTube<\/a><\/p>\n[\/vc_column_text][\/vc_column_inner][\/vc_row_inner][\/vc_column][vc_column width=&#8221;3\/12&#8243;][\/vc_column][\/vc_row]\n<\/div>","protected":false},"excerpt":{"rendered":"<p>[vc_row css=&#8221;.vc_custom_1718713004818{margin-right: -7.5px !important;background-color: #e8edff !important;}&#8221; el_class=&#8221;vc_row-2&#8243;][vc_column width=&#8221;1\/12&#8243;][\/vc_column][vc_column width=&#8221;5\/12&#8243;][vc_column_text css=&#8221;&#8221;] Hai domande da porci? Il nostro team \u00e8 a tua disposizione per rispondere a tutte le<span class=\"excerpt-hellip\"> [\u2026]<\/span><\/p>\n","protected":false},"author":3,"featured_media":-1,"parent":0,"menu_order":0,"comment_status":"closed","ping_status":"closed","template":"","meta":{"footnotes":""},"class_list":["post-46942","page","type-page","status-publish","has-post-thumbnail","hentry"],"yoast_head":"<!-- This site is optimized with the Yoast SEO plugin v19.0 - https:\/\/yoast.com\/wordpress\/plugins\/seo\/ -->\n<title>Contatto - AntsRoute<\/title>\n<meta name=\"description\" content=\"Il nostro team \u00e8 disponibile per rispondere a tutte le tue domande e presentarti AntsRoute dal luned\u00ec al venerd\u00ec dalle 9:00 alle 17:00.\" \/>\n<meta name=\"robots\" content=\"index, follow, max-snippet:-1, max-image-preview:large, max-video-preview:-1\" \/>\n<link rel=\"canonical\" href=\"https:\/\/antsroute.com\/it\/contatto\/\" \/>\n<meta name=\"twitter:card\" content=\"summary\" \/>\n<meta name=\"twitter:title\" content=\"Contatto - AntsRoute\" \/>\n<meta name=\"twitter:description\" content=\"Il nostro team \u00e8 disponibile per rispondere a tutte le tue domande e presentarti AntsRoute dal luned\u00ec al venerd\u00ec dalle 9:00 alle 17:00.\" \/>\n<meta name=\"twitter:site\" content=\"@AntswayCom\" \/>\n<meta name=\"twitter:label1\" content=\"Tempo di lettura stimato\" \/>\n\t<meta name=\"twitter:data1\" content=\"3 minuti\" \/>\n<!-- \/ Yoast SEO plugin. -->","yoast_head_json":{"title":"Contatto - AntsRoute","description":"Il nostro team \u00e8 disponibile per rispondere a tutte le tue domande e presentarti AntsRoute dal luned\u00ec al venerd\u00ec dalle 9:00 alle 17:00.","robots":{"index":"index","follow":"follow","max-snippet":"max-snippet:-1","max-image-preview":"max-image-preview:large","max-video-preview":"max-video-preview:-1"},"canonical":"https:\/\/antsroute.com\/it\/contatto\/","twitter_card":"summary","twitter_title":"Contatto - AntsRoute","twitter_description":"Il nostro team \u00e8 disponibile per rispondere a tutte le tue domande e presentarti AntsRoute dal luned\u00ec al venerd\u00ec dalle 9:00 alle 17:00.","twitter_site":"@AntswayCom","twitter_misc":{"Tempo di lettura stimato":"3 minuti"},"schema":{"@context":"https:\/\/schema.org","@graph":[{"@type":"WebSite","@id":"https:\/\/antsroute.com\/en\/#website","url":"https:\/\/antsroute.com\/en\/","name":"AntsRoute","description":"ANTSROUTE - Logiciel d&#039;optimisation de tourn\u00e9es | Planifier &amp; Suivre | Route Optimization Software | Plan &amp; Track","potentialAction":[{"@type":"SearchAction","target":{"@type":"EntryPoint","urlTemplate":"https:\/\/antsroute.com\/en\/?s={search_term_string}"},"query-input":"required name=search_term_string"}],"inLanguage":"it-IT"},{"@type":"ImageObject","inLanguage":"it-IT","@id":"https:\/\/antsroute.com\/it\/contatto\/#primaryimage","url":"","contentUrl":""},{"@type":"WebPage","@id":"https:\/\/antsroute.com\/it\/contatto\/#webpage","url":"https:\/\/antsroute.com\/it\/contatto\/","name":"Contatto - AntsRoute","isPartOf":{"@id":"https:\/\/antsroute.com\/en\/#website"},"primaryImageOfPage":{"@id":"https:\/\/antsroute.com\/it\/contatto\/#primaryimage"},"datePublished":"2022-10-05T14:59:03+00:00","dateModified":"2026-03-05T07:47:27+00:00","description":"Il nostro team \u00e8 disponibile per rispondere a tutte le tue domande e presentarti AntsRoute dal luned\u00ec al venerd\u00ec dalle 9:00 alle 17:00.","breadcrumb":{"@id":"https:\/\/antsroute.com\/it\/contatto\/#breadcrumb"},"inLanguage":"it-IT","potentialAction":[{"@type":"ReadAction","target":["https:\/\/antsroute.com\/it\/contatto\/"]}]},{"@type":"BreadcrumbList","@id":"https:\/\/antsroute.com\/it\/contatto\/#breadcrumb","itemListElement":[{"@type":"ListItem","position":1,"name":"AntsRoute","item":"https:\/\/antsroute.com\/it\/"},{"@type":"ListItem","position":2,"name":"Hai domande da porci?"}]}]}},"_links":{"self":[{"href":"https:\/\/antsroute.com\/it\/wp-json\/wp\/v2\/pages\/46942","targetHints":{"allow":["GET"]}}],"collection":[{"href":"https:\/\/antsroute.com\/it\/wp-json\/wp\/v2\/pages"}],"about":[{"href":"https:\/\/antsroute.com\/it\/wp-json\/wp\/v2\/types\/page"}],"author":[{"embeddable":true,"href":"https:\/\/antsroute.com\/it\/wp-json\/wp\/v2\/users\/3"}],"replies":[{"embeddable":true,"href":"https:\/\/antsroute.com\/it\/wp-json\/wp\/v2\/comments?post=46942"}],"version-history":[{"count":0,"href":"https:\/\/antsroute.com\/it\/wp-json\/wp\/v2\/pages\/46942\/revisions"}],"wp:featuredmedia":[{"embeddable":true,"href":"https:\/\/antsroute.com\/it\/wp-json\/"}],"wp:attachment":[{"href":"https:\/\/antsroute.com\/it\/wp-json\/wp\/v2\/media?parent=46942"}],"curies":[{"name":"wp","href":"https:\/\/api.w.org\/{rel}","templated":true}]}}