{"id":85181,"date":"2024-06-12T13:22:28","date_gmt":"2024-06-12T12:22:28","guid":{"rendered":"https:\/\/antsroute.com\/?page_id=85181"},"modified":"2024-06-12T13:26:51","modified_gmt":"2024-06-12T12:26:51","slug":"aviso-legal","status":"publish","type":"page","link":"https:\/\/antsroute.com\/es\/aviso-legal\/","title":{"rendered":"Aviso legal"},"content":{"rendered":"<div class=\"wpb-content-wrapper\">[vc_row][vc_column width=\u00bb2\/12&#8243;][\/vc_column][vc_column width=\u00bb8\/12&#8243; css=\u00bb.vc_custom_1718183851141{margin-right: 25px !important;margin-left: 25px !important;}\u00bb][vc_column_text]\n<h1 style=\"color: #00041f; text-align: left;\">Aviso legal<\/h1>\n<p class=\"text-head\" style=\"color: #424762;\"><em>Actualizado el 12\/06\/2024<\/em><\/p>\n<p>&nbsp;<\/p>\n<p class=\"text-head\"><strong>Editor del sitio web:<\/strong><br \/>\n<span style=\"color: #424762;\">Nombre legal: ANTSWAY<br \/>\nForma jur\u00eddica: Sociedad An\u00f3nima con Consejo de Administraci\u00f3n<br \/>\nRCS: Nancy B 812 263 408<br \/>\nN\u00famero SIRET: 81226340800039<br \/>\nN\u00famero de IVA: FR80812263408<br \/>\nCapital social: 120 666,60\u20ac<br \/>\nProducto comercializado: AntsRoute\u00ae<\/span><\/p>\n<p>\u200c<\/p>\n<p class=\"text-head\"><strong>Datos de contacto:<\/strong><br \/>\n<span style=\"color: #424762;\">Direcci\u00f3n: 5 rue Saint-Georges, 54000 Nancy, Francia<br \/>\nCorreo electr\u00f3nico: <a style=\"text-decoration: none; color: #1549f7;\" href=\"mailto:contact@antsroute.com\"><strong>contact@antsroute.com<\/strong><\/a><br \/>\nN\u00famero de tel\u00e9fono: +33 7 82 95 83 08<br \/>\nRepresentante legal: Marc GROJEAN, Director General<br \/>\nDirector de publicaciones: Marc GROJEAN, Director General<\/span><\/p>\n<p>\u200c<\/p>\n<p class=\"text-head\"><strong>Alojamiento web<\/strong><br \/>\n<span style=\"color: #424762;\">Nombre legal: OVH<br \/>\nForma jur\u00eddica: SAS (Joint-Stock Company)<br \/>\nDirecci\u00f3n: 2 rue Kellermann, 59100 Roubaix, Francia<br \/>\nN\u00famero de tel\u00e9fono: +33 9 72 10 10 07<br \/>\nSitio web: <strong><a style=\"text-decoration: none; color: #1549f7;\" href=\"https:\/\/www.ovhcloud.com\/fr\/\" target=\"_blank\" rel=\"noopener\">https:\/\/www.ovhcloud.com\/fr\/<\/a><\/strong><\/span><\/p>\n[\/vc_column_text][\/vc_column][vc_column width=\u00bb1\/12&#8243;][\/vc_column][\/vc_row]\n<\/div>","protected":false},"excerpt":{"rendered":"<p>[vc_row][vc_column width=\u00bb2\/12&#8243;][\/vc_column][vc_column width=\u00bb8\/12&#8243; css=\u00bb.vc_custom_1718183851141{margin-right: 25px !important;margin-left: 25px !important;}\u00bb][vc_column_text] Aviso legal Actualizado el 12\/06\/2024 &nbsp; Editor del sitio web: Nombre legal: ANTSWAY Forma jur\u00eddica: Sociedad An\u00f3nima con<span class=\"excerpt-hellip\"> [\u2026]<\/span><\/p>\n","protected":false},"author":3,"featured_media":0,"parent":0,"menu_order":0,"comment_status":"closed","ping_status":"closed","template":"","meta":{"footnotes":""},"class_list":["post-85181","page","type-page","status-publish","hentry"],"yoast_head":"<!-- This site is optimized with the Yoast SEO plugin v19.0 - https:\/\/yoast.com\/wordpress\/plugins\/seo\/ -->\n<title>Aviso legal | AntsRoute<\/title>\n<meta name=\"description\" content=\"El sitio web https:\/\/antsroute.com est\u00e1 gestionado por la empresa francesa ANTSWAY. ANTSWAY, editora del software AntsRoute\u00ae, est\u00e1 registrada con el n\u00famero SIREN 812263408.\" \/>\n<meta name=\"robots\" content=\"index, follow, max-snippet:-1, max-image-preview:large, max-video-preview:-1\" \/>\n<link rel=\"canonical\" href=\"https:\/\/antsroute.com\/es\/aviso-legal\/\" \/>\n<meta name=\"twitter:card\" content=\"summary\" \/>\n<meta name=\"twitter:title\" content=\"Aviso legal | AntsRoute\" \/>\n<meta name=\"twitter:description\" content=\"El sitio web https:\/\/antsroute.com est\u00e1 gestionado por la empresa francesa ANTSWAY. ANTSWAY, editora del software AntsRoute\u00ae, est\u00e1 registrada con el n\u00famero SIREN 812263408.\" \/>\n<meta name=\"twitter:site\" content=\"@AntswayCom\" \/>\n<meta name=\"twitter:label1\" content=\"Tiempo de lectura\" \/>\n\t<meta name=\"twitter:data1\" content=\"1 minuto\" \/>\n<!-- \/ Yoast SEO plugin. -->","yoast_head_json":{"title":"Aviso legal | AntsRoute","description":"El sitio web https:\/\/antsroute.com est\u00e1 gestionado por la empresa francesa ANTSWAY. ANTSWAY, editora del software AntsRoute\u00ae, est\u00e1 registrada con el n\u00famero SIREN 812263408.","robots":{"index":"index","follow":"follow","max-snippet":"max-snippet:-1","max-image-preview":"max-image-preview:large","max-video-preview":"max-video-preview:-1"},"canonical":"https:\/\/antsroute.com\/es\/aviso-legal\/","twitter_card":"summary","twitter_title":"Aviso legal | AntsRoute","twitter_description":"El sitio web https:\/\/antsroute.com est\u00e1 gestionado por la empresa francesa ANTSWAY. ANTSWAY, editora del software AntsRoute\u00ae, est\u00e1 registrada con el n\u00famero SIREN 812263408.","twitter_site":"@AntswayCom","twitter_misc":{"Tiempo de lectura":"1 minuto"},"schema":{"@context":"https:\/\/schema.org","@graph":[{"@type":"WebSite","@id":"https:\/\/antsroute.com\/#website","url":"https:\/\/antsroute.com\/","name":"AntsRoute","description":"ANTSROUTE - Logiciel d&#039;optimisation de tourn\u00e9es | Planifier &amp; Suivre | Route Optimization Software | Plan &amp; Track","potentialAction":[{"@type":"SearchAction","target":{"@type":"EntryPoint","urlTemplate":"https:\/\/antsroute.com\/?s={search_term_string}"},"query-input":"required name=search_term_string"}],"inLanguage":"es"},{"@type":"WebPage","@id":"https:\/\/antsroute.com\/es\/aviso-legal\/#webpage","url":"https:\/\/antsroute.com\/es\/aviso-legal\/","name":"Aviso legal | AntsRoute","isPartOf":{"@id":"https:\/\/antsroute.com\/#website"},"datePublished":"2024-06-12T12:22:28+00:00","dateModified":"2024-06-12T12:26:51+00:00","description":"El sitio web https:\/\/antsroute.com est\u00e1 gestionado por la empresa francesa ANTSWAY. ANTSWAY, editora del software AntsRoute\u00ae, est\u00e1 registrada con el n\u00famero SIREN 812263408.","breadcrumb":{"@id":"https:\/\/antsroute.com\/es\/aviso-legal\/#breadcrumb"},"inLanguage":"es","potentialAction":[{"@type":"ReadAction","target":["https:\/\/antsroute.com\/es\/aviso-legal\/"]}]},{"@type":"BreadcrumbList","@id":"https:\/\/antsroute.com\/es\/aviso-legal\/#breadcrumb","itemListElement":[{"@type":"ListItem","position":1,"name":"AntsRoute","item":"https:\/\/antsroute.com\/es\/"},{"@type":"ListItem","position":2,"name":"Aviso legal"}]}]}},"_links":{"self":[{"href":"https:\/\/antsroute.com\/es\/wp-json\/wp\/v2\/pages\/85181","targetHints":{"allow":["GET"]}}],"collection":[{"href":"https:\/\/antsroute.com\/es\/wp-json\/wp\/v2\/pages"}],"about":[{"href":"https:\/\/antsroute.com\/es\/wp-json\/wp\/v2\/types\/page"}],"author":[{"embeddable":true,"href":"https:\/\/antsroute.com\/es\/wp-json\/wp\/v2\/users\/3"}],"replies":[{"embeddable":true,"href":"https:\/\/antsroute.com\/es\/wp-json\/wp\/v2\/comments?post=85181"}],"version-history":[{"count":1,"href":"https:\/\/antsroute.com\/es\/wp-json\/wp\/v2\/pages\/85181\/revisions"}],"predecessor-version":[{"id":85187,"href":"https:\/\/antsroute.com\/es\/wp-json\/wp\/v2\/pages\/85181\/revisions\/85187"}],"wp:attachment":[{"href":"https:\/\/antsroute.com\/es\/wp-json\/wp\/v2\/media?parent=85181"}],"curies":[{"name":"wp","href":"https:\/\/api.w.org\/{rel}","templated":true}]}}