{"id":40958,"date":"2022-10-05T15:38:13","date_gmt":"2022-10-05T14:38:13","guid":{"rendered":"https:\/\/antsroute.com\/?page_id=40958"},"modified":"2023-05-05T10:13:18","modified_gmt":"2023-05-05T09:13:18","slug":"clientes","status":"publish","type":"page","link":"https:\/\/antsroute.com\/es\/clientes\/","title":{"rendered":"Nuestros clientes comparten su experiencia"},"content":{"rendered":"<div class=\"wpb-content-wrapper\">[vc_row css=\u00bb.vc_custom_1662467534501{background-color: #f4f8ff !important;}\u00bb el_class=\u00bbvc_row-2&#8243;][vc_column width=\u00bb1\/12&#8243;][\/vc_column][vc_column width=\u00bb5\/12&#8243;][vc_column_text]\n<h1>Nuestros clientes comparten su experiencia<\/h1>\n<p class=\"text-head\">Descubre como AntsRoute ayuda a las PYMES, microempresas, grandes grupos y asociaciones a desarrollar su actividad.<\/p>\n[\/vc_column_text][vc_row_inner][vc_column_inner][vc_column_text]\n<div id=\"cta\"><a class=\"button-1\" style=\"align-self: center;\" href=\"https:\/\/app.antsroute.com\/subscription\/creation\" target=\"_blank\" rel=\"noopener\">Empezar gratuitamente<\/a> <a class=\"button-2\" style=\"align-self: center;\" href=\"https:\/\/antsroute.pipedrive.com\/scheduler\/Lp8mOKfe\/meeting-antsroute\" target=\"_blank\" rel=\"noopener\">Pedir una demo<\/a><\/div>\n<p class=\"text-2\"><img decoding=\"async\" class=\"alignnone size-medium wp-image-38615\" style=\"margin-right: 5px;\" src=\"https:\/\/antsroute.com\/wp-content\/uploads\/list-checkmarks.svg\" alt=\"\" width=\"16\" height=\"16\" \/>7 d\u00edas de prueba gratis\u00a0 <img decoding=\"async\" class=\"alignnone size-medium wp-image-38615\" style=\"margin-right: 5px;\" src=\"https:\/\/antsroute.com\/wp-content\/uploads\/list-checkmarks.svg\" alt=\"\" width=\"16\" height=\"16\" \/>Ning\u00fan dato bancario \u2002<img decoding=\"async\" class=\"alignnone size-medium wp-image-38615\" style=\"margin-right: 5px;\" src=\"https:\/\/antsroute.com\/wp-content\/uploads\/list-checkmarks.svg\" alt=\"\" width=\"16\" height=\"16\" \/>Configuraci\u00f3n r\u00e1pida<\/p>\n[\/vc_column_text][\/vc_column_inner][\/vc_row_inner][\/vc_column][vc_column width=\u00bb5\/12&#8243;][vc_column_text]<img decoding=\"async\" class=\"aligncenter wp-image-40325 size-full\" src=\"https:\/\/antsroute.com\/wp-content\/uploads\/clients-antsroute-01.jpg\" alt=\"\" width=\"1043\" height=\"929\" srcset=\"https:\/\/antsroute.com\/wp-content\/uploads\/clients-antsroute-01.jpg 1043w, https:\/\/antsroute.com\/wp-content\/uploads\/clients-antsroute-01-300x267.jpg 300w, https:\/\/antsroute.com\/wp-content\/uploads\/clients-antsroute-01-1024x912.jpg 1024w, https:\/\/antsroute.com\/wp-content\/uploads\/clients-antsroute-01-768x684.jpg 768w, https:\/\/antsroute.com\/wp-content\/uploads\/clients-antsroute-01-164x146.jpg 164w, https:\/\/antsroute.com\/wp-content\/uploads\/clients-antsroute-01-50x45.jpg 50w, https:\/\/antsroute.com\/wp-content\/uploads\/clients-antsroute-01-84x75.jpg 84w\" sizes=\"(max-width:767px) 700px, (max-width:1043px) 100vw, 1043px\" \/>[\/vc_column_text][\/vc_column][vc_column width=\u00bb1\/12&#8243;][\/vc_column][\/vc_row][vc_row css=\u00bb.vc_custom_1660134374926{background-color: #ffffff !important;}\u00bb el_class=\u00bbpadding-block\u00bb][vc_column width=\u00bb1\/12&#8243;][\/vc_column][vc_column width=\u00bb10\/12&#8243;][vc_row_inner][vc_column_inner][vc_column_text]\n<h2 class=\"title-h2\" style=\"text-align: center; font-weight: 500; font-size: 25px;\">\u00danete a las 300+ empresas que conf\u00edan en nosotros<\/h2>\n[\/vc_column_text][vc_column_text]\n<p style=\"text-align: center;\"><img decoding=\"async\" class=\"img-head\" src=\"https:\/\/antsroute.com\/wp-content\/uploads\/clients-antsroute-02.jpg\" alt=\"\" width=\"252\" height=\"73\" \/> <img decoding=\"async\" class=\"img-head\" src=\"https:\/\/antsroute.com\/wp-content\/uploads\/clients-antsroute-03.jpg\" alt=\"\" width=\"252\" height=\"73\" \/><\/p>\n[\/vc_column_text][\/vc_column_inner][\/vc_row_inner][\/vc_column][vc_column width=\u00bb1\/12&#8243;][\/vc_column][\/vc_row][vc_row css=\u00bb.vc_custom_1662968639236{background-color: #ffffff !important;}\u00bb][vc_column width=\u00bb1\/12&#8243;][\/vc_column][vc_column width=\u00bb10\/12&#8243;][vc_row_inner][vc_column_inner][vc_column_text]    <div id=\"post-grid-lazy-48388\" class=\"post-grid-lazy\"><img decoding=\"async\" src=\"\"\/><\/div>\r\n    <script>\r\n\r\n        jQuery('#post-grid-lazy-48388').ready(function($){\r\n            jQuery('#post-grid-lazy-48388').fadeOut();\r\n            jQuery('#post-grid-48388').fadeIn();\r\n        })\r\n    <\/script>\r\n    <style type=\"text\/css\">\r\n        #post-grid-48388{display: none;}\r\n        .post-grid-lazy{\r\n            text-align: center;\r\n        }\r\n    <\/style>\r\n        <div data-options='{\"id\":\"48388\",\"lazy_load\":\"yes\",\"masonry_enable\":\"no\",\"view_type\":\"grid\"}' id=\"post-grid-48388\" class=\"post-grid grid\">\r\n                <div class=\"no-post-found\">\r\n                <div class=\"no-post-found\">\r\n        No post found    <\/div>\r\n            <\/div>\r\n        <style type=\"text\/css\">\r\n        #post-grid-48388 {\r\n                    padding:10px;\r\n                                        }\r\n        #post-grid-48388 .grid-items{\r\n                    text-align: left;\r\n                }\r\n        #post-grid-48388 .item{\r\n                    margin:10px;\r\n                            padding:0px;\r\n                            background:#fff;\r\n                }\r\n        #post-grid-48388  .item .layer-media{\r\n            height:auto;        }\r\n        @media only screen and ( min-width: 0px ) and ( max-width: 767px ) {\r\n            #post-grid-48388 .item{\r\n                            width:90%;\r\n                        height:auto;            }\r\n        }\r\n        @media only screen and ( min-width: 768px ) and ( max-width: 1023px ) {\r\n            #post-grid-48388 .item{\r\n                            width:50%;\r\n                        max-height:auto;            }\r\n        }\r\n        @media only screen and (min-width: 1024px ){\r\n            #post-grid-48388 .item{\r\n                            width:30%;\r\n                        height:auto;            }\r\n        }\r\n\r\n        \r\n\r\n    <\/style>\r\n    <style type=\"text\/css\">\r\n.layout-24029 .element_1614190980499{\r\n    overflow: hidden;\r\n}\r\n@media only screen and (min-width: 1024px ){\r\n    .layout-24029 .element_1614190980499{\r\n                height: auto;\r\n        }\r\n}\r\n@media only screen and ( min-width: 768px ) and ( max-width: 1023px ) {\r\n    .layout-24029 .element_1614190980499{\r\n            height: auto;\r\n        }\r\n}\r\n@media only screen and ( min-width: 0px ) and ( max-width: 767px ){\r\n    .layout-24029 .element_1614190980499{\r\n            height: auto;\r\n        }\r\n}\r\n<\/style>\r\n    <style type=\"text\/css\">\r\n.layout-24029 .element_1614190915563{\r\n    color: #5d5f6f;\r\n    text-align: left;\r\nline-height: 1.4;\r\nfont-family: Helvetica;\r\nfont-size: 14px;\r\nfont-weight: 300;}\r\n.layout-24029 .element_1614190915563 a{\r\n    color: #5d5f6f;\r\n}\r\n<\/style>\r\n    <style type=\"text\/css\">\r\n.layout-24029 .element_1614190747784{\r\n    color: #212121;\r\n    font-size: 20px;\r\n    margin: 10px 0;\r\n    text-align: left;\r\nmargin-top: 5px;\r\nline-height: 1.3;\r\ncolor: #00041E;\r\nfont-family: Helvetica;\r\nfont-size: 22px;\r\ntext-decoration: none;\r\nfont-weight: 500;}\r\n.layout-24029 .element_1614190747784:hover{\r\ntext-decoration: none;}\r\n.layout-24029 .element_1614190747784 a{\r\n    color: #212121;\r\n    font-size: 20px;\r\n}\r\n<\/style>\r\n    <style type=\"text\/css\">\r\n.layout-24029 .element_1733303012937{\r\n    font-size: 15px;\r\n    margin: 10px 0;\r\n    text-align: left;\r\nline-height: 1.4;\r\ncolor: #00041E;\r\nfont-family: Helvetica;\r\nfont-size: 18px;\r\nfont-weight: 300;}\r\n.layout-24029 .element_1733303012937 a{\r\n    font-size: 15px;\r\n}\r\n<\/style>\r\n    <style type=\"text\/css\">\r\n.layout-24029 .element_1733393385189{\r\n    color: #5d75e7 !important;;\r\n    text-align: left;\r\nline-height: 1.4;\r\ncolor: #00041E;\r\nfont-family: Helvetica;\r\nfont-size: 16px;\r\nfont-weight: 600;\r\ntext-align: left !important;}\r\n.layout-24029 .element_1733393385189 a{\r\n    color: #5d75e7 !important; ;\r\n}\r\n<\/style>\r\n    \r\n            \r\n    \r\n\r\n        <script>\r\n                        \r\n        <\/script>\r\n\r\n        <\/div>\r\n    [\/vc_column_text][\/vc_column_inner][\/vc_row_inner][\/vc_column][vc_column width=\u00bb1\/12&#8243;][\/vc_column][\/vc_row][vc_row css=\u00bb.vc_custom_1662968826767{background-color: #ffffff !important;}\u00bb el_class=\u00bbpadding-block-2&#8243;][vc_column width=\u00bb1\/12&#8243;][\/vc_column][vc_column width=\u00bb10\/12&#8243;][vc_row_inner][vc_column_inner width=\u00bb1\/12&#8243;][\/vc_column_inner][vc_column_inner width=\u00bb5\/12&#8243;][vc_column_text el_class=\u00bbants-media\u00bb]<img decoding=\"async\" class=\"img-head-2\" src=\"https:\/\/antsroute.com\/wp-content\/uploads\/clients-antsroute-04.jpg\" alt=\"\" width=\"252\" height=\"73\" \/><\/p>\n<p class=\"text-head\"><img decoding=\"async\" class=\"\" style=\"vertical-align: middle; margin-right: 5px;\" src=\"https:\/\/antsroute.com\/wp-content\/uploads\/quote-11.svg\" width=\"5%\" height=\"5%\" \/> El software es f\u00e1cil de implementar y de usar. Permite un seguimiento preciso y eficiente de rutas de visitas a domicilio. El servicio de atenci\u00f3n al cliente est\u00e1 disponible y es atento. \u00a1AntsRoute ha contribuido significativamente al \u00e9xito de nuestra misi\u00f3n! &#8211; Paul L. <img decoding=\"async\" style=\"vertical-align: middle; margin-right: 5px;\" src=\"https:\/\/antsroute.com\/wp-content\/uploads\/quote-11.svg\" width=\"5%\" height=\"5%\" \/><\/p>\n<p><a class=\"ants-link\" href=\"https:\/\/www.capterra.es\/software\/181156\/antsroute#reviews\" target=\"_blank\" rel=\"noopener\">Leer todas las rese\u00f1as \u2192<\/a>[\/vc_column_text][\/vc_column_inner][vc_column_inner width=\u00bb5\/12&#8243;][vc_column_text el_class=\u00bbants-media\u00bb]<img decoding=\"async\" class=\"img-head-2\" src=\"https:\/\/antsroute.com\/wp-content\/uploads\/clients-antsroute-05.jpg\" alt=\"\" width=\"252\" height=\"73\" \/><\/p>\n<p class=\"text-head\"><img decoding=\"async\" class=\"\" style=\"vertical-align: middle; margin-right: 5px;\" src=\"https:\/\/antsroute.com\/wp-content\/uploads\/quote-11.svg\" width=\"5%\" height=\"5%\" \/> Valoro la capacidad de apoyo del equipo cuando hay dificultades. El software es f\u00e1cil de implementar tanto en ordenadores como en tel\u00e9fonos m\u00f3viles. La facilidad para configurar t\u00e9cnicos, clientes, campos personalizados&#8230; &#8211; Ren\u00e9 A. <img decoding=\"async\" style=\"vertical-align: middle; margin-right: 5px;\" src=\"https:\/\/antsroute.com\/wp-content\/uploads\/quote-11.svg\" width=\"5%\" height=\"5%\" \/><\/p>\n<p><a class=\"ants-link\" href=\"https:\/\/www.capterra.es\/software\/181156\/antsroute#reviews\" target=\"_blank\" rel=\"noopener\">Leer todas las rese\u00f1as \u2192<\/a>[\/vc_column_text][\/vc_column_inner][vc_column_inner width=\u00bb1\/12&#8243;][\/vc_column_inner][\/vc_row_inner][\/vc_column][vc_column width=\u00bb1\/12&#8243;][\/vc_column][\/vc_row][vc_row css=\u00bb.vc_custom_1662547005797{padding-bottom: 45px !important;background-color: #f4f8ff !important;}\u00bb el_class=\u00bbpadding-block\u00bb][vc_column width=\u00bb3\/12&#8243;][\/vc_column][vc_column width=\u00bb6\/12&#8243;][vc_row_inner][vc_column_inner][vc_column_text]\n<h2 class=\"title-h2\" style=\"text-align: center;\">\u00bfListo para empezar?<\/h2>\n<p class=\"text-head\" style=\"text-align: center;\">Empieza tu periodo de prueba gratis y accede instant\u00e1neamente a todas las funcionalidades. Tambi\u00e9n puedes contactar con nuestro equipo para beneficiarte de un acompa\u00f1amiento para la implementaci\u00f3n de la soluci\u00f3n.<\/p>\n[\/vc_column_text][\/vc_column_inner][\/vc_row_inner][vc_column_text]\n<div id=\"cta\" style=\"text-align: center;\"><a class=\"button-1\" style=\"align-self: center;\" href=\"https:\/\/app.antsroute.com\/subscription\/creation\" target=\"_blank\" rel=\"noopener\">Empezar gratuitamente<\/a> <a class=\"button-2\" style=\"align-self: center;\" href=\"https:\/\/antsroute.pipedrive.com\/scheduler\/Lp8mOKfe\/meeting-antsroute\" target=\"_blank\" rel=\"noopener\">Pedir una demo<\/a><\/div>\n[\/vc_column_text][\/vc_column][vc_column width=\u00bb3\/12&#8243;][\/vc_column][\/vc_row]\n<\/div>","protected":false},"excerpt":{"rendered":"<p>[vc_row css=\u00bb.vc_custom_1662467534501{background-color: #f4f8ff !important;}\u00bb el_class=\u00bbvc_row-2&#8243;][vc_column width=\u00bb1\/12&#8243;][\/vc_column][vc_column width=\u00bb5\/12&#8243;][vc_column_text] Nuestros clientes comparten su experiencia Descubre como AntsRoute ayuda a las PYMES, microempresas, grandes grupos y asociaciones a desarrollar<span class=\"excerpt-hellip\"> [\u2026]<\/span><\/p>\n","protected":false},"author":3,"featured_media":0,"parent":0,"menu_order":0,"comment_status":"closed","ping_status":"closed","template":"","meta":{"footnotes":""},"class_list":["post-40958","page","type-page","status-publish","hentry"],"yoast_head":"<!-- This site is optimized with the Yoast SEO plugin v19.0 - https:\/\/yoast.com\/wordpress\/plugins\/seo\/ -->\n<title>Nuestros clientes comparten su experiencia - AntsRoute<\/title>\n<meta name=\"description\" content=\"Descubre c\u00f3mo AntsRoute ayuda a peque\u00f1as y medianas empresas, grandes compa\u00f1\u00edas y organizaciones sin \u00e1nimo de lucro a llevar a cabo operaciones de \u00faltima milla.\" \/>\n<meta name=\"robots\" content=\"index, follow, max-snippet:-1, max-image-preview:large, max-video-preview:-1\" \/>\n<link rel=\"canonical\" href=\"https:\/\/antsroute.com\/es\/clientes\/\" \/>\n<meta name=\"twitter:card\" content=\"summary\" \/>\n<meta name=\"twitter:title\" content=\"Nuestros clientes comparten su experiencia - AntsRoute\" \/>\n<meta name=\"twitter:description\" content=\"Descubre c\u00f3mo AntsRoute ayuda a peque\u00f1as y medianas empresas, grandes compa\u00f1\u00edas y organizaciones sin \u00e1nimo de lucro a llevar a cabo operaciones de \u00faltima milla.\" \/>\n<meta name=\"twitter:image\" content=\"https:\/\/antsroute.com\/wp-content\/uploads\/list-checkmarks.svg\" \/>\n<meta name=\"twitter:site\" content=\"@AntswayCom\" \/>\n<meta name=\"twitter:label1\" content=\"Tiempo de lectura\" \/>\n\t<meta name=\"twitter:data1\" content=\"4 minutos\" \/>\n<!-- \/ Yoast SEO plugin. -->","yoast_head_json":{"title":"Nuestros clientes comparten su experiencia - AntsRoute","description":"Descubre c\u00f3mo AntsRoute ayuda a peque\u00f1as y medianas empresas, grandes compa\u00f1\u00edas y organizaciones sin \u00e1nimo de lucro a llevar a cabo operaciones de \u00faltima milla.","robots":{"index":"index","follow":"follow","max-snippet":"max-snippet:-1","max-image-preview":"max-image-preview:large","max-video-preview":"max-video-preview:-1"},"canonical":"https:\/\/antsroute.com\/es\/clientes\/","twitter_card":"summary","twitter_title":"Nuestros clientes comparten su experiencia - AntsRoute","twitter_description":"Descubre c\u00f3mo AntsRoute ayuda a peque\u00f1as y medianas empresas, grandes compa\u00f1\u00edas y organizaciones sin \u00e1nimo de lucro a llevar a cabo operaciones de \u00faltima milla.","twitter_image":"https:\/\/antsroute.com\/wp-content\/uploads\/list-checkmarks.svg","twitter_site":"@AntswayCom","twitter_misc":{"Tiempo de lectura":"4 minutos"},"schema":{"@context":"https:\/\/schema.org","@graph":[{"@type":"WebSite","@id":"https:\/\/antsroute.com\/#website","url":"https:\/\/antsroute.com\/","name":"AntsRoute","description":"ANTSROUTE - Logiciel d&#039;optimisation de tourn\u00e9es | Planifier &amp; Suivre | Route Optimization Software | Plan &amp; Track","potentialAction":[{"@type":"SearchAction","target":{"@type":"EntryPoint","urlTemplate":"https:\/\/antsroute.com\/?s={search_term_string}"},"query-input":"required name=search_term_string"}],"inLanguage":"es"},{"@type":"ImageObject","inLanguage":"es","@id":"https:\/\/antsroute.com\/es\/clientes\/#primaryimage","url":"https:\/\/antsroute.com\/wp-content\/uploads\/list-checkmarks.svg","contentUrl":"https:\/\/antsroute.com\/wp-content\/uploads\/list-checkmarks.svg"},{"@type":"WebPage","@id":"https:\/\/antsroute.com\/es\/clientes\/#webpage","url":"https:\/\/antsroute.com\/es\/clientes\/","name":"Nuestros clientes comparten su experiencia - AntsRoute","isPartOf":{"@id":"https:\/\/antsroute.com\/#website"},"primaryImageOfPage":{"@id":"https:\/\/antsroute.com\/es\/clientes\/#primaryimage"},"datePublished":"2022-10-05T14:38:13+00:00","dateModified":"2023-05-05T09:13:18+00:00","description":"Descubre c\u00f3mo AntsRoute ayuda a peque\u00f1as y medianas empresas, grandes compa\u00f1\u00edas y organizaciones sin \u00e1nimo de lucro a llevar a cabo operaciones de \u00faltima milla.","breadcrumb":{"@id":"https:\/\/antsroute.com\/es\/clientes\/#breadcrumb"},"inLanguage":"es","potentialAction":[{"@type":"ReadAction","target":["https:\/\/antsroute.com\/es\/clientes\/"]}]},{"@type":"BreadcrumbList","@id":"https:\/\/antsroute.com\/es\/clientes\/#breadcrumb","itemListElement":[{"@type":"ListItem","position":1,"name":"AntsRoute","item":"https:\/\/antsroute.com\/es\/"},{"@type":"ListItem","position":2,"name":"Nuestros clientes comparten su experiencia"}]}]}},"_links":{"self":[{"href":"https:\/\/antsroute.com\/es\/wp-json\/wp\/v2\/pages\/40958","targetHints":{"allow":["GET"]}}],"collection":[{"href":"https:\/\/antsroute.com\/es\/wp-json\/wp\/v2\/pages"}],"about":[{"href":"https:\/\/antsroute.com\/es\/wp-json\/wp\/v2\/types\/page"}],"author":[{"embeddable":true,"href":"https:\/\/antsroute.com\/es\/wp-json\/wp\/v2\/users\/3"}],"replies":[{"embeddable":true,"href":"https:\/\/antsroute.com\/es\/wp-json\/wp\/v2\/comments?post=40958"}],"version-history":[{"count":0,"href":"https:\/\/antsroute.com\/es\/wp-json\/wp\/v2\/pages\/40958\/revisions"}],"wp:attachment":[{"href":"https:\/\/antsroute.com\/es\/wp-json\/wp\/v2\/media?parent=40958"}],"curies":[{"name":"wp","href":"https:\/\/api.w.org\/{rel}","templated":true}]}}