{"id":40885,"date":"2022-10-05T15:11:52","date_gmt":"2022-10-05T14:11:52","guid":{"rendered":"https:\/\/antsroute.com\/?page_id=40885"},"modified":"2025-07-30T08:06:15","modified_gmt":"2025-07-30T07:06:15","slug":"socio","status":"publish","type":"page","link":"https:\/\/antsroute.com\/es\/socio\/","title":{"rendered":"Convi\u00e9rtete en socio de AntsRoute"},"content":{"rendered":"<div class=\"wpb-content-wrapper\">[vc_row css=\u00bb.vc_custom_1718616861629{margin-right: -7.5px !important;background-color: #00041f !important;}\u00bb el_class=\u00bbvc_row-2&#8243;][vc_column width=\u00bb1\/12&#8243;][\/vc_column][vc_column width=\u00bb4\/12&#8243;][vc_row_inner][vc_column_inner][vc_column_text]\n<h1 style=\"color: #ffffff;\">Convi\u00e9rtete en socio de AntsRoute<\/h1>\n<p class=\"text-head\" style=\"color: #bfc0c6;\">\u00bfTe gustar\u00eda asociarte con AntsRoute? Ofrecemos dos programas de asociaci\u00f3n para ayudarte a hacer crecer tu negocio y aumentar tus ingresos.<\/p>\n[\/vc_column_text][\/vc_column_inner][\/vc_row_inner][vc_row_inner css=\u00bb.vc_custom_1723017112504{margin-top: -15px !important;}\u00bb][vc_column_inner][vc_column_text]\n<div id=\"cta\"><a class=\"btn-grad\" style=\"align-self: center;\" href=\"#asociaciones\">Descubrir nuestras asociaciones<\/a> <a class=\"button-2\" style=\"align-self: center;\" href=\"https:\/\/antsroute.com\/es\/contacto\/\" rel=\"noopener\">Ponerse en contacto<\/a><\/div>\n[\/vc_column_text][\/vc_column_inner][\/vc_row_inner][\/vc_column][vc_column width=\u00bb6\/12&#8243;][vc_column_text el_class=\u00bbvc_hidden-xs Extra Small Screen vc_hidden-sm Small Screen align-img\u00bb]<img decoding=\"async\" class=\"alignright wp-image-86202 size-full\" style=\"margin: 0px;\" src=\"https:\/\/antsroute.com\/wp-content\/uploads\/socio-antsroute-2.jpg\" alt=\"\" width=\"1797\" height=\"1500\" srcset=\"https:\/\/antsroute.com\/wp-content\/uploads\/socio-antsroute-2.jpg 1797w, https:\/\/antsroute.com\/wp-content\/uploads\/socio-antsroute-2-300x250.jpg 300w, https:\/\/antsroute.com\/wp-content\/uploads\/socio-antsroute-2-1024x855.jpg 1024w, https:\/\/antsroute.com\/wp-content\/uploads\/socio-antsroute-2-768x641.jpg 768w, https:\/\/antsroute.com\/wp-content\/uploads\/socio-antsroute-2-1536x1282.jpg 1536w, https:\/\/antsroute.com\/wp-content\/uploads\/socio-antsroute-2-175x146.jpg 175w, https:\/\/antsroute.com\/wp-content\/uploads\/socio-antsroute-2-50x42.jpg 50w, https:\/\/antsroute.com\/wp-content\/uploads\/socio-antsroute-2-90x75.jpg 90w\" sizes=\"(max-width:767px) 700px, (max-width:1797px) 100vw, 1797px\" \/>[\/vc_column_text][vc_column_text css=\u00bb.vc_custom_1722516211057{margin-top: -75px !important;}\u00bb el_class=\u00bbvc_hidden-lg Large Screen vc_hidden-md Medium Screen align-img\u00bb]<img decoding=\"async\" class=\"alignright wp-image-86202 size-full\" style=\"margin: 0px;\" src=\"https:\/\/antsroute.com\/wp-content\/uploads\/socio-antsroute-2.jpg\" alt=\"\" width=\"1797\" height=\"1500\" srcset=\"https:\/\/antsroute.com\/wp-content\/uploads\/socio-antsroute-2.jpg 1797w, https:\/\/antsroute.com\/wp-content\/uploads\/socio-antsroute-2-300x250.jpg 300w, https:\/\/antsroute.com\/wp-content\/uploads\/socio-antsroute-2-1024x855.jpg 1024w, https:\/\/antsroute.com\/wp-content\/uploads\/socio-antsroute-2-768x641.jpg 768w, https:\/\/antsroute.com\/wp-content\/uploads\/socio-antsroute-2-1536x1282.jpg 1536w, https:\/\/antsroute.com\/wp-content\/uploads\/socio-antsroute-2-175x146.jpg 175w, https:\/\/antsroute.com\/wp-content\/uploads\/socio-antsroute-2-50x42.jpg 50w, https:\/\/antsroute.com\/wp-content\/uploads\/socio-antsroute-2-90x75.jpg 90w\" sizes=\"(max-width:767px) 700px, (max-width:1797px) 100vw, 1797px\" \/>[\/vc_column_text][\/vc_column][vc_column width=\u00bb1\/12&#8243; el_class=\u00bbvc_hidden-xs Extra Small Screen vc_hidden-sm Small Screen\u00bb][\/vc_column][\/vc_row][vc_row el_class=\u00bbvc_hidden-xs Extra Small Screen vc_hidden-sm Small Screen\u00bb][vc_column][vc_column_text css=\u00bb\u00bb]\n<p style=\"text-align: center; color: #00041f; font-family: helvetica; font-weight: 600;\">\u00daNETE A LOS SOCIOS DIN\u00c1MICOS DE ANTSROUTE<\/p>\n[\/vc_column_text][vc_row_inner][vc_column_inner][vc_column_text css=\u00bb\u00bb]\n<p style=\"text-align: center;\"><img decoding=\"async\" class=\"alignnone wp-image-94370\" style=\"margin-right: 5%;\" src=\"https:\/\/antsroute.com\/wp-content\/uploads\/antsroute-partenaires-fleeti-1-300x84.jpg\" alt=\"\" width=\"143\" height=\"40\" srcset=\"https:\/\/antsroute.com\/wp-content\/uploads\/antsroute-partenaires-fleeti-1-300x84.jpg 300w, https:\/\/antsroute.com\/wp-content\/uploads\/antsroute-partenaires-fleeti-1-260x73.jpg 260w, https:\/\/antsroute.com\/wp-content\/uploads\/antsroute-partenaires-fleeti-1-50x14.jpg 50w, https:\/\/antsroute.com\/wp-content\/uploads\/antsroute-partenaires-fleeti-1-150x42.jpg 150w, https:\/\/antsroute.com\/wp-content\/uploads\/antsroute-partenaires-fleeti-1.jpg 466w\" sizes=\"(max-width:767px) 143px, 143px\" \/><img decoding=\"async\" class=\"alignnone wp-image-94360\" style=\"margin-right: 5%;\" src=\"https:\/\/antsroute.com\/wp-content\/uploads\/antsroute-partenaires-OBS-300x127.jpg\" alt=\"\" width=\"118\" height=\"50\" srcset=\"https:\/\/antsroute.com\/wp-content\/uploads\/antsroute-partenaires-OBS-300x127.jpg 300w, https:\/\/antsroute.com\/wp-content\/uploads\/antsroute-partenaires-OBS-260x110.jpg 260w, https:\/\/antsroute.com\/wp-content\/uploads\/antsroute-partenaires-OBS-50x21.jpg 50w, https:\/\/antsroute.com\/wp-content\/uploads\/antsroute-partenaires-OBS-150x64.jpg 150w, https:\/\/antsroute.com\/wp-content\/uploads\/antsroute-partenaires-OBS.jpg 307w\" sizes=\"(max-width:767px) 118px, 118px\" \/><img decoding=\"async\" class=\"alignnone wp-image-94349\" style=\"margin-right: 5%;\" src=\"https:\/\/antsroute.com\/wp-content\/uploads\/antsroute-partenaires-mhcare-300x62.jpg\" alt=\"\" width=\"171\" height=\"35\" srcset=\"https:\/\/antsroute.com\/wp-content\/uploads\/antsroute-partenaires-mhcare-300x62.jpg 300w, https:\/\/antsroute.com\/wp-content\/uploads\/antsroute-partenaires-mhcare-260x53.jpg 260w, https:\/\/antsroute.com\/wp-content\/uploads\/antsroute-partenaires-mhcare-50x10.jpg 50w, https:\/\/antsroute.com\/wp-content\/uploads\/antsroute-partenaires-mhcare-150x31.jpg 150w, https:\/\/antsroute.com\/wp-content\/uploads\/antsroute-partenaires-mhcare.jpg 634w\" sizes=\"(max-width:767px) 171px, 171px\" \/><img decoding=\"async\" class=\"alignnone wp-image-94355\" style=\"margin-right: 5%;\" src=\"https:\/\/antsroute.com\/wp-content\/uploads\/antsroute-partenaires-mustg5.jpg\" alt=\"\" width=\"65\" height=\"40\" srcset=\"https:\/\/antsroute.com\/wp-content\/uploads\/antsroute-partenaires-mustg5.jpg 211w, https:\/\/antsroute.com\/wp-content\/uploads\/antsroute-partenaires-mustg5-50x31.jpg 50w, https:\/\/antsroute.com\/wp-content\/uploads\/antsroute-partenaires-mustg5-122x75.jpg 122w\" sizes=\"(max-width:767px) 65px, 65px\" \/><a href=\"https:\/\/antsroute.com\/en\/software\/integrate-shopify-store\/\"><img decoding=\"async\" class=\"alignnone wp-image-94365\" style=\"margin-right: 5%;\" src=\"https:\/\/antsroute.com\/wp-content\/uploads\/antsroute-partenaires-zapiet.jpg\" alt=\"\" width=\"85\" height=\"40\" srcset=\"https:\/\/antsroute.com\/wp-content\/uploads\/antsroute-partenaires-zapiet.jpg 276w, https:\/\/antsroute.com\/wp-content\/uploads\/antsroute-partenaires-zapiet-260x122.jpg 260w, https:\/\/antsroute.com\/wp-content\/uploads\/antsroute-partenaires-zapiet-50x24.jpg 50w, https:\/\/antsroute.com\/wp-content\/uploads\/antsroute-partenaires-zapiet-150x71.jpg 150w\" sizes=\"(max-width:767px) 85px, 85px\" \/><\/a><\/p>\n[\/vc_column_text][\/vc_column_inner][\/vc_row_inner][\/vc_column][\/vc_row][vc_row css=\u00bb.vc_custom_1718893698242{background-color: #ffffff !important;}\u00bb][vc_column width=\u00bb1\/12&#8243; el_class=\u00bbvc_hidden-xs Extra Small Screen vc_hidden-sm Small Screen\u00bb][\/vc_column][vc_column width=\u00bb10\/12&#8243;][vc_row_inner][vc_column_inner][vc_column_text]\n<h2 id=\"asociaciones\" class=\"title-h2\" style=\"text-align: center;\">Nuestros programas de socio<\/h2>\n<p class=\"text-head\" style=\"text-align: center;\">AntsRoute ofrece dos programas de asociaci\u00f3n para acelerar su crecimiento.<\/p>\n[\/vc_column_text][\/vc_column_inner][\/vc_row_inner][vc_row_inner el_class=\u00bbindustrie-align industrie-1&#8243;][vc_column_inner el_class=\u00bbindustrie industrie-text\u00bb width=\u00bb1\/2&#8243;][vc_column_text]<img decoding=\"async\" class=\"alignnone size-full wp-image-86059\" style=\"border-radius: 10px;\" src=\"https:\/\/antsroute.com\/wp-content\/uploads\/partenaires-antsroute-2.jpg\" alt=\"\" width=\"15%\" srcset=\"https:\/\/antsroute.com\/wp-content\/uploads\/partenaires-antsroute-2.jpg 225w, https:\/\/antsroute.com\/wp-content\/uploads\/partenaires-antsroute-2-148x146.jpg 148w, https:\/\/antsroute.com\/wp-content\/uploads\/partenaires-antsroute-2-50x50.jpg 50w, https:\/\/antsroute.com\/wp-content\/uploads\/partenaires-antsroute-2-76x75.jpg 76w, https:\/\/antsroute.com\/wp-content\/uploads\/partenaires-antsroute-2-85x85.jpg 85w, https:\/\/antsroute.com\/wp-content\/uploads\/partenaires-antsroute-2-80x80.jpg 80w\" sizes=\"(max-width:767px) 225px, 225px\" \/>[\/vc_column_text][vc_column_text]\n<h3 style=\"color: inherit;\">Proveedores de soluciones<\/h3>\n<p class=\"text-head\" style=\"color: inherit;\">El programa de asociaci\u00f3n est\u00e1 dirigido a proveedores de soluciones o de servicios que deseen mejorar su oferta y revender AntsRoute.<\/p>\n[\/vc_column_text][vc_column_text]\n<div id=\"cta\"><a class=\"button-3\" href=\"https:\/\/webforms.pipedrive.com\/f\/c54Rodcr0OknVYbZnSx5zOhjR5w2OyDbr9ZOS5ekf3FIlyX2REiXl8kXYIfEaIx5Xt\" target=\"_blank\" rel=\"noopener\">Convi\u00e9rtete en socio<\/a><\/div>\n[\/vc_column_text][\/vc_column_inner][vc_column_inner el_class=\u00bbindustrie\u00bb width=\u00bb1\/2&#8243;][vc_column_text]<img decoding=\"async\" class=\"alignnone size-full wp-image-86066\" style=\"border-radius: 10px;\" src=\"https:\/\/antsroute.com\/wp-content\/uploads\/partenaires-antsroute-1.jpg\" alt=\"\" width=\"15%\" srcset=\"https:\/\/antsroute.com\/wp-content\/uploads\/partenaires-antsroute-1.jpg 225w, https:\/\/antsroute.com\/wp-content\/uploads\/partenaires-antsroute-1-148x146.jpg 148w, https:\/\/antsroute.com\/wp-content\/uploads\/partenaires-antsroute-1-50x50.jpg 50w, https:\/\/antsroute.com\/wp-content\/uploads\/partenaires-antsroute-1-76x75.jpg 76w, https:\/\/antsroute.com\/wp-content\/uploads\/partenaires-antsroute-1-85x85.jpg 85w, https:\/\/antsroute.com\/wp-content\/uploads\/partenaires-antsroute-1-80x80.jpg 80w\" sizes=\"(max-width:767px) 225px, 225px\" \/>[\/vc_column_text][vc_column_text]\n<h3 style=\"color: inherit;\">Socios tecnol\u00f3gicos<\/h3>\n<p class=\"text-head\" style=\"color: inherit;\">Ofrece una aplicaci\u00f3n complementaria a AntsRoute. Crees que tu soluci\u00f3n encaja con nuestros valores y satisface las necesidades de nuestros clientes.<\/p>\n[\/vc_column_text][vc_column_text]\n<div id=\"cta\"><a class=\"button-3\" href=\"https:\/\/webforms.pipedrive.com\/f\/6rAuENRur8Hm9DzF2hmQCbGzJc88CQdL7KkajEVu1ghKKnAonKkglAGvxoy0P3sI3p\" target=\"_blank\" rel=\"noopener\">Convi\u00e9rtete en socio<\/a><\/div>\n[\/vc_column_text][\/vc_column_inner][\/vc_row_inner][\/vc_column][vc_column width=\u00bb1\/12&#8243; el_class=\u00bbvc_hidden-xs Extra Small Screen vc_hidden-sm Small Screen\u00bb][\/vc_column][\/vc_row][vc_row el_class=\u00bbpadding-block\u00bb css=\u00bb.vc_custom_1718892112748{background-color: #00041f !important;}\u00bb][vc_column width=\u00bb1\/12&#8243;][\/vc_column][vc_column width=\u00bb10\/12&#8243;][vc_row_inner][vc_column_inner][vc_column_text]\n<h2 class=\"title-h2\" style=\"text-align: center; color: #ffffff;\">Ventajas de una asociaci\u00f3n con AntsRoute<\/h2>\n[\/vc_column_text][\/vc_column_inner][\/vc_row_inner][vc_row_inner][vc_column_inner width=\u00bb1\/3&#8243;][vc_column_text]<img decoding=\"async\" class=\"alignnone size-full wp-image-86072\" style=\"border-radius: 10px;\" src=\"https:\/\/antsroute.com\/wp-content\/uploads\/partenaires-antsroute-3.jpg\" alt=\"\" width=\"15%\" srcset=\"https:\/\/antsroute.com\/wp-content\/uploads\/partenaires-antsroute-3.jpg 225w, https:\/\/antsroute.com\/wp-content\/uploads\/partenaires-antsroute-3-148x146.jpg 148w, https:\/\/antsroute.com\/wp-content\/uploads\/partenaires-antsroute-3-50x50.jpg 50w, https:\/\/antsroute.com\/wp-content\/uploads\/partenaires-antsroute-3-76x75.jpg 76w, https:\/\/antsroute.com\/wp-content\/uploads\/partenaires-antsroute-3-85x85.jpg 85w, https:\/\/antsroute.com\/wp-content\/uploads\/partenaires-antsroute-3-80x80.jpg 80w\" sizes=\"(max-width:767px) 225px, 225px\" \/><\/p>\n<h3 style=\"text-align: left; color: #ffffff;\">Expandes tu negocio<\/h3>\n<p class=\"text-head\" style=\"text-align: left; color: #bcbdc4;\">Genera nuevos ingresos ofreciendo AntsRoute a tus clientes actuales y atrae a nuevos clientes con tu oferta de servicios ampliada.<\/p>\n[\/vc_column_text][\/vc_column_inner][vc_column_inner width=\u00bb1\/3&#8243;][vc_column_text]<img decoding=\"async\" class=\"alignnone size-full wp-image-86077\" style=\"border-radius: 10px;\" src=\"https:\/\/antsroute.com\/wp-content\/uploads\/partenaires-antsroute-4.jpg\" alt=\"\" width=\"15%\" srcset=\"https:\/\/antsroute.com\/wp-content\/uploads\/partenaires-antsroute-4.jpg 225w, https:\/\/antsroute.com\/wp-content\/uploads\/partenaires-antsroute-4-148x146.jpg 148w, https:\/\/antsroute.com\/wp-content\/uploads\/partenaires-antsroute-4-50x50.jpg 50w, https:\/\/antsroute.com\/wp-content\/uploads\/partenaires-antsroute-4-76x75.jpg 76w, https:\/\/antsroute.com\/wp-content\/uploads\/partenaires-antsroute-4-85x85.jpg 85w, https:\/\/antsroute.com\/wp-content\/uploads\/partenaires-antsroute-4-80x80.jpg 80w\" sizes=\"(max-width:767px) 225px, 225px\" \/><\/p>\n<h3 style=\"text-align: left; color: #ffffff;\">Mejora tu visibilidad<\/h3>\n<p class=\"text-head\" style=\"text-align: left; color: #bcbdc4;\">Obtienes visibilidad ante nuestros usuarios como revendedor certificado. La integraci\u00f3n con AntsRoute aparecer\u00e1 en nuestro sitio web.<\/p>\n[\/vc_column_text][\/vc_column_inner][vc_column_inner width=\u00bb1\/3&#8243;][vc_column_text]<img decoding=\"async\" class=\"alignnone size-full wp-image-86082\" style=\"border-radius: 10px;\" src=\"https:\/\/antsroute.com\/wp-content\/uploads\/partenaires-antsroute-5.jpg\" alt=\"\" width=\"15%\" srcset=\"https:\/\/antsroute.com\/wp-content\/uploads\/partenaires-antsroute-5.jpg 225w, https:\/\/antsroute.com\/wp-content\/uploads\/partenaires-antsroute-5-148x146.jpg 148w, https:\/\/antsroute.com\/wp-content\/uploads\/partenaires-antsroute-5-50x50.jpg 50w, https:\/\/antsroute.com\/wp-content\/uploads\/partenaires-antsroute-5-76x75.jpg 76w, https:\/\/antsroute.com\/wp-content\/uploads\/partenaires-antsroute-5-85x85.jpg 85w, https:\/\/antsroute.com\/wp-content\/uploads\/partenaires-antsroute-5-80x80.jpg 80w\" sizes=\"(max-width:767px) 225px, 225px\" \/><\/p>\n<h3 style=\"text-align: left; color: #ffffff;\">Experiencia del cliente<\/h3>\n<p class=\"text-head\" style=\"text-align: left; color: #bcbdc4;\">Ofrece a tus clientes una soluci\u00f3n \u00fanica que revolucionar\u00e1 la forma en que organizan su servicio de campo o sus rutas de reparto de \u00faltima milla.<\/p>\n[\/vc_column_text][\/vc_column_inner][\/vc_row_inner][\/vc_column][vc_column width=\u00bb1\/12&#8243;][\/vc_column][\/vc_row][vc_row css=\u00bb.vc_custom_1718289511633{background-color: #e8edff !important;}\u00bb][vc_column width=\u00bb1\/12&#8243; el_class=\u00bbvc_hidden-xs Extra Small Screen vc_hidden-sm Small Screen\u00bb][\/vc_column][vc_column width=\u00bb10\/12&#8243;][vc_row_inner el_class=\u00bbvc_row-2&#8243;][vc_column_inner width=\u00bb6\/12&#8243;][vc_column_text]<img decoding=\"async\" class=\"aligncenter wp-image-86207 size-full\" src=\"https:\/\/antsroute.com\/wp-content\/uploads\/socio-antsroute-1.jpg\" alt=\"\" width=\"1923\" height=\"1500\" srcset=\"https:\/\/antsroute.com\/wp-content\/uploads\/socio-antsroute-1.jpg 1923w, https:\/\/antsroute.com\/wp-content\/uploads\/socio-antsroute-1-300x234.jpg 300w, https:\/\/antsroute.com\/wp-content\/uploads\/socio-antsroute-1-1024x799.jpg 1024w, https:\/\/antsroute.com\/wp-content\/uploads\/socio-antsroute-1-768x599.jpg 768w, https:\/\/antsroute.com\/wp-content\/uploads\/socio-antsroute-1-1536x1198.jpg 1536w, https:\/\/antsroute.com\/wp-content\/uploads\/socio-antsroute-1-187x146.jpg 187w, https:\/\/antsroute.com\/wp-content\/uploads\/socio-antsroute-1-50x39.jpg 50w, https:\/\/antsroute.com\/wp-content\/uploads\/socio-antsroute-1-96x75.jpg 96w\" sizes=\"(max-width:767px) 700px, (max-width:1923px) 100vw, 1923px\" \/>[\/vc_column_text][\/vc_column_inner][vc_column_inner width=\u00bb1\/12&#8243;][\/vc_column_inner][vc_column_inner width=\u00bb5\/12&#8243;][vc_column_text]\n<h2 class=\"title-h2\" style=\"text-align: left;\">\u00bfC\u00f3mo puedo convertirme en socio?<\/h2>\n<p class=\"text-head\" style=\"text-align: left;\">Estos son los pasos que debes seguir para unirte a nuestro programa y convertirte en socio de AntsRoute.<\/p>\n<ul id=\"imglist\">\n<li class=\"text-head\">Cu\u00e9ntenos m\u00e1s rellenando nuestro formulario.<\/li>\n<li class=\"text-head\">Nuestro equipo se pondr\u00e1 en contacto contigo.<\/li>\n<li class=\"text-head\">Firma de la asociaci\u00f3n.<\/li>\n<\/ul>\n<p class=\"text-head\" style=\"text-align: left;\">En cuanto hayamos llegado a un acuerdo, podremos firmar el contrato y comenzar el proceso de integraci\u00f3n.<\/p>\n[\/vc_column_text][vc_column_text]\n<div id=\"cta\"><a class=\"button-3\" href=\"https:\/\/webforms.pipedrive.com\/f\/6rAuENRur8Hm9DzF2hmQCbGzJc88CQdL7KkajEVu1ghKKnAonKkglAGvxoy0P3sI3p\" target=\"_blank\" rel=\"noopener\">Socio tecnol\u00f3gico<\/a> <a class=\"button-3\" href=\"https:\/\/webforms.pipedrive.com\/f\/c54Rodcr0OknVYbZnSx5zOhjR5w2OyDbr9ZOS5ekf3FIlyX2REiXl8kXYIfEaIx5Xt\" target=\"_blank\" rel=\"noopener\">Proveedor de soluciones<\/a><\/div>\n[\/vc_column_text][\/vc_column_inner][\/vc_row_inner][\/vc_column][vc_column width=\u00bb1\/12&#8243; el_class=\u00bbvc_hidden-xs Extra Small Screen vc_hidden-sm Small Screen\u00bb][\/vc_column][\/vc_row][vc_row css=\u00bb.vc_custom_1718628430387{background-color: #00041f !important;}\u00bb el_class=\u00bbpadding-block\u00bb][vc_column width=\u00bb2\/12&#8243;][\/vc_column][vc_column width=\u00bb8\/12&#8243;][vc_column_text]\n<h2 style=\"text-align: center; color: #ffffff;\">\u00bfEres el pr\u00f3ximo socio de AntsRoute?<\/h2>\n<p class=\"text-head\" style=\"text-align: center; color: #bcbdc4;\">\u00bfTe gustar\u00eda ofrecer a tus clientes una experiencia de 5 estrellas y generar ingresos adicionales? Convi\u00e9rtete en socio de AntsRoute hoy mismo.<\/p>\n[\/vc_column_text][vc_row_inner][vc_column_inner][vc_column_text]\n<div id=\"cta\" style=\"text-align: center;\"><a class=\"btn-grad\" style=\"align-self: center;\" href=\"https:\/\/antsroute.com\/es\/contacto\/\" rel=\"noopener\">P\u00f3ngate en contacto con nosotros<\/a><\/div>\n[\/vc_column_text][\/vc_column_inner][\/vc_row_inner][\/vc_column][vc_column width=\u00bb2\/12&#8243;][\/vc_column][\/vc_row]\n<\/div>","protected":false},"excerpt":{"rendered":"<p>[vc_row css=\u00bb.vc_custom_1718616861629{margin-right: -7.5px !important;background-color: #00041f !important;}\u00bb el_class=\u00bbvc_row-2&#8243;][vc_column width=\u00bb1\/12&#8243;][\/vc_column][vc_column width=\u00bb4\/12&#8243;][vc_row_inner][vc_column_inner][vc_column_text] Convi\u00e9rtete en socio de AntsRoute \u00bfTe gustar\u00eda asociarte con AntsRoute? Ofrecemos dos programas de asociaci\u00f3n para ayudarte<span class=\"excerpt-hellip\"> [\u2026]<\/span><\/p>\n","protected":false},"author":3,"featured_media":-1,"parent":0,"menu_order":0,"comment_status":"closed","ping_status":"closed","template":"","meta":{"footnotes":""},"class_list":["post-40885","page","type-page","status-publish","has-post-thumbnail","hentry"],"yoast_head":"<!-- This site is optimized with the Yoast SEO plugin v19.0 - https:\/\/yoast.com\/wordpress\/plugins\/seo\/ -->\n<title>Convi\u00e9rtete en socio de AntsRoute<\/title>\n<meta name=\"description\" content=\"AntsRoute ofrece diferentes tipos de colaboraci\u00f3n para ofrecer a tus clientes la mejor experiencia o generar ingresos adicionales.\" \/>\n<meta name=\"robots\" content=\"index, follow, max-snippet:-1, max-image-preview:large, max-video-preview:-1\" \/>\n<link rel=\"canonical\" href=\"https:\/\/antsroute.com\/es\/socio\/\" \/>\n<meta name=\"twitter:card\" content=\"summary\" \/>\n<meta name=\"twitter:title\" content=\"[]\" \/>\n<meta name=\"twitter:description\" content=\"[&quot;&quot;]\" \/>\n<meta name=\"twitter:site\" content=\"@AntswayCom\" \/>\n<meta name=\"twitter:label1\" content=\"Tiempo de lectura\" \/>\n\t<meta name=\"twitter:data1\" content=\"5 minutos\" \/>\n<!-- \/ Yoast SEO plugin. -->","yoast_head_json":{"title":"Convi\u00e9rtete en socio de AntsRoute","description":"AntsRoute ofrece diferentes tipos de colaboraci\u00f3n para ofrecer a tus clientes la mejor experiencia o generar ingresos adicionales.","robots":{"index":"index","follow":"follow","max-snippet":"max-snippet:-1","max-image-preview":"max-image-preview:large","max-video-preview":"max-video-preview:-1"},"canonical":"https:\/\/antsroute.com\/es\/socio\/","twitter_card":"summary","twitter_title":"[]","twitter_description":"[\"\"]","twitter_site":"@AntswayCom","twitter_misc":{"Tiempo de lectura":"5 minutos"},"schema":{"@context":"https:\/\/schema.org","@graph":[{"@type":"WebSite","@id":"https:\/\/antsroute.com\/en\/#website","url":"https:\/\/antsroute.com\/en\/","name":"AntsRoute","description":"ANTSROUTE - Logiciel d&#039;optimisation de tourn\u00e9es | Planifier &amp; Suivre | Route Optimization Software | Plan &amp; Track","potentialAction":[{"@type":"SearchAction","target":{"@type":"EntryPoint","urlTemplate":"https:\/\/antsroute.com\/en\/?s={search_term_string}"},"query-input":"required name=search_term_string"}],"inLanguage":"es"},{"@type":"ImageObject","inLanguage":"es","@id":"https:\/\/antsroute.com\/es\/socio\/#primaryimage","url":"","contentUrl":""},{"@type":"WebPage","@id":"https:\/\/antsroute.com\/es\/socio\/#webpage","url":"https:\/\/antsroute.com\/es\/socio\/","name":"Convi\u00e9rtete en socio de AntsRoute","isPartOf":{"@id":"https:\/\/antsroute.com\/en\/#website"},"primaryImageOfPage":{"@id":"https:\/\/antsroute.com\/es\/socio\/#primaryimage"},"datePublished":"2022-10-05T14:11:52+00:00","dateModified":"2025-07-30T07:06:15+00:00","description":"AntsRoute ofrece diferentes tipos de colaboraci\u00f3n para ofrecer a tus clientes la mejor experiencia o generar ingresos adicionales.","breadcrumb":{"@id":"https:\/\/antsroute.com\/es\/socio\/#breadcrumb"},"inLanguage":"es","potentialAction":[{"@type":"ReadAction","target":["https:\/\/antsroute.com\/es\/socio\/"]}]},{"@type":"BreadcrumbList","@id":"https:\/\/antsroute.com\/es\/socio\/#breadcrumb","itemListElement":[{"@type":"ListItem","position":1,"name":"AntsRoute","item":"https:\/\/antsroute.com\/es\/"},{"@type":"ListItem","position":2,"name":"Convi\u00e9rtete en socio de AntsRoute"}]}]}},"_links":{"self":[{"href":"https:\/\/antsroute.com\/es\/wp-json\/wp\/v2\/pages\/40885","targetHints":{"allow":["GET"]}}],"collection":[{"href":"https:\/\/antsroute.com\/es\/wp-json\/wp\/v2\/pages"}],"about":[{"href":"https:\/\/antsroute.com\/es\/wp-json\/wp\/v2\/types\/page"}],"author":[{"embeddable":true,"href":"https:\/\/antsroute.com\/es\/wp-json\/wp\/v2\/users\/3"}],"replies":[{"embeddable":true,"href":"https:\/\/antsroute.com\/es\/wp-json\/wp\/v2\/comments?post=40885"}],"version-history":[{"count":0,"href":"https:\/\/antsroute.com\/es\/wp-json\/wp\/v2\/pages\/40885\/revisions"}],"wp:featuredmedia":[{"embeddable":true,"href":"https:\/\/antsroute.com\/es\/wp-json\/"}],"wp:attachment":[{"href":"https:\/\/antsroute.com\/es\/wp-json\/wp\/v2\/media?parent=40885"}],"curies":[{"name":"wp","href":"https:\/\/api.w.org\/{rel}","templated":true}]}}