{"id":122810,"date":"2025-12-10T15:36:00","date_gmt":"2025-12-10T14:36:00","guid":{"rendered":"https:\/\/antsroute.com\/?page_id=122810"},"modified":"2025-12-11T08:55:46","modified_gmt":"2025-12-11T07:55:46","slug":"formacion-de-usuarios","status":"publish","type":"page","link":"https:\/\/antsroute.com\/es\/servicios\/formacion-de-usuarios\/","title":{"rendered":"Formaci\u00f3n de usuarios"},"content":{"rendered":"<div class=\"wpb-content-wrapper\">[vc_row css=\u00bb.vc_custom_1694612776989{margin-right: -7.5px !important;padding-top: 50px !important;padding-bottom: 50px !important;background-color: #00041f !important;}\u00bb el_class=\u00bbvc_row-2&#8243;][vc_column width=\u00bb1\/12&#8243;][\/vc_column][vc_column width=\u00bb4\/12&#8243;][vc_row_inner][vc_column_inner][vc_column_text css=\u00bb\u00bb]\n<p class=\"text-head\" style=\"text-align: left;\"><strong><a style=\"text-decoration: none; color: #7e87eb; font-weight: 600;\" href=\"https:\/\/antsroute.com\/es\/servicios\/\">\u2190 FORMACIONES ANTSROUTE<\/a><\/strong><\/p>\n<h1 style=\"color: #ffffff;\">Formaci\u00f3n de usuarios<\/h1>\n<p class=\"text-head\" style=\"color: #bfc0c6;\">Acompa\u00f1amos a los nuevos usuarios para descubrir las distintas funcionalidades del software AntsRoute: administradores, conductores y analistas.<\/p>\n[\/vc_column_text][\/vc_column_inner][\/vc_row_inner][vc_row_inner][vc_column_inner][vc_column_text css=\u00bb\u00bb]\n<div id=\"cta\"><a class=\"btn-grad\" style=\"align-self: center;\" href=\"https:\/\/webforms.pipedrive.com\/f\/6GSj89kxdpxH2CoPiEU9lgXmqvwwTgXMgGPGN85JXanrJKu8hpLWUOEQ61CghIeNer\" target=\"_blank\" rel=\"noopener\">Contactar con nuestro equipo<\/a><\/div>\n[\/vc_column_text][\/vc_column_inner][\/vc_row_inner][\/vc_column][vc_column width=\u00bb7\/12&#8243; css=\u00bb.vc_custom_1689000559456{margin-top: -25px !important;margin-bottom: -35px !important;}\u00bb][vc_column_text css=\u00bb\u00bb el_class=\u00bbvc_hidden-xs Extra Small Screen vc_hidden-sm Small Screen\u00bb]<img decoding=\"async\" class=\"aligncenter wp-image-122746 size-full\" src=\"https:\/\/antsroute.com\/wp-content\/uploads\/antsroute-formacion-1.jpg\" alt=\"\" width=\"60%\" height=\"\" srcset=\"https:\/\/antsroute.com\/wp-content\/uploads\/antsroute-formacion-1.jpg 2325w, https:\/\/antsroute.com\/wp-content\/uploads\/antsroute-formacion-1-300x248.jpg 300w, https:\/\/antsroute.com\/wp-content\/uploads\/antsroute-formacion-1-1024x847.jpg 1024w, https:\/\/antsroute.com\/wp-content\/uploads\/antsroute-formacion-1-768x636.jpg 768w, https:\/\/antsroute.com\/wp-content\/uploads\/antsroute-formacion-1-1536x1271.jpg 1536w, https:\/\/antsroute.com\/wp-content\/uploads\/antsroute-formacion-1-2048x1695.jpg 2048w, https:\/\/antsroute.com\/wp-content\/uploads\/antsroute-formacion-1-91x75.jpg 91w, https:\/\/antsroute.com\/wp-content\/uploads\/antsroute-formacion-1-700x579.jpg 700w\" sizes=\"(max-width:767px) 700px, (max-width:2325px) 100vw, 2325px\" \/>[\/vc_column_text][vc_column_text css=\u00bb\u00bb el_class=\u00bbvc_hidden-lg Large Screen vc_hidden-md Medium Screen\u00bb]<img decoding=\"async\" class=\"aligncenter wp-image-122746 size-full\" src=\"https:\/\/antsroute.com\/wp-content\/uploads\/antsroute-formacion-1.jpg\" alt=\"\" width=\"2325\" height=\"1924\" srcset=\"https:\/\/antsroute.com\/wp-content\/uploads\/antsroute-formacion-1.jpg 2325w, https:\/\/antsroute.com\/wp-content\/uploads\/antsroute-formacion-1-300x248.jpg 300w, https:\/\/antsroute.com\/wp-content\/uploads\/antsroute-formacion-1-1024x847.jpg 1024w, https:\/\/antsroute.com\/wp-content\/uploads\/antsroute-formacion-1-768x636.jpg 768w, https:\/\/antsroute.com\/wp-content\/uploads\/antsroute-formacion-1-1536x1271.jpg 1536w, https:\/\/antsroute.com\/wp-content\/uploads\/antsroute-formacion-1-2048x1695.jpg 2048w, https:\/\/antsroute.com\/wp-content\/uploads\/antsroute-formacion-1-91x75.jpg 91w, https:\/\/antsroute.com\/wp-content\/uploads\/antsroute-formacion-1-700x579.jpg 700w\" sizes=\"(max-width:767px) 700px, (max-width:2325px) 100vw, 2325px\" \/>[\/vc_column_text][\/vc_column][\/vc_row][vc_row el_class=\u00bbvc_row-2&#8243;][vc_column width=\u00bb2\/12&#8243;][\/vc_column][vc_column width=\u00bb8\/12&#8243;][vc_column_text css=\u00bb\u00bb]\n<h3>Audiencia<\/h3>\n<p class=\"text-head\" style=\"margin-top: -10px;\">La formaci\u00f3n est\u00e1 dirigida a los nuevos usuarios (administrador, conductor, analista, responsable de sitio).<\/p>\n[\/vc_column_text][vc_column_text css=\u00bb\u00bb]\n<h3>Duraci\u00f3n<\/h3>\n<p class=\"text-head\" style=\"margin-top: -10px;\">4 horas<br \/>\n<em>La formaci\u00f3n puede dividirse en 2 sesiones de 2 horas.<\/em><\/p>\n[\/vc_column_text][vc_column_text css=\u00bb\u00bb]\n<h3>Participaci\u00f3n<\/h3>\n<p class=\"text-head\" style=\"margin-top: -10px;\">Videoconferencia.<br \/>\n<em>Nuestros expertos pueden desplazarse a tus instalaciones. Ponte en contacto directamente con nuestro equipo para la elaboraci\u00f3n de un presupuesto.<\/em><\/p>\n[\/vc_column_text][vc_column_text css=\u00bb\u00bb]\n<h3>Condiciones previas<\/h3>\n<p class=\"text-head\" style=\"margin-top: -10px;\">Suscribirse a una suscripci\u00f3n de AntsRoute.<\/p>\n[\/vc_column_text][vc_column_text css=\u00bb\u00bb]\n<h3>Precio<\/h3>\n<p class=\"text-head\" style=\"margin-top: -10px;\">850 \u20ac sin IVA<\/p>\n[\/vc_column_text][vc_column_text css=\u00bb\u00bb]\n<h3>Objetivos<\/h3>\n<p class=\"text-head\" style=\"margin-top: -10px;\"><strong><u>M\u00f3dulo 1<\/u>: Gesti\u00f3n de los recursos<\/strong><\/p>\n<ul id=\"imglist\">\n<li>Configuraci\u00f3n de los conductores<\/li>\n<li>Configuraci\u00f3n de los veh\u00edculos<\/li>\n<\/ul>\n[\/vc_column_text][vc_column_text css=\u00bb\u00bb]\n<p class=\"text-head\"><strong><u>M\u00f3dulo 2<\/u>: Gesti\u00f3n de clientes<\/strong><\/p>\n<ul id=\"imglist\">\n<li>Creaci\u00f3n de un cliente<\/li>\n<li>Configuraci\u00f3n de un archivo Excel o CSV<\/li>\n<\/ul>\n[\/vc_column_text][vc_column_text css=\u00bb\u00bb]\n<p class=\"text-head\"><strong><u>M\u00f3dulo 3<\/u>: Presentaci\u00f3n del m\u00f3dulo \u00abPlanificar\u00bb<\/strong><\/p>\n<ul id=\"imglist\">\n<li>Presentaci\u00f3n de los modos de planificaci\u00f3n<\/li>\n<li>Planificaci\u00f3n de una intervenci\u00f3n<\/li>\n<li>Importaci\u00f3n de un archivo Excel o CSV con una lista de intervenciones<\/li>\n<li>Uso de la cesta de intervenciones<\/li>\n<\/ul>\n[\/vc_column_text][vc_column_text css=\u00bb\u00bb]\n<p class=\"text-head\"><strong><u>M\u00f3dulo 4<\/u>: Presentaci\u00f3n del m\u00f3dulo \u00abOptimizar\u00bb<\/strong><\/p>\n<ul id=\"imglist\">\n<li>Optimizaci\u00f3n de las rutas<\/li>\n<li>Modificaci\u00f3n puntual de las rutas<\/li>\n<li>Confirmaci\u00f3n \/ Puesta en espera de las intervenciones<\/li>\n<li>Env\u00edo de notificaciones a los clientes<\/li>\n<\/ul>\n[\/vc_column_text][vc_column_text css=\u00bb\u00bb]\n<p class=\"text-head\"><strong><u>M\u00f3dulo 5<\/u>: Presentaci\u00f3n de la aplicaci\u00f3n m\u00f3vil<\/strong><\/p>\n<ul id=\"imglist\">\n<li>Conexi\u00f3n a la aplicaci\u00f3n m\u00f3vil<\/li>\n<li>Validaci\u00f3n de las intervenciones<\/li>\n<li>Planificaci\u00f3n de una intervenci\u00f3n<\/li>\n<\/ul>\n[\/vc_column_text][vc_column_text css=\u00bb\u00bb]\n<p class=\"text-head\"><strong><u>M\u00f3dulo 6<\/u>: Presentaci\u00f3n del m\u00f3dulo \u00abSeguir\u00bb<\/strong><\/p>\n<ul id=\"imglist\">\n<li>Geolocalizaci\u00f3n de los conductores<\/li>\n<li>A\u00f1adir una intervenci\u00f3n a una ruta en curso<\/li>\n<li>Acceso a las pruebas de paso<\/li>\n<\/ul>\n[\/vc_column_text][vc_column_text css=\u00bb\u00bb]\n<p class=\"text-head\"><strong><u>M\u00f3dulo 7<\/u>: Presentaci\u00f3n del m\u00f3dulo \u00abAnalizar\u00bb<\/strong><\/p>\n[\/vc_column_text][vc_column_text css=\u00bb\u00bb]\n<p class=\"text-head\"><strong>Se ofrecer\u00e1 una sesi\u00f3n de preguntas y respuestas al finalizar esta formaci\u00f3n.<\/strong><\/p>\n[\/vc_column_text][\/vc_column][vc_column width=\u00bb2\/12&#8243; css=\u00bb.vc_custom_1689000559456{margin-top: -25px !important;margin-bottom: -35px !important;}\u00bb][\/vc_column][\/vc_row][vc_row css=\u00bb.vc_custom_1688991709404{background-color: #00041f !important;}\u00bb el_class=\u00bbpadding-block\u00bb][vc_column][vc_column_text css=\u00bb\u00bb]\n<h2 style=\"text-align: center; color: #ffffff;\">Utiliza AntsRoute a su m\u00e1ximo potencial.<\/h2>\n[\/vc_column_text][vc_column_text css=\u00bb\u00bb]\n<div id=\"cta\">\n<p style=\"text-align: center;\"><a class=\"btn-grad\" style=\"align-self: center;\" href=\"https:\/\/webforms.pipedrive.com\/f\/6GSj89kxdpxH2CoPiEU9lgXmqvwwTgXMgGPGN85JXanrJKu8hpLWUOEQ61CghIeNer\" target=\"_blank\" rel=\"noopener\">Registrarse | <span style=\"font-weight: 400;\">Contactar con nuestro equipo<\/span><\/a><\/p>\n<\/div>\n[\/vc_column_text][\/vc_column][\/vc_row]\n<\/div>","protected":false},"excerpt":{"rendered":"<p>[vc_row css=\u00bb.vc_custom_1694612776989{margin-right: -7.5px !important;padding-top: 50px !important;padding-bottom: 50px !important;background-color: #00041f !important;}\u00bb el_class=\u00bbvc_row-2&#8243;][vc_column width=\u00bb1\/12&#8243;][\/vc_column][vc_column width=\u00bb4\/12&#8243;][vc_row_inner][vc_column_inner][vc_column_text css=\u00bb\u00bb] \u2190 FORMACIONES ANTSROUTE Formaci\u00f3n de usuarios Acompa\u00f1amos a los nuevos usuarios para<span class=\"excerpt-hellip\"> [\u2026]<\/span><\/p>\n","protected":false},"author":9,"featured_media":-1,"parent":122744,"menu_order":0,"comment_status":"closed","ping_status":"closed","template":"","meta":{"footnotes":""},"class_list":["post-122810","page","type-page","status-publish","has-post-thumbnail","hentry"],"yoast_head":"<!-- This site is optimized with the Yoast SEO plugin v19.0 - https:\/\/yoast.com\/wordpress\/plugins\/seo\/ -->\n<title>Servicios AntsRoute | Formaci\u00f3n de usuarios<\/title>\n<meta name=\"description\" content=\"Nuestros expertos acompa\u00f1an a los nuevos usuarios del software AntsRoute. La formaci\u00f3n est\u00e1 destinada a los administradores, conductores y analistas.\" \/>\n<meta name=\"robots\" content=\"index, follow, max-snippet:-1, max-image-preview:large, max-video-preview:-1\" \/>\n<link rel=\"canonical\" href=\"https:\/\/antsroute.com\/es\/servicios\/formacion-de-usuarios\/\" \/>\n<meta name=\"twitter:card\" content=\"summary\" \/>\n<meta name=\"twitter:title\" content=\"Servicios AntsRoute | Formaci\u00f3n de usuarios\" \/>\n<meta name=\"twitter:description\" content=\"Nuestros expertos acompa\u00f1an a los nuevos usuarios del software AntsRoute. La formaci\u00f3n est\u00e1 destinada a los administradores, conductores y analistas.\" \/>\n<meta name=\"twitter:site\" content=\"@AntswayCom\" \/>\n<meta name=\"twitter:label1\" content=\"Tiempo de lectura\" \/>\n\t<meta name=\"twitter:data1\" content=\"3 minutos\" \/>\n<!-- \/ Yoast SEO plugin. -->","yoast_head_json":{"title":"Servicios AntsRoute | Formaci\u00f3n de usuarios","description":"Nuestros expertos acompa\u00f1an a los nuevos usuarios del software AntsRoute. La formaci\u00f3n est\u00e1 destinada a los administradores, conductores y analistas.","robots":{"index":"index","follow":"follow","max-snippet":"max-snippet:-1","max-image-preview":"max-image-preview:large","max-video-preview":"max-video-preview:-1"},"canonical":"https:\/\/antsroute.com\/es\/servicios\/formacion-de-usuarios\/","twitter_card":"summary","twitter_title":"Servicios AntsRoute | Formaci\u00f3n de usuarios","twitter_description":"Nuestros expertos acompa\u00f1an a los nuevos usuarios del software AntsRoute. La formaci\u00f3n est\u00e1 destinada a los administradores, conductores y analistas.","twitter_site":"@AntswayCom","twitter_misc":{"Tiempo de lectura":"3 minutos"},"schema":{"@context":"https:\/\/schema.org","@graph":[{"@type":"WebSite","@id":"https:\/\/antsroute.com\/en\/#website","url":"https:\/\/antsroute.com\/en\/","name":"AntsRoute","description":"ANTSROUTE - Logiciel d&#039;optimisation de tourn\u00e9es | Planifier &amp; Suivre | Route Optimization Software | Plan &amp; Track","potentialAction":[{"@type":"SearchAction","target":{"@type":"EntryPoint","urlTemplate":"https:\/\/antsroute.com\/en\/?s={search_term_string}"},"query-input":"required name=search_term_string"}],"inLanguage":"es"},{"@type":"ImageObject","inLanguage":"es","@id":"https:\/\/antsroute.com\/es\/servicios\/formacion-de-usuarios\/#primaryimage","url":"","contentUrl":""},{"@type":"WebPage","@id":"https:\/\/antsroute.com\/es\/servicios\/formacion-de-usuarios\/#webpage","url":"https:\/\/antsroute.com\/es\/servicios\/formacion-de-usuarios\/","name":"Servicios AntsRoute | Formaci\u00f3n de usuarios","isPartOf":{"@id":"https:\/\/antsroute.com\/en\/#website"},"primaryImageOfPage":{"@id":"https:\/\/antsroute.com\/es\/servicios\/formacion-de-usuarios\/#primaryimage"},"datePublished":"2025-12-10T14:36:00+00:00","dateModified":"2025-12-11T07:55:46+00:00","description":"Nuestros expertos acompa\u00f1an a los nuevos usuarios del software AntsRoute. La formaci\u00f3n est\u00e1 destinada a los administradores, conductores y analistas.","breadcrumb":{"@id":"https:\/\/antsroute.com\/es\/servicios\/formacion-de-usuarios\/#breadcrumb"},"inLanguage":"es","potentialAction":[{"@type":"ReadAction","target":["https:\/\/antsroute.com\/es\/servicios\/formacion-de-usuarios\/"]}]},{"@type":"BreadcrumbList","@id":"https:\/\/antsroute.com\/es\/servicios\/formacion-de-usuarios\/#breadcrumb","itemListElement":[{"@type":"ListItem","position":1,"name":"AntsRoute","item":"https:\/\/antsroute.com\/es\/"},{"@type":"ListItem","position":2,"name":"Nuestros expertos te acompa\u00f1an","item":"https:\/\/antsroute.com\/es\/servicios\/"},{"@type":"ListItem","position":3,"name":"Formaci\u00f3n de usuarios"}]}]}},"_links":{"self":[{"href":"https:\/\/antsroute.com\/es\/wp-json\/wp\/v2\/pages\/122810","targetHints":{"allow":["GET"]}}],"collection":[{"href":"https:\/\/antsroute.com\/es\/wp-json\/wp\/v2\/pages"}],"about":[{"href":"https:\/\/antsroute.com\/es\/wp-json\/wp\/v2\/types\/page"}],"author":[{"embeddable":true,"href":"https:\/\/antsroute.com\/es\/wp-json\/wp\/v2\/users\/9"}],"replies":[{"embeddable":true,"href":"https:\/\/antsroute.com\/es\/wp-json\/wp\/v2\/comments?post=122810"}],"version-history":[{"count":0,"href":"https:\/\/antsroute.com\/es\/wp-json\/wp\/v2\/pages\/122810\/revisions"}],"up":[{"embeddable":true,"href":"https:\/\/antsroute.com\/es\/wp-json\/wp\/v2\/pages\/122744"}],"wp:featuredmedia":[{"embeddable":true,"href":"https:\/\/antsroute.com\/es\/wp-json\/"}],"wp:attachment":[{"href":"https:\/\/antsroute.com\/es\/wp-json\/wp\/v2\/media?parent=122810"}],"curies":[{"name":"wp","href":"https:\/\/api.w.org\/{rel}","templated":true}]}}