{"id":122790,"date":"2025-12-10T14:51:18","date_gmt":"2025-12-10T13:51:18","guid":{"rendered":"https:\/\/antsroute.com\/?page_id=122790"},"modified":"2025-12-10T17:11:12","modified_gmt":"2025-12-10T16:11:12","slug":"taller-de-configuracion","status":"publish","type":"page","link":"https:\/\/antsroute.com\/es\/servicios\/taller-de-configuracion\/","title":{"rendered":"Taller de configuraci\u00f3n"},"content":{"rendered":"<div class=\"wpb-content-wrapper\">[vc_row css=\u00bb.vc_custom_1694612776989{margin-right: -7.5px !important;padding-top: 50px !important;padding-bottom: 50px !important;background-color: #00041f !important;}\u00bb el_class=\u00bbvc_row-2&#8243;][vc_column width=\u00bb1\/12&#8243;][\/vc_column][vc_column width=\u00bb4\/12&#8243;][vc_row_inner][vc_column_inner][vc_column_text css=\u00bb\u00bb]\n<p class=\"text-head\" style=\"text-align: left;\"><strong><a style=\"text-decoration: none; color: #7e87eb; font-weight: 600;\" href=\"https:\/\/antsroute.com\/es\/servicios\/\">\u2190 FORMACIONES ANTSROUTE<\/a><\/strong><\/p>\n<h1 style=\"color: #ffffff;\">Taller de configuraci\u00f3n<\/h1>\n<p class=\"text-head\" style=\"color: #bfc0c6;\">Nuestro equipo t\u00e9cnico te explica c\u00f3mo trabajar con nuestra API y nuestros webhooks. Tambi\u00e9n podemos acompa\u00f1arte en la integraci\u00f3n de un archivo de importaci\u00f3n espec\u00edfico.<\/p>\n[\/vc_column_text][\/vc_column_inner][\/vc_row_inner][vc_row_inner][vc_column_inner][vc_column_text css=\u00bb\u00bb]\n<div id=\"cta\"><a class=\"btn-grad\" style=\"align-self: center;\" href=\"https:\/\/webforms.pipedrive.com\/f\/bXzf6coe5eUm6BZdE1MGnnaUvK3uOQ2iD0BCDVBbKdA5p1Sfe4cOIipUcxctxAePMn\" target=\"_blank\" rel=\"noopener\">Contactar con nuestro equipo<\/a><\/div>\n[\/vc_column_text][\/vc_column_inner][\/vc_row_inner][\/vc_column][vc_column width=\u00bb7\/12&#8243; css=\u00bb.vc_custom_1689000559456{margin-top: -25px !important;margin-bottom: -35px !important;}\u00bb][vc_column_text css=\u00bb\u00bb el_class=\u00bbvc_hidden-xs Extra Small Screen vc_hidden-sm Small Screen\u00bb]<img decoding=\"async\" class=\"aligncenter wp-image-122799 size-full\" src=\"https:\/\/antsroute.com\/wp-content\/uploads\/antsroute-formacion-3.jpg\" alt=\"\" width=\"60%\" height=\"\" srcset=\"https:\/\/antsroute.com\/wp-content\/uploads\/antsroute-formacion-3.jpg 2325w, https:\/\/antsroute.com\/wp-content\/uploads\/antsroute-formacion-3-300x248.jpg 300w, https:\/\/antsroute.com\/wp-content\/uploads\/antsroute-formacion-3-1024x847.jpg 1024w, https:\/\/antsroute.com\/wp-content\/uploads\/antsroute-formacion-3-768x636.jpg 768w, https:\/\/antsroute.com\/wp-content\/uploads\/antsroute-formacion-3-1536x1271.jpg 1536w, https:\/\/antsroute.com\/wp-content\/uploads\/antsroute-formacion-3-2048x1695.jpg 2048w, https:\/\/antsroute.com\/wp-content\/uploads\/antsroute-formacion-3-91x75.jpg 91w, https:\/\/antsroute.com\/wp-content\/uploads\/antsroute-formacion-3-700x579.jpg 700w\" sizes=\"(max-width:767px) 700px, (max-width:2325px) 100vw, 2325px\" \/>[\/vc_column_text][vc_column_text css=\u00bb\u00bb el_class=\u00bbvc_hidden-lg Large Screen vc_hidden-md Medium Screen\u00bb]<img decoding=\"async\" class=\"aligncenter wp-image-122799 size-full\" src=\"https:\/\/antsroute.com\/wp-content\/uploads\/antsroute-formacion-3.jpg\" alt=\"\" width=\"2325\" height=\"1924\" srcset=\"https:\/\/antsroute.com\/wp-content\/uploads\/antsroute-formacion-3.jpg 2325w, https:\/\/antsroute.com\/wp-content\/uploads\/antsroute-formacion-3-300x248.jpg 300w, https:\/\/antsroute.com\/wp-content\/uploads\/antsroute-formacion-3-1024x847.jpg 1024w, https:\/\/antsroute.com\/wp-content\/uploads\/antsroute-formacion-3-768x636.jpg 768w, https:\/\/antsroute.com\/wp-content\/uploads\/antsroute-formacion-3-1536x1271.jpg 1536w, https:\/\/antsroute.com\/wp-content\/uploads\/antsroute-formacion-3-2048x1695.jpg 2048w, https:\/\/antsroute.com\/wp-content\/uploads\/antsroute-formacion-3-91x75.jpg 91w, https:\/\/antsroute.com\/wp-content\/uploads\/antsroute-formacion-3-700x579.jpg 700w\" sizes=\"(max-width:767px) 700px, (max-width:2325px) 100vw, 2325px\" \/>[\/vc_column_text][\/vc_column][\/vc_row][vc_row el_class=\u00bbvc_row-2&#8243;][vc_column width=\u00bb2\/12&#8243;][\/vc_column][vc_column width=\u00bb8\/12&#8243;][vc_column_text css=\u00bb\u00bb]\n<h3>Audiencia<\/h3>\n<p class=\"text-head\" style=\"margin-top: -10px;\">La formaci\u00f3n est\u00e1 dirigida a los administradores y desarrolladores.<\/p>\n[\/vc_column_text][vc_column_text css=\u00bb\u00bb]\n<h3>Duraci\u00f3n<\/h3>\n<p class=\"text-head\" style=\"margin-top: -10px;\">1 hora<\/p>\n[\/vc_column_text][vc_column_text css=\u00bb\u00bb]\n<h3>Participaci\u00f3n<\/h3>\n<p class=\"text-head\" style=\"margin-top: -10px;\">Videoconferencia.<br \/>\n<em>Nuestros expertos pueden desplazarse a tus instalaciones. Ponte en contacto directamente con nuestro equipo para la elaboraci\u00f3n de un presupuesto.<\/em><\/p>\n[\/vc_column_text][vc_column_text]\n<h3>Conditions pr\u00e9alables<\/h3>\n<p class=\"text-head\" style=\"margin-top: -10px;\">Souscrire un abonnement AntsRoute.<\/p>\n[\/vc_column_text][vc_column_text css=\u00bb\u00bb]\n<h3>Precio<\/h3>\n<p class=\"text-head\" style=\"margin-top: -10px;\">180 \u20ac sin IVA<\/p>\n[\/vc_column_text][vc_column_text css=\u00bb\u00bb]\n<h3>Objetivos<\/h3>\n<ul id=\"imglist\">\n<li>Comprender el funcionamiento de nuestra API<\/li>\n<li>Estudio de las posibilidades de integraci\u00f3n de un archivo de importaci\u00f3n espec\u00edfico<\/li>\n<li>Interfaz con un plugin de AntsRoute (WooCommerce, PrestaShop, Odoo, etc.)<\/li>\n<\/ul>\n[\/vc_column_text][\/vc_column][vc_column width=\u00bb2\/12&#8243; css=\u00bb.vc_custom_1689000559456{margin-top: -25px !important;margin-bottom: -35px !important;}\u00bb][\/vc_column][\/vc_row][vc_row css=\u00bb.vc_custom_1688991709404{background-color: #00041f !important;}\u00bb el_class=\u00bbpadding-block\u00bb][vc_column][vc_column_text css=\u00bb\u00bb]\n<h2 style=\"text-align: center; color: #ffffff;\">Utiliza AntsRoute a su m\u00e1ximo potencial.<\/h2>\n[\/vc_column_text][vc_column_text css=\u00bb\u00bb]\n<div id=\"cta\">\n<p style=\"text-align: center;\"><a class=\"btn-grad\" style=\"align-self: center;\" href=\"https:\/\/webforms.pipedrive.com\/f\/bXzf6coe5eUm6BZdE1MGnnaUvK3uOQ2iD0BCDVBbKdA5p1Sfe4cOIipUcxctxAePMn\" target=\"_blank\" rel=\"noopener\">Registrarse | <span style=\"font-weight: 400;\">Contactar con nuestro equipo<\/span><\/a><\/p>\n<\/div>\n[\/vc_column_text][\/vc_column][\/vc_row]\n<\/div>","protected":false},"excerpt":{"rendered":"<p>[vc_row css=\u00bb.vc_custom_1694612776989{margin-right: -7.5px !important;padding-top: 50px !important;padding-bottom: 50px !important;background-color: #00041f !important;}\u00bb el_class=\u00bbvc_row-2&#8243;][vc_column width=\u00bb1\/12&#8243;][\/vc_column][vc_column width=\u00bb4\/12&#8243;][vc_row_inner][vc_column_inner][vc_column_text css=\u00bb\u00bb] \u2190 FORMACIONES ANTSROUTE Taller de configuraci\u00f3n Nuestro equipo t\u00e9cnico te explica c\u00f3mo<span class=\"excerpt-hellip\"> [\u2026]<\/span><\/p>\n","protected":false},"author":9,"featured_media":-1,"parent":122744,"menu_order":0,"comment_status":"closed","ping_status":"closed","template":"","meta":{"footnotes":""},"class_list":["post-122790","page","type-page","status-publish","has-post-thumbnail","hentry"],"yoast_head":"<!-- This site is optimized with the Yoast SEO plugin v19.0 - https:\/\/yoast.com\/wordpress\/plugins\/seo\/ -->\n<title>Servicios AntsRoute | Taller de configuraci\u00f3n<\/title>\n<meta name=\"description\" content=\"Nuestro equipo t\u00e9cnico te explica c\u00f3mo trabajar con nuestra API y nuestros webhooks.\" \/>\n<meta name=\"robots\" content=\"index, follow, max-snippet:-1, max-image-preview:large, max-video-preview:-1\" \/>\n<link rel=\"canonical\" href=\"https:\/\/antsroute.com\/es\/servicios\/taller-de-configuracion\/\" \/>\n<meta name=\"twitter:card\" content=\"summary\" \/>\n<meta name=\"twitter:title\" content=\"Servicios AntsRoute | Taller de configuraci\u00f3n\" \/>\n<meta name=\"twitter:description\" content=\"Nuestro equipo t\u00e9cnico te explica c\u00f3mo trabajar con nuestra API y nuestros webhooks.\" \/>\n<meta name=\"twitter:site\" content=\"@AntswayCom\" \/>\n<meta name=\"twitter:label1\" content=\"Tiempo de lectura\" \/>\n\t<meta name=\"twitter:data1\" content=\"2 minutos\" \/>\n<!-- \/ Yoast SEO plugin. -->","yoast_head_json":{"title":"Servicios AntsRoute | Taller de configuraci\u00f3n","description":"Nuestro equipo t\u00e9cnico te explica c\u00f3mo trabajar con nuestra API y nuestros webhooks.","robots":{"index":"index","follow":"follow","max-snippet":"max-snippet:-1","max-image-preview":"max-image-preview:large","max-video-preview":"max-video-preview:-1"},"canonical":"https:\/\/antsroute.com\/es\/servicios\/taller-de-configuracion\/","twitter_card":"summary","twitter_title":"Servicios AntsRoute | Taller de configuraci\u00f3n","twitter_description":"Nuestro equipo t\u00e9cnico te explica c\u00f3mo trabajar con nuestra API y nuestros webhooks.","twitter_site":"@AntswayCom","twitter_misc":{"Tiempo de lectura":"2 minutos"},"schema":{"@context":"https:\/\/schema.org","@graph":[{"@type":"WebSite","@id":"https:\/\/antsroute.com\/en\/#website","url":"https:\/\/antsroute.com\/en\/","name":"AntsRoute","description":"ANTSROUTE - Logiciel d&#039;optimisation de tourn\u00e9es | Planifier &amp; Suivre | Route Optimization Software | Plan &amp; Track","potentialAction":[{"@type":"SearchAction","target":{"@type":"EntryPoint","urlTemplate":"https:\/\/antsroute.com\/en\/?s={search_term_string}"},"query-input":"required name=search_term_string"}],"inLanguage":"es"},{"@type":"ImageObject","inLanguage":"es","@id":"https:\/\/antsroute.com\/es\/servicios\/taller-de-configuracion\/#primaryimage","url":"","contentUrl":""},{"@type":"WebPage","@id":"https:\/\/antsroute.com\/es\/servicios\/taller-de-configuracion\/#webpage","url":"https:\/\/antsroute.com\/es\/servicios\/taller-de-configuracion\/","name":"Servicios AntsRoute | Taller de configuraci\u00f3n","isPartOf":{"@id":"https:\/\/antsroute.com\/en\/#website"},"primaryImageOfPage":{"@id":"https:\/\/antsroute.com\/es\/servicios\/taller-de-configuracion\/#primaryimage"},"datePublished":"2025-12-10T13:51:18+00:00","dateModified":"2025-12-10T16:11:12+00:00","description":"Nuestro equipo t\u00e9cnico te explica c\u00f3mo trabajar con nuestra API y nuestros webhooks.","breadcrumb":{"@id":"https:\/\/antsroute.com\/es\/servicios\/taller-de-configuracion\/#breadcrumb"},"inLanguage":"es","potentialAction":[{"@type":"ReadAction","target":["https:\/\/antsroute.com\/es\/servicios\/taller-de-configuracion\/"]}]},{"@type":"BreadcrumbList","@id":"https:\/\/antsroute.com\/es\/servicios\/taller-de-configuracion\/#breadcrumb","itemListElement":[{"@type":"ListItem","position":1,"name":"AntsRoute","item":"https:\/\/antsroute.com\/es\/"},{"@type":"ListItem","position":2,"name":"Nuestros expertos te acompa\u00f1an","item":"https:\/\/antsroute.com\/es\/servicios\/"},{"@type":"ListItem","position":3,"name":"Taller de configuraci\u00f3n"}]}]}},"_links":{"self":[{"href":"https:\/\/antsroute.com\/es\/wp-json\/wp\/v2\/pages\/122790","targetHints":{"allow":["GET"]}}],"collection":[{"href":"https:\/\/antsroute.com\/es\/wp-json\/wp\/v2\/pages"}],"about":[{"href":"https:\/\/antsroute.com\/es\/wp-json\/wp\/v2\/types\/page"}],"author":[{"embeddable":true,"href":"https:\/\/antsroute.com\/es\/wp-json\/wp\/v2\/users\/9"}],"replies":[{"embeddable":true,"href":"https:\/\/antsroute.com\/es\/wp-json\/wp\/v2\/comments?post=122790"}],"version-history":[{"count":0,"href":"https:\/\/antsroute.com\/es\/wp-json\/wp\/v2\/pages\/122790\/revisions"}],"up":[{"embeddable":true,"href":"https:\/\/antsroute.com\/es\/wp-json\/wp\/v2\/pages\/122744"}],"wp:featuredmedia":[{"embeddable":true,"href":"https:\/\/antsroute.com\/es\/wp-json\/"}],"wp:attachment":[{"href":"https:\/\/antsroute.com\/es\/wp-json\/wp\/v2\/media?parent=122790"}],"curies":[{"name":"wp","href":"https:\/\/api.w.org\/{rel}","templated":true}]}}