{"id":122773,"date":"2025-12-10T14:27:20","date_gmt":"2025-12-10T13:27:20","guid":{"rendered":"https:\/\/antsroute.com\/?page_id=122773"},"modified":"2025-12-10T17:06:44","modified_gmt":"2025-12-10T16:06:44","slug":"formacion-de-inicio","status":"publish","type":"page","link":"https:\/\/antsroute.com\/es\/servicios\/formacion-de-inicio\/","title":{"rendered":"Formaci\u00f3n de inicio"},"content":{"rendered":"<div class=\"wpb-content-wrapper\">[vc_row css=\u00bb.vc_custom_1694612776989{margin-right: -7.5px !important;padding-top: 50px !important;padding-bottom: 50px !important;background-color: #00041f !important;}\u00bb el_class=\u00bbvc_row-2&#8243;][vc_column width=\u00bb1\/12&#8243;][\/vc_column][vc_column width=\u00bb4\/12&#8243;][vc_column_text css=\u00bb\u00bb]\n<p class=\"text-head\" style=\"text-align: left;\"><strong><a style=\"text-decoration: none; color: #7e87eb; font-weight: 600;\" href=\"https:\/\/antsroute.com\/es\/servicios\/\">\u2190 FORMACIONES ANTSROUTE<\/a><\/strong><\/p>\n<h1 style=\"color: #ffffff;\">Formaci\u00f3n de inicio<\/h1>\n<p class=\"text-head\" style=\"color: #bfc0c6;\">Durante esta formaci\u00f3n, configurar\u00e1 su cuenta AntsRoute seg\u00fan sus necesidades. Nuestro equipo tambi\u00e9n le acompa\u00f1a para completar su archivo de importaci\u00f3n en Excel o CSV.<\/p>\n[\/vc_column_text][vc_row_inner][vc_column_inner][vc_column_text css=\u00bb\u00bb]\n<div id=\"cta\"><a class=\"btn-grad\" style=\"align-self: center;\" href=\"https:\/\/webforms.pipedrive.com\/f\/6rK4SVKmYqVKKGaXONxtsl1frdvSLVuzyvXtYBXLnjd9rrYx3kHkx1t08xIISnOiNJ\" target=\"_blank\" rel=\"noopener\">Contactar con nuestros equipos<\/a><\/div>\n[\/vc_column_text][\/vc_column_inner][\/vc_row_inner][\/vc_column][vc_column width=\u00bb7\/12&#8243; css=\u00bb.vc_custom_1689000559456{margin-top: -25px !important;margin-bottom: -35px !important;}\u00bb][vc_column_text css=\u00bb\u00bb el_class=\u00bbvc_hidden-xs Extra Small Screen vc_hidden-sm Small Screen\u00bb]<img decoding=\"async\" class=\"aligncenter wp-image-122774 size-full\" src=\"https:\/\/antsroute.com\/wp-content\/uploads\/antsroute-formacion-2.jpg\" alt=\"\" width=\"60%\" height=\"\" srcset=\"https:\/\/antsroute.com\/wp-content\/uploads\/antsroute-formacion-2.jpg 2325w, https:\/\/antsroute.com\/wp-content\/uploads\/antsroute-formacion-2-300x248.jpg 300w, https:\/\/antsroute.com\/wp-content\/uploads\/antsroute-formacion-2-1024x847.jpg 1024w, https:\/\/antsroute.com\/wp-content\/uploads\/antsroute-formacion-2-768x636.jpg 768w, https:\/\/antsroute.com\/wp-content\/uploads\/antsroute-formacion-2-1536x1271.jpg 1536w, https:\/\/antsroute.com\/wp-content\/uploads\/antsroute-formacion-2-2048x1695.jpg 2048w, https:\/\/antsroute.com\/wp-content\/uploads\/antsroute-formacion-2-91x75.jpg 91w, https:\/\/antsroute.com\/wp-content\/uploads\/antsroute-formacion-2-700x579.jpg 700w\" sizes=\"(max-width:767px) 700px, (max-width:2325px) 100vw, 2325px\" \/>[\/vc_column_text][vc_column_text css=\u00bb\u00bb el_class=\u00bbvc_hidden-lg Large Screen vc_hidden-md Medium Screen\u00bb]<img decoding=\"async\" class=\"aligncenter wp-image-122774 size-full\" src=\"https:\/\/antsroute.com\/wp-content\/uploads\/antsroute-formacion-2.jpg\" alt=\"\" width=\"2325\" height=\"1924\" srcset=\"https:\/\/antsroute.com\/wp-content\/uploads\/antsroute-formacion-2.jpg 2325w, https:\/\/antsroute.com\/wp-content\/uploads\/antsroute-formacion-2-300x248.jpg 300w, https:\/\/antsroute.com\/wp-content\/uploads\/antsroute-formacion-2-1024x847.jpg 1024w, https:\/\/antsroute.com\/wp-content\/uploads\/antsroute-formacion-2-768x636.jpg 768w, https:\/\/antsroute.com\/wp-content\/uploads\/antsroute-formacion-2-1536x1271.jpg 1536w, https:\/\/antsroute.com\/wp-content\/uploads\/antsroute-formacion-2-2048x1695.jpg 2048w, https:\/\/antsroute.com\/wp-content\/uploads\/antsroute-formacion-2-91x75.jpg 91w, https:\/\/antsroute.com\/wp-content\/uploads\/antsroute-formacion-2-700x579.jpg 700w\" sizes=\"(max-width:767px) 700px, (max-width:2325px) 100vw, 2325px\" \/>[\/vc_column_text][\/vc_column][\/vc_row][vc_row el_class=\u00bbvc_row-2&#8243;][vc_column width=\u00bb2\/12&#8243;][\/vc_column][vc_column width=\u00bb8\/12&#8243;][vc_column_text css=\u00bb\u00bb]\n<h3>Audiencia<\/h3>\n<p class=\"text-head\" style=\"margin-top: -10px;\">La formaci\u00f3n est\u00e1 dirigida a los administradores.<\/p>\n[\/vc_column_text][vc_column_text css=\u00bb\u00bb]\n<h3>Duraci\u00f3n<\/h3>\n<p class=\"text-head\" style=\"margin-top: -10px;\">4 horas<br \/>\n<em>La formaci\u00f3n puede dividirse en 2 sesiones de 2 horas.<\/em><\/p>\n[\/vc_column_text][vc_column_text css=\u00bb\u00bb]\n<h3>Participaci\u00f3n<\/h3>\n<p class=\"text-head\" style=\"margin-top: -10px;\">Videoconferencia.<br \/>\n<em>Nuestros expertos pueden desplazarse a tus instalaciones. Ponte en contacto directamente con nuestro equipo para la elaboraci\u00f3n de un presupuesto.<\/em><\/p>\n[\/vc_column_text][vc_column_text css=\u00bb\u00bb]\n<h3>Condiciones previas<\/h3>\n<p class=\"text-head\" style=\"margin-top: -10px;\">Suscribirse a una suscripci\u00f3n de AntsRoute.<\/p>\n[\/vc_column_text][vc_column_text css=\u00bb\u00bb]\n<h3>Precio<\/h3>\n<p class=\"text-head\" style=\"margin-top: -10px;\">850 \u20ac sin IVA<\/p>\n[\/vc_column_text][vc_column_text css=\u00bb\u00bb]\n<h3>Objetivos<\/h3>\n<p class=\"text-head\" style=\"margin-top: -10px;\"><strong><u>M\u00f3dulo 1<\/u>: Configuraci\u00f3n de los usuarios<\/strong><\/p>\n<ul id=\"imglist\">\n<li>A\u00f1adir usuarios (administradores y conductores)<\/li>\n<li>Creaci\u00f3n y asignaci\u00f3n de roles de usuario<\/li>\n<\/ul>\n[\/vc_column_text][vc_column_text css=\u00bb\u00bb]\n<p class=\"text-head\"><strong><u>M\u00f3dulo 2<\/u>: Configuraci\u00f3n de la cuenta<\/strong><\/p>\n<ul id=\"imglist\">\n<li>Definici\u00f3n de los par\u00e1metros de optimizaci\u00f3n<\/li>\n<li>Definici\u00f3n de los par\u00e1metros de la aplicaci\u00f3n m\u00f3vil<\/li>\n<li>Definici\u00f3n de los valores predeterminados<\/li>\n<li>Definici\u00f3n de la terminolog\u00eda<\/li>\n<\/ul>\n[\/vc_column_text][vc_column_text css=\u00bb\u00bb]\n<p class=\"text-head\"><strong><u>M\u00f3dulo 3<\/u>: Configuraci\u00f3n de las notificaciones<\/strong><\/p>\n<ul id=\"imglist\">\n<li>Creaci\u00f3n de los modelos de notificaci\u00f3n<\/li>\n<li>Creaci\u00f3n de los modelos de informes<\/li>\n<li>Configuraci\u00f3n de los enlaces de confirmaci\u00f3n \/ reprogramaci\u00f3n<\/li>\n<li>Configuraci\u00f3n de los enlaces de seguimiento \/ evaluaci\u00f3n<\/li>\n<\/ul>\n[\/vc_column_text][vc_column_text css=\u00bb\u00bb]\n<p class=\"text-head\"><strong><u>M\u00f3dulo 4<\/u>: Otros par\u00e1metros<\/strong><\/p>\n<ul id=\"imglist\">\n<li>Configuraci\u00f3n del sitio de reservas<\/li>\n<li>Configuraci\u00f3n de los campos personalizados<\/li>\n<li>Configuraci\u00f3n de las capacidades<\/li>\n<li>Configuraci\u00f3n de las competencias<\/li>\n<li>Configuraci\u00f3n de los tipos de servicio<\/li>\n<li>Configuraci\u00f3n de la sectorizaci\u00f3n<\/li>\n<li>Configuraci\u00f3n de una base de art\u00edculos o paquetes<\/li>\n<\/ul>\n[\/vc_column_text][vc_column_text css=\u00bb\u00bb]\n<p class=\"text-head\"><strong><u>M\u00f3dulo 5<\/u>: Importaci\u00f3n de una base de datos<\/strong><\/p>\n<ul id=\"imglist\">\n<li>An\u00e1lisis de tus datos (CRM o ERP)<\/li>\n<li>Creaci\u00f3n del archivo de importaci\u00f3n en Excel (base de datos de clientes y\/o lista de intervenciones)<\/li>\n<li>Importaci\u00f3n del archivo Excel o CSV en AntsRoute<\/li>\n<\/ul>\n[\/vc_column_text][vc_column_text css=\u00bb\u00bb]\n<p class=\"text-head\"><em>Para facilitar la cita, puedes empezar por recuperar un archivo en formato Excel con tu base de datos de clientes o una lista de intervenciones a planificar directamente desde tu sistema CRM o tu ERP. El archivo debe contener obligatoriamente los siguientes campos: fecha de visita prevista, nombre del cliente, direcci\u00f3n y duraci\u00f3n de la intervenci\u00f3n en el sitio.<\/em><\/p>\n[\/vc_column_text][vc_column_text css=\u00bb\u00bb]\n<p class=\"text-head\"><strong>Se ofrecer\u00e1 una sesi\u00f3n de preguntas y respuestas al finalizar esta formaci\u00f3n.<\/strong><\/p>\n[\/vc_column_text][\/vc_column][vc_column width=\u00bb2\/12&#8243; css=\u00bb.vc_custom_1689000559456{margin-top: -25px !important;margin-bottom: -35px !important;}\u00bb][\/vc_column][\/vc_row][vc_row css=\u00bb.vc_custom_1688991709404{background-color: #00041f !important;}\u00bb el_class=\u00bbpadding-block\u00bb][vc_column][vc_column_text css=\u00bb\u00bb]\n<h2 style=\"text-align: center; color: #ffffff;\">Utiliza AntsRoute a su m\u00e1ximo potencial.<\/h2>\n[\/vc_column_text][vc_column_text css=\u00bb\u00bb]\n<div id=\"cta\">\n<p style=\"text-align: center;\"><a class=\"btn-grad\" style=\"align-self: center;\" href=\"https:\/\/webforms.pipedrive.com\/f\/6rK4SVKmYqVKKGaXONxtsl1frdvSLVuzyvXtYBXLnjd9rrYx3kHkx1t08xIISnOiNJ\" target=\"_blank\" rel=\"noopener\">Registrarse | <span style=\"font-weight: 400;\">Contactar con nuestros equipos<\/span><\/a><\/p>\n<\/div>\n[\/vc_column_text][\/vc_column][\/vc_row]\n<\/div>","protected":false},"excerpt":{"rendered":"<p>[vc_row css=\u00bb.vc_custom_1694612776989{margin-right: -7.5px !important;padding-top: 50px !important;padding-bottom: 50px !important;background-color: #00041f !important;}\u00bb el_class=\u00bbvc_row-2&#8243;][vc_column width=\u00bb1\/12&#8243;][\/vc_column][vc_column width=\u00bb4\/12&#8243;][vc_column_text css=\u00bb\u00bb] \u2190 FORMACIONES ANTSROUTE Formaci\u00f3n de inicio Durante esta formaci\u00f3n, configurar\u00e1 su cuenta<span class=\"excerpt-hellip\"> [\u2026]<\/span><\/p>\n","protected":false},"author":9,"featured_media":-1,"parent":122744,"menu_order":0,"comment_status":"closed","ping_status":"closed","template":"","meta":{"footnotes":""},"class_list":["post-122773","page","type-page","status-publish","has-post-thumbnail","hentry"],"yoast_head":"<!-- This site is optimized with the Yoast SEO plugin v19.0 - https:\/\/yoast.com\/wordpress\/plugins\/seo\/ -->\n<title>Servicios AntsRoute | Formaci\u00f3n de inicio<\/title>\n<meta name=\"description\" content=\"Nuestros expertos le acompa\u00f1an para configurar su cuenta AntsRoute seg\u00fan sus necesidades.\" \/>\n<meta name=\"robots\" content=\"index, follow, max-snippet:-1, max-image-preview:large, max-video-preview:-1\" \/>\n<link rel=\"canonical\" href=\"https:\/\/antsroute.com\/es\/servicios\/formacion-de-inicio\/\" \/>\n<meta name=\"twitter:card\" content=\"summary\" \/>\n<meta name=\"twitter:title\" content=\"Servicios AntsRoute | Formaci\u00f3n de inicio\" \/>\n<meta name=\"twitter:description\" content=\"Nuestros expertos le acompa\u00f1an para configurar su cuenta AntsRoute seg\u00fan sus necesidades.\" \/>\n<meta name=\"twitter:site\" content=\"@AntswayCom\" \/>\n<meta name=\"twitter:label1\" content=\"Tiempo de lectura\" \/>\n\t<meta name=\"twitter:data1\" content=\"3 minutos\" \/>\n<!-- \/ Yoast SEO plugin. -->","yoast_head_json":{"title":"Servicios AntsRoute | Formaci\u00f3n de inicio","description":"Nuestros expertos le acompa\u00f1an para configurar su cuenta AntsRoute seg\u00fan sus necesidades.","robots":{"index":"index","follow":"follow","max-snippet":"max-snippet:-1","max-image-preview":"max-image-preview:large","max-video-preview":"max-video-preview:-1"},"canonical":"https:\/\/antsroute.com\/es\/servicios\/formacion-de-inicio\/","twitter_card":"summary","twitter_title":"Servicios AntsRoute | Formaci\u00f3n de inicio","twitter_description":"Nuestros expertos le acompa\u00f1an para configurar su cuenta AntsRoute seg\u00fan sus necesidades.","twitter_site":"@AntswayCom","twitter_misc":{"Tiempo de lectura":"3 minutos"},"schema":{"@context":"https:\/\/schema.org","@graph":[{"@type":"WebSite","@id":"https:\/\/antsroute.com\/en\/#website","url":"https:\/\/antsroute.com\/en\/","name":"AntsRoute","description":"ANTSROUTE - Logiciel d&#039;optimisation de tourn\u00e9es | Planifier &amp; Suivre | Route Optimization Software | Plan &amp; Track","potentialAction":[{"@type":"SearchAction","target":{"@type":"EntryPoint","urlTemplate":"https:\/\/antsroute.com\/en\/?s={search_term_string}"},"query-input":"required name=search_term_string"}],"inLanguage":"es"},{"@type":"ImageObject","inLanguage":"es","@id":"https:\/\/antsroute.com\/es\/servicios\/formacion-de-inicio\/#primaryimage","url":"","contentUrl":""},{"@type":"WebPage","@id":"https:\/\/antsroute.com\/es\/servicios\/formacion-de-inicio\/#webpage","url":"https:\/\/antsroute.com\/es\/servicios\/formacion-de-inicio\/","name":"Servicios AntsRoute | Formaci\u00f3n de inicio","isPartOf":{"@id":"https:\/\/antsroute.com\/en\/#website"},"primaryImageOfPage":{"@id":"https:\/\/antsroute.com\/es\/servicios\/formacion-de-inicio\/#primaryimage"},"datePublished":"2025-12-10T13:27:20+00:00","dateModified":"2025-12-10T16:06:44+00:00","description":"Nuestros expertos le acompa\u00f1an para configurar su cuenta AntsRoute seg\u00fan sus necesidades.","breadcrumb":{"@id":"https:\/\/antsroute.com\/es\/servicios\/formacion-de-inicio\/#breadcrumb"},"inLanguage":"es","potentialAction":[{"@type":"ReadAction","target":["https:\/\/antsroute.com\/es\/servicios\/formacion-de-inicio\/"]}]},{"@type":"BreadcrumbList","@id":"https:\/\/antsroute.com\/es\/servicios\/formacion-de-inicio\/#breadcrumb","itemListElement":[{"@type":"ListItem","position":1,"name":"AntsRoute","item":"https:\/\/antsroute.com\/es\/"},{"@type":"ListItem","position":2,"name":"Nuestros expertos te acompa\u00f1an","item":"https:\/\/antsroute.com\/es\/servicios\/"},{"@type":"ListItem","position":3,"name":"Formaci\u00f3n de inicio"}]}]}},"_links":{"self":[{"href":"https:\/\/antsroute.com\/es\/wp-json\/wp\/v2\/pages\/122773","targetHints":{"allow":["GET"]}}],"collection":[{"href":"https:\/\/antsroute.com\/es\/wp-json\/wp\/v2\/pages"}],"about":[{"href":"https:\/\/antsroute.com\/es\/wp-json\/wp\/v2\/types\/page"}],"author":[{"embeddable":true,"href":"https:\/\/antsroute.com\/es\/wp-json\/wp\/v2\/users\/9"}],"replies":[{"embeddable":true,"href":"https:\/\/antsroute.com\/es\/wp-json\/wp\/v2\/comments?post=122773"}],"version-history":[{"count":0,"href":"https:\/\/antsroute.com\/es\/wp-json\/wp\/v2\/pages\/122773\/revisions"}],"up":[{"embeddable":true,"href":"https:\/\/antsroute.com\/es\/wp-json\/wp\/v2\/pages\/122744"}],"wp:featuredmedia":[{"embeddable":true,"href":"https:\/\/antsroute.com\/es\/wp-json\/"}],"wp:attachment":[{"href":"https:\/\/antsroute.com\/es\/wp-json\/wp\/v2\/media?parent=122773"}],"curies":[{"name":"wp","href":"https:\/\/api.w.org\/{rel}","templated":true}]}}