{"id":122744,"date":"2025-12-10T12:35:47","date_gmt":"2025-12-10T11:35:47","guid":{"rendered":"https:\/\/antsroute.com\/?page_id=122744"},"modified":"2025-12-11T09:44:23","modified_gmt":"2025-12-11T08:44:23","slug":"servicios","status":"publish","type":"page","link":"https:\/\/antsroute.com\/es\/servicios\/","title":{"rendered":"Nuestros expertos te acompa\u00f1an"},"content":{"rendered":"<div class=\"wpb-content-wrapper\">[vc_row css=\u00bb.vc_custom_1694676310317{margin-right: -7.5px !important;padding-top: 50px !important;padding-bottom: 50px !important;background-color: #00041f !important;}\u00bb el_class=\u00bbvc_row-2&#8243;][vc_column width=\u00bb1\/12&#8243;][\/vc_column][vc_column width=\u00bb4\/12&#8243;][vc_row_inner][vc_column_inner][vc_column_text css=\u00bb\u00bb]\n<p class=\"text-head\" style=\"text-align: left; color: #7d87eb; font-family: helvetica; font-weight: 600;\">FORMACIONES ANTSROUTE<\/p>\n<h1 style=\"color: #ffffff;\">Nuestros expertos te acompa\u00f1an<\/h1>\n<p class=\"text-head\" style=\"color: #bfc0c6;\">Nuestros expertos te ofrecen formaciones para aprender a utilizar AntsRoute a su m\u00e1ximo potencial.<\/p>\n[\/vc_column_text][\/vc_column_inner][\/vc_row_inner][vc_row_inner css=\u00bb.vc_custom_1674122874234{margin-top: -15px !important;}\u00bb][vc_column_inner][vc_column_text css=\u00bb\u00bb]\n<div id=\"cta\"><a class=\"btn-grad\" style=\"align-self: center;\" href=\"mailto:marie.henrion@antsroute.com\" target=\"_blank\" rel=\"noopener\">Contactar con nuestros equipos<\/a><\/div>\n[\/vc_column_text][\/vc_column_inner][\/vc_row_inner][\/vc_column][vc_column width=\u00bb7\/12&#8243; css=\u00bb.vc_custom_1689000559456{margin-top: -25px !important;margin-bottom: -35px !important;}\u00bb][vc_column_text css=\u00bb\u00bb el_class=\u00bbvc_hidden-xs Extra Small Screen vc_hidden-sm Small Screen\u00bb]<img decoding=\"async\" class=\"aligncenter wp-image-122746 size-full\" src=\"https:\/\/antsroute.com\/wp-content\/uploads\/antsroute-formacion-1.jpg\" alt=\"\" width=\"60%\" height=\"\" srcset=\"https:\/\/antsroute.com\/wp-content\/uploads\/antsroute-formacion-1.jpg 2325w, https:\/\/antsroute.com\/wp-content\/uploads\/antsroute-formacion-1-300x248.jpg 300w, https:\/\/antsroute.com\/wp-content\/uploads\/antsroute-formacion-1-1024x847.jpg 1024w, https:\/\/antsroute.com\/wp-content\/uploads\/antsroute-formacion-1-768x636.jpg 768w, https:\/\/antsroute.com\/wp-content\/uploads\/antsroute-formacion-1-1536x1271.jpg 1536w, https:\/\/antsroute.com\/wp-content\/uploads\/antsroute-formacion-1-2048x1695.jpg 2048w, https:\/\/antsroute.com\/wp-content\/uploads\/antsroute-formacion-1-91x75.jpg 91w, https:\/\/antsroute.com\/wp-content\/uploads\/antsroute-formacion-1-700x579.jpg 700w\" sizes=\"(max-width:767px) 700px, (max-width:2325px) 100vw, 2325px\" \/>[\/vc_column_text][vc_column_text css=\u00bb\u00bb el_class=\u00bbvc_hidden-lg Large Screen vc_hidden-md Medium Screen\u00bb]<img decoding=\"async\" class=\"aligncenter wp-image-122746 size-full\" src=\"https:\/\/antsroute.com\/wp-content\/uploads\/antsroute-formacion-1.jpg\" alt=\"\" width=\"2325\" height=\"1924\" srcset=\"https:\/\/antsroute.com\/wp-content\/uploads\/antsroute-formacion-1.jpg 2325w, https:\/\/antsroute.com\/wp-content\/uploads\/antsroute-formacion-1-300x248.jpg 300w, https:\/\/antsroute.com\/wp-content\/uploads\/antsroute-formacion-1-1024x847.jpg 1024w, https:\/\/antsroute.com\/wp-content\/uploads\/antsroute-formacion-1-768x636.jpg 768w, https:\/\/antsroute.com\/wp-content\/uploads\/antsroute-formacion-1-1536x1271.jpg 1536w, https:\/\/antsroute.com\/wp-content\/uploads\/antsroute-formacion-1-2048x1695.jpg 2048w, https:\/\/antsroute.com\/wp-content\/uploads\/antsroute-formacion-1-91x75.jpg 91w, https:\/\/antsroute.com\/wp-content\/uploads\/antsroute-formacion-1-700x579.jpg 700w\" sizes=\"(max-width:767px) 700px, (max-width:2325px) 100vw, 2325px\" \/>[\/vc_column_text][\/vc_column][\/vc_row][vc_row css=\u00bb.vc_custom_1765365190958{background-color: #ffffff !important;}\u00bb][vc_column width=\u00bb1\/12&#8243; el_class=\u00bbvc_hidden-xs Extra Small Screen vc_hidden-sm Small Screen\u00bb][\/vc_column][vc_column width=\u00bb10\/12&#8243; el_class=\u00bbpadding-block\u00bb][vc_row_inner el_class=\u00bbindustrie-align industrie-1&#8243;][vc_column_inner el_class=\u00bbindustrie industrie-text\u00bb width=\u00bb1\/3&#8243;][vc_column_text]\n<p><img decoding=\"async\" class=\"alignnone size-full wp-image-66872\" style=\"border-radius: 5px; margin-bottom: -15px;\" src=\"https:\/\/antsroute.com\/wp-content\/uploads\/antsroute-formation-5.jpg\" alt=\"\" width=\"15%\" height=\"\" srcset=\"https:\/\/antsroute.com\/wp-content\/uploads\/antsroute-formation-5.jpg 225w, https:\/\/antsroute.com\/wp-content\/uploads\/antsroute-formation-5-148x146.jpg 148w, https:\/\/antsroute.com\/wp-content\/uploads\/antsroute-formation-5-50x50.jpg 50w, https:\/\/antsroute.com\/wp-content\/uploads\/antsroute-formation-5-76x75.jpg 76w, https:\/\/antsroute.com\/wp-content\/uploads\/antsroute-formation-5-85x85.jpg 85w, https:\/\/antsroute.com\/wp-content\/uploads\/antsroute-formation-5-80x80.jpg 80w\" sizes=\"(max-width:767px) 225px, 225px\" \/><\/p>\n[\/vc_column_text][vc_column_text css=\u00bb\u00bb]\n<h3 style=\"color: inherit;\">Formaci\u00f3n de inicio<\/h3>\n<p class=\"text-head\" style=\"color: inherit;\">Durante esta formaci\u00f3n, configuras tu cuenta de AntsRoute seg\u00fan tus necesidades. Nuestro equipo tambi\u00e9n te acompa\u00f1a para completar tu archivo de importaci\u00f3n en Excel o CSV.<\/p>\n[\/vc_column_text][vc_column_text css=\u00bb\u00bb]\n<p class=\"text-head\" style=\"text-align: left;\"><strong><a style=\"text-decoration: none; color: #7e87eb;\" href=\"https:\/\/antsroute.com\/es\/servicios\/formacion-de-inicio\/\">Saber m\u00e1s \u279c<\/a><\/strong><\/p>\n[\/vc_column_text][\/vc_column_inner][vc_column_inner el_class=\u00bbindustrie\u00bb width=\u00bb1\/3&#8243;][vc_column_text]<img decoding=\"async\" class=\"alignnone size-full wp-image-66880\" style=\"border-radius: 5px; margin-bottom: -15px;\" src=\"https:\/\/antsroute.com\/wp-content\/uploads\/antsroute-formation-6.jpg\" alt=\"\" width=\"15%\" height=\"\" srcset=\"https:\/\/antsroute.com\/wp-content\/uploads\/antsroute-formation-6.jpg 225w, https:\/\/antsroute.com\/wp-content\/uploads\/antsroute-formation-6-148x146.jpg 148w, https:\/\/antsroute.com\/wp-content\/uploads\/antsroute-formation-6-50x50.jpg 50w, https:\/\/antsroute.com\/wp-content\/uploads\/antsroute-formation-6-76x75.jpg 76w, https:\/\/antsroute.com\/wp-content\/uploads\/antsroute-formation-6-85x85.jpg 85w, https:\/\/antsroute.com\/wp-content\/uploads\/antsroute-formation-6-80x80.jpg 80w\" sizes=\"(max-width:767px) 225px, 225px\" \/>[\/vc_column_text][vc_column_text css=\u00bb\u00bb]\n<h3 style=\"color: inherit;\">Taller de configuraci\u00f3n<\/h3>\n<p class=\"text-head\" style=\"color: inherit;\">Nuestro equipo t\u00e9cnico te explica c\u00f3mo trabajar con nuestra API y nuestros webhooks. Tambi\u00e9n podemos acompa\u00f1arte en la integraci\u00f3n de un archivo de importaci\u00f3n espec\u00edfico.<\/p>\n[\/vc_column_text][vc_column_text css=\u00bb\u00bb]\n<p class=\"text-head\" style=\"text-align: left;\"><strong><a style=\"text-decoration: none; color: #7e87eb;\" href=\"https:\/\/antsroute.com\/es\/servicios\/taller-de-configuracion\/\">Saber m\u00e1s \u279c<\/a><\/strong><\/p>\n[\/vc_column_text][\/vc_column_inner][vc_column_inner el_class=\u00bbindustrie\u00bb width=\u00bb1\/3&#8243;][vc_column_text]<img decoding=\"async\" class=\"alignnone size-full wp-image-66886\" style=\"border-radius: 5px; margin-bottom: -15px;\" src=\"https:\/\/antsroute.com\/wp-content\/uploads\/antsroute-formation-7.jpg\" alt=\"\" width=\"15%\" height=\"\" srcset=\"https:\/\/antsroute.com\/wp-content\/uploads\/antsroute-formation-7.jpg 225w, https:\/\/antsroute.com\/wp-content\/uploads\/antsroute-formation-7-148x146.jpg 148w, https:\/\/antsroute.com\/wp-content\/uploads\/antsroute-formation-7-50x50.jpg 50w, https:\/\/antsroute.com\/wp-content\/uploads\/antsroute-formation-7-76x75.jpg 76w, https:\/\/antsroute.com\/wp-content\/uploads\/antsroute-formation-7-85x85.jpg 85w, https:\/\/antsroute.com\/wp-content\/uploads\/antsroute-formation-7-80x80.jpg 80w\" sizes=\"(max-width:767px) 225px, 225px\" \/>[\/vc_column_text][vc_column_text css=\u00bb\u00bb]\n<h3 style=\"color: inherit;\">Formaci\u00f3n para usuarios<\/h3>\n<p class=\"text-head\" style=\"color: inherit;\">Acompa\u00f1amos a los nuevos usuarios para que descubran las diferentes funcionalidades del software AntsRoute: administradores, conductores y analistas.<\/p>\n[\/vc_column_text][vc_column_text css=\u00bb\u00bb]\n<p class=\"text-head\" style=\"text-align: left;\"><strong><a style=\"text-decoration: none; color: #7e87eb;\" href=\"https:\/\/antsroute.com\/es\/servicios\/formacion-de-usuarios\/\">Saber m\u00e1s \u279c<\/a><\/strong><\/p>\n[\/vc_column_text][\/vc_column_inner][\/vc_row_inner][\/vc_column][vc_column width=\u00bb1\/12&#8243; el_class=\u00bbvc_hidden-xs Extra Small Screen vc_hidden-sm Small Screen\u00bb][\/vc_column][\/vc_row][vc_row css=\u00bb.vc_custom_1688991709404{background-color: #00041f !important;}\u00bb el_class=\u00bbpadding-block\u00bb][vc_column][vc_column_text css=\u00bb\u00bb]\n<h2 style=\"text-align: center; color: #ffffff;\">Aprovecha AntsRoute al m\u00e1ximo.<\/h2>\n[\/vc_column_text][vc_column_text css=\u00bb\u00bb]\n<div id=\"cta\">\n<p style=\"text-align: center;\"><a class=\"btn-grad\" style=\"align-self: center;\" href=\"mailto:marie.henrion@antsroute.com\" target=\"_blank\" rel=\"noopener\">Registrarse | <span style=\"font-weight: 400;\">Contactar con nuestros equipos<\/span><\/a><\/p>\n<\/div>\n[\/vc_column_text][\/vc_column][\/vc_row]\n<\/div>","protected":false},"excerpt":{"rendered":"<p>[vc_row css=\u00bb.vc_custom_1694676310317{margin-right: -7.5px !important;padding-top: 50px !important;padding-bottom: 50px !important;background-color: #00041f !important;}\u00bb el_class=\u00bbvc_row-2&#8243;][vc_column width=\u00bb1\/12&#8243;][\/vc_column][vc_column width=\u00bb4\/12&#8243;][vc_row_inner][vc_column_inner][vc_column_text css=\u00bb\u00bb] FORMACIONES ANTSROUTE Nuestros expertos te acompa\u00f1an Nuestros expertos te ofrecen formaciones para<span class=\"excerpt-hellip\"> [\u2026]<\/span><\/p>\n","protected":false},"author":9,"featured_media":-1,"parent":0,"menu_order":0,"comment_status":"closed","ping_status":"closed","template":"","meta":{"footnotes":""},"class_list":["post-122744","page","type-page","status-publish","has-post-thumbnail","hentry"],"yoast_head":"<!-- This site is optimized with the Yoast SEO plugin v19.0 - https:\/\/yoast.com\/wordpress\/plugins\/seo\/ -->\n<title>Nuestros expertos te acompa\u00f1an | AntsRoute<\/title>\n<meta name=\"description\" content=\"Nuestros expertos te ofrecen formaciones para aprender a utilizar AntsRoute a su m\u00e1ximo potencial.\" \/>\n<meta name=\"robots\" content=\"index, follow, max-snippet:-1, max-image-preview:large, max-video-preview:-1\" \/>\n<link rel=\"canonical\" href=\"https:\/\/antsroute.com\/es\/servicios\/\" \/>\n<meta name=\"twitter:card\" content=\"summary\" \/>\n<meta name=\"twitter:title\" content=\"Nuestros expertos te acompa\u00f1an | AntsRoute\" \/>\n<meta name=\"twitter:description\" content=\"Nuestros expertos te ofrecen formaciones para aprender a utilizar AntsRoute a su m\u00e1ximo potencial.\" \/>\n<meta name=\"twitter:site\" content=\"@AntswayCom\" \/>\n<meta name=\"twitter:label1\" content=\"Tiempo de lectura\" \/>\n\t<meta name=\"twitter:data1\" content=\"2 minutos\" \/>\n<!-- \/ Yoast SEO plugin. -->","yoast_head_json":{"title":"Nuestros expertos te acompa\u00f1an | AntsRoute","description":"Nuestros expertos te ofrecen formaciones para aprender a utilizar AntsRoute a su m\u00e1ximo potencial.","robots":{"index":"index","follow":"follow","max-snippet":"max-snippet:-1","max-image-preview":"max-image-preview:large","max-video-preview":"max-video-preview:-1"},"canonical":"https:\/\/antsroute.com\/es\/servicios\/","twitter_card":"summary","twitter_title":"Nuestros expertos te acompa\u00f1an | AntsRoute","twitter_description":"Nuestros expertos te ofrecen formaciones para aprender a utilizar AntsRoute a su m\u00e1ximo potencial.","twitter_site":"@AntswayCom","twitter_misc":{"Tiempo de lectura":"2 minutos"},"schema":{"@context":"https:\/\/schema.org","@graph":[{"@type":"WebSite","@id":"https:\/\/antsroute.com\/en\/#website","url":"https:\/\/antsroute.com\/en\/","name":"AntsRoute","description":"ANTSROUTE - Logiciel d&#039;optimisation de tourn\u00e9es | Planifier &amp; Suivre | Route Optimization Software | Plan &amp; Track","potentialAction":[{"@type":"SearchAction","target":{"@type":"EntryPoint","urlTemplate":"https:\/\/antsroute.com\/en\/?s={search_term_string}"},"query-input":"required name=search_term_string"}],"inLanguage":"es"},{"@type":"ImageObject","inLanguage":"es","@id":"https:\/\/antsroute.com\/es\/servicios\/#primaryimage","url":"","contentUrl":""},{"@type":"WebPage","@id":"https:\/\/antsroute.com\/es\/servicios\/#webpage","url":"https:\/\/antsroute.com\/es\/servicios\/","name":"Nuestros expertos te acompa\u00f1an | AntsRoute","isPartOf":{"@id":"https:\/\/antsroute.com\/en\/#website"},"primaryImageOfPage":{"@id":"https:\/\/antsroute.com\/es\/servicios\/#primaryimage"},"datePublished":"2025-12-10T11:35:47+00:00","dateModified":"2025-12-11T08:44:23+00:00","description":"Nuestros expertos te ofrecen formaciones para aprender a utilizar AntsRoute a su m\u00e1ximo potencial.","breadcrumb":{"@id":"https:\/\/antsroute.com\/es\/servicios\/#breadcrumb"},"inLanguage":"es","potentialAction":[{"@type":"ReadAction","target":["https:\/\/antsroute.com\/es\/servicios\/"]}]},{"@type":"BreadcrumbList","@id":"https:\/\/antsroute.com\/es\/servicios\/#breadcrumb","itemListElement":[{"@type":"ListItem","position":1,"name":"AntsRoute","item":"https:\/\/antsroute.com\/es\/"},{"@type":"ListItem","position":2,"name":"Nuestros expertos te acompa\u00f1an"}]}]}},"_links":{"self":[{"href":"https:\/\/antsroute.com\/es\/wp-json\/wp\/v2\/pages\/122744","targetHints":{"allow":["GET"]}}],"collection":[{"href":"https:\/\/antsroute.com\/es\/wp-json\/wp\/v2\/pages"}],"about":[{"href":"https:\/\/antsroute.com\/es\/wp-json\/wp\/v2\/types\/page"}],"author":[{"embeddable":true,"href":"https:\/\/antsroute.com\/es\/wp-json\/wp\/v2\/users\/9"}],"replies":[{"embeddable":true,"href":"https:\/\/antsroute.com\/es\/wp-json\/wp\/v2\/comments?post=122744"}],"version-history":[{"count":0,"href":"https:\/\/antsroute.com\/es\/wp-json\/wp\/v2\/pages\/122744\/revisions"}],"wp:featuredmedia":[{"embeddable":true,"href":"https:\/\/antsroute.com\/es\/wp-json\/"}],"wp:attachment":[{"href":"https:\/\/antsroute.com\/es\/wp-json\/wp\/v2\/media?parent=122744"}],"curies":[{"name":"wp","href":"https:\/\/api.w.org\/{rel}","templated":true}]}}