{"id":48464,"date":"2022-10-21T12:43:27","date_gmt":"2022-10-21T11:43:27","guid":{"rendered":"https:\/\/antsroute.com\/?page_id=48464"},"modified":"2025-07-29T10:13:41","modified_gmt":"2025-07-29T09:13:41","slug":"gesundheitswesen","status":"publish","type":"page","link":"https:\/\/antsroute.com\/de\/blog\/gesundheitswesen\/","title":{"rendered":"Nos Artikel &#8211; Gesundheitswesen"},"content":{"rendered":"<div class=\"wpb-content-wrapper\">[vc_row el_class=&#8220;vc_hidden-xs Extra Small Screen vc_hidden-sm Small Screen&#8220; css=&#8220;.vc_custom_1745489606471{margin-top: 50px !important;margin-bottom: -20px !important;}&#8220;][vc_column][vc_column_text css=&#8220;&#8220;]\n<div id=\"cta-blog\" style=\"text-align: center;\"><a class=\"button-2-blog\" style=\"align-self: center;\" href=\"https:\/\/antsroute.com\/de\/blog\/\" rel=\"noopener\">Alle<\/a> <a class=\"button-2-blog\" style=\"align-self: center;\" href=\"https:\/\/antsroute.com\/de\/blog\/lieferung\/\" rel=\"noopener\">Lieferung<\/a><a class=\"button-2-blog\" style=\"align-self: center;\" href=\"https:\/\/antsroute.com\/de\/blog\/service-einsatz\/\" rel=\"noopener\">Service Einsatz<\/a><a class=\"btn-grad-blog\" style=\"align-self: center;\" href=\"https:\/\/antsroute.com\/de\/blog\/gesundheitswesen\/\" rel=\"noopener\">Pflege zu Hause<\/a><a class=\"button-2-blog\" style=\"align-self: center;\" href=\"https:\/\/antsroute.com\/de\/blog\/produkt\/\" rel=\"noopener\">Produkt-Updates<\/a><\/div>\n[\/vc_column_text][\/vc_column][\/vc_row][vc_row css=&#8220;.vc_custom_1733392045895{margin-top: 25px !important;}&#8220;][vc_column][vc_column_text css=&#8220;&#8220;]    <div id=\"post-grid-lazy-48454\" class=\"post-grid-lazy\"><img decoding=\"async\" src=\"\"\/><\/div>\r\n    <script>\r\n\r\n        jQuery('#post-grid-lazy-48454').ready(function($){\r\n            jQuery('#post-grid-lazy-48454').fadeOut();\r\n            jQuery('#post-grid-48454').fadeIn();\r\n        })\r\n    <\/script>\r\n    <style type=\"text\/css\">\r\n        #post-grid-48454{display: none;}\r\n        .post-grid-lazy{\r\n            text-align: center;\r\n        }\r\n    <\/style>\r\n        <div data-options='{\"id\":\"48454\",\"lazy_load\":\"yes\",\"masonry_enable\":\"no\",\"view_type\":\"grid\"}' id=\"post-grid-48454\" class=\"post-grid grid\">\r\n                <div class=\"grid-items\">\r\n            \r\n    <div class=\"item item-116237 skin flat even 0 \">\r\n                <div class=\"layer-wrapper layout-95227\">\r\n                <div class=\"element element_1733408835417  element-media \">\r\n        <a target=\"_self\" href=\"https:\/\/antsroute.com\/de\/industrie\/tourenplanung-pflegedienst-software-vs-hand\/\"><img decoding=\"async\" alt=\"\" src=\"https:\/\/antsroute.com\/wp-content\/uploads\/Ambulante-pflegedienste-planung-antsroute-2.jpg\" \/><\/a>\r\n\r\n    <\/div>\r\n        <div class=\"element element_1733408842089  post_date \">\r\n                    1. August 2025            \r\n    <\/div>\r\n        <div class=\"element element_1733408838101  title \">\r\n                    <a target=\"_blank\" href=\"https:\/\/antsroute.com\/de\/industrie\/tourenplanung-pflegedienst-software-vs-hand\/\">Ambulante Pflegedienste: Was unterscheidet eine Planung von Hand von einer mit Tourenplanungssoftware?<\/a>\r\n        \r\n\r\n    <\/div>\r\n        <div class=\"element element_1733408839465  excerpt \">\r\n        Anhand eines konkreten Beispiels nehmen wir die Terminplanung bei ambulanten Pflegediensten \u2013 mit und ohne Tools \u2013 unter die Lupe.                    <a target=\"_blank\" href=\"https:\/\/antsroute.com\/de\/industrie\/tourenplanung-pflegedienst-software-vs-hand\/\">...<\/a>\r\n            <\/div>\r\n                <div class=\"element element_1733408838954  read_more \">\r\n            Mehr erfahren        <\/div>\r\n    \r\n            <\/div>\r\n    <\/div>\r\n    \r\n    <div class=\"item item-113291 skin flat odd 1 \">\r\n                <div class=\"layer-wrapper layout-95227\">\r\n                <div class=\"element element_1733408835417  element-media \">\r\n        <a target=\"_self\" href=\"https:\/\/antsroute.com\/de\/industrie\/digitalisierung-und-haeusliche-pflege-ein-starkes-duo-fuer-patienten-und-fachkraefte\/\"><img decoding=\"async\" alt=\"\" src=\"https:\/\/antsroute.com\/wp-content\/uploads\/Digitalisierung-hausliche-pflege-antsroute-1.jpg\" \/><\/a>\r\n\r\n    <\/div>\r\n        <div class=\"element element_1733408842089  post_date \">\r\n                    2. Mai 2025            \r\n    <\/div>\r\n        <div class=\"element element_1733408838101  title \">\r\n                    <a target=\"_blank\" href=\"https:\/\/antsroute.com\/de\/industrie\/digitalisierung-und-haeusliche-pflege-ein-starkes-duo-fuer-patienten-und-fachkraefte\/\">Digitalisierung und h\u00e4usliche Pflege: Ein starkes Duo f\u00fcr Patienten und Fachkr\u00e4fte<\/a>\r\n        \r\n\r\n    <\/div>\r\n        <div class=\"element element_1733408839465  excerpt \">\r\n        Wie die Digitalisierung die h\u00e4usliche Pflege revolutioniert, um die Koordinierung, \u00dcberwachung und Lebensqualit\u00e4t von Patienten und Pflegekr\u00e4ften gleicherma\u00dfen zu verbessern.                    <a target=\"_blank\" href=\"https:\/\/antsroute.com\/de\/industrie\/digitalisierung-und-haeusliche-pflege-ein-starkes-duo-fuer-patienten-und-fachkraefte\/\">...<\/a>\r\n            <\/div>\r\n                <div class=\"element element_1733408838954  read_more \">\r\n            Mehr erfahren        <\/div>\r\n    \r\n            <\/div>\r\n    <\/div>\r\n    \r\n    <div class=\"item item-100891 skin flat even 2 \">\r\n                <div class=\"layer-wrapper layout-95227\">\r\n                <div class=\"element element_1733408835417  element-media \">\r\n        <a target=\"_self\" href=\"https:\/\/antsroute.com\/de\/kunden\/erfolgreiche-haeusliche-physiotherapie-touren-mit-der-software-von-antsroute\/\"><img decoding=\"async\" alt=\"\" src=\"https:\/\/antsroute.com\/wp-content\/uploads\/hausliche-Physiotherapie-Touren-antsroute-2.jpg\" \/><\/a>\r\n\r\n    <\/div>\r\n        <div class=\"element element_1733408842089  post_date \">\r\n                    18. April 2025            \r\n    <\/div>\r\n        <div class=\"element element_1733408838101  title \">\r\n                    <a target=\"_blank\" href=\"https:\/\/antsroute.com\/de\/kunden\/erfolgreiche-haeusliche-physiotherapie-touren-mit-der-software-von-antsroute\/\">Erfolgreiche h\u00e4usliche Physiotherapie-Touren mit der Software von AntsRoute<\/a>\r\n        \r\n\r\n    <\/div>\r\n        <div class=\"element element_1733408839465  excerpt \">\r\n        Erfahren Sie, wie Mon Kin\u00e9, der Physiotherapiedienst in Luxemburg, die AntsRoute-Software einsetzt, um die Touren f\u00fcr die h\u00e4usliche Pflege zu                    <a target=\"_blank\" href=\"https:\/\/antsroute.com\/de\/kunden\/erfolgreiche-haeusliche-physiotherapie-touren-mit-der-software-von-antsroute\/\">...<\/a>\r\n            <\/div>\r\n                <div class=\"element element_1733408838954  read_more \">\r\n            Mehr erfahren        <\/div>\r\n    \r\n            <\/div>\r\n    <\/div>\r\n    \r\n    <div class=\"item item-100672 skin flat odd 3 \">\r\n                <div class=\"layer-wrapper layout-95227\">\r\n                <div class=\"element element_1733408835417  element-media \">\r\n        <a target=\"_self\" href=\"https:\/\/antsroute.com\/de\/industrie\/sammlung-und-transport-von-biologischen-proben-die-bewaehrten-vorgehensweisen\/\"><img decoding=\"async\" alt=\"\" src=\"https:\/\/antsroute.com\/wp-content\/uploads\/Transport-von-biologischen-proben-antsroute-2.jpg\" \/><\/a>\r\n\r\n    <\/div>\r\n        <div class=\"element element_1733408842089  post_date \">\r\n                    15. April 2025            \r\n    <\/div>\r\n        <div class=\"element element_1733408838101  title \">\r\n                    <a target=\"_blank\" href=\"https:\/\/antsroute.com\/de\/industrie\/sammlung-und-transport-von-biologischen-proben-die-bewaehrten-vorgehensweisen\/\">Sammlung und Transport von biologischen Proben: die bew\u00e4hrten Vorgehensweisen<\/a>\r\n        \r\n\r\n    <\/div>\r\n        <div class=\"element element_1733408839465  excerpt \">\r\n        Die wichtigsten Vorschriften f\u00fcr die Sammlung und den Transport von Proben + 7 Ideen zur Verbesserung der Logistikorganisation Ihres Labors.                    <a target=\"_blank\" href=\"https:\/\/antsroute.com\/de\/industrie\/sammlung-und-transport-von-biologischen-proben-die-bewaehrten-vorgehensweisen\/\">...<\/a>\r\n            <\/div>\r\n                <div class=\"element element_1733408838954  read_more \">\r\n            Mehr erfahren        <\/div>\r\n    \r\n            <\/div>\r\n    <\/div>\r\n    \r\n    <div class=\"item item-38084 skin flat even 4 \">\r\n                <div class=\"layer-wrapper layout-95227\">\r\n                <div class=\"element element_1733408835417  element-media \">\r\n        <a target=\"_self\" href=\"https:\/\/antsroute.com\/de\/industrie\/wie-laesst-sich-die-haeusliche-pflege-organisieren\/\"><img decoding=\"async\" alt=\"\" src=\"https:\/\/antsroute.com\/wp-content\/uploads\/hausliche-pflege-organisieren-antsroute-2.jpg\" \/><\/a>\r\n\r\n    <\/div>\r\n        <div class=\"element element_1733408842089  post_date \">\r\n                    15. Juli 2022            \r\n    <\/div>\r\n        <div class=\"element element_1733408838101  title \">\r\n                    <a target=\"_blank\" href=\"https:\/\/antsroute.com\/de\/industrie\/wie-laesst-sich-die-haeusliche-pflege-organisieren\/\">Organisation der h\u00e4uslichen Pflege: Wie kann die Digitalisierung den Alltag von Pflegefachkr\u00e4ften vereinfachen?<\/a>\r\n        \r\n\r\n    <\/div>\r\n        <div class=\"element element_1733408839465  excerpt \">\r\n        Hier finden Sie die richtigen digitalen Reflexe, um den Alltag der Pflegedienstleister zu erleichtern und einen guten Dienst anzubieten, ohne                    <a target=\"_blank\" href=\"https:\/\/antsroute.com\/de\/industrie\/wie-laesst-sich-die-haeusliche-pflege-organisieren\/\">...<\/a>\r\n            <\/div>\r\n                <div class=\"element element_1733408838954  read_more \">\r\n            Mehr erfahren        <\/div>\r\n    \r\n            <\/div>\r\n    <\/div>\r\n            <\/div>\r\n            <div class=\"pagination\">\r\n            <div class=\"paginate\">\r\n            <\/div>\r\n    <style type=\"text\/css\">\r\n        #post-grid-48454 .pagination .page-numbers{\r\n            font-size:16px;\r\n            color:#212121;\r\n            background:#ffffff;\r\n        }\r\n        #post-grid-48454 .pagination .page-numbers:hover,\r\n        #post-grid-48454 .pagination .page-numbers.current{\r\n            background:#5d75e7;\r\n        }\r\n    <\/style>\r\n        <\/div>\r\n        <style type=\"text\/css\">\r\n        #post-grid-48454 {\r\n                    padding:10px;\r\n                                        }\r\n        #post-grid-48454 .grid-items{\r\n                    text-align: left;\r\n                }\r\n        #post-grid-48454 .item{\r\n                    margin:10px;\r\n                            padding:0px;\r\n                            background:#fff;\r\n                }\r\n        #post-grid-48454  .item .layer-media{\r\n            height:auto;        }\r\n        @media only screen and ( min-width: 0px ) and ( max-width: 767px ) {\r\n            #post-grid-48454 .item{\r\n                            width:90%;\r\n                        height:auto;            }\r\n        }\r\n        @media only screen and ( min-width: 768px ) and ( max-width: 1023px ) {\r\n            #post-grid-48454 .item{\r\n                            width:50%;\r\n                        max-height:auto;            }\r\n        }\r\n        @media only screen and (min-width: 1024px ){\r\n            #post-grid-48454 .item{\r\n                            width:30%;\r\n                        height:auto;            }\r\n        }\r\n\r\n        \r\n\r\n    <\/style>\r\n    <style type=\"text\/css\">\r\n.layout-95227 .element_1733408835417{\r\n    overflow: hidden;\r\n}\r\n@media only screen and (min-width: 1024px ){\r\n    .layout-95227 .element_1733408835417{\r\n                height: auto;\r\n        }\r\n}\r\n@media only screen and ( min-width: 768px ) and ( max-width: 1023px ) {\r\n    .layout-95227 .element_1733408835417{\r\n            height: auto;\r\n        }\r\n}\r\n@media only screen and ( min-width: 0px ) and ( max-width: 767px ){\r\n    .layout-95227 .element_1733408835417{\r\n            height: auto;\r\n        }\r\n}\r\n<\/style>\r\n    <style type=\"text\/css\">\r\n.layout-95227 .element_1733408842089{\r\n    color: #5d5f6f;\r\n    text-align: left;\r\nline-height: 1.4;\r\nfont-family: Helvetica;\r\nfont-size: 14px;\r\nfont-weight: 300;}\r\n.layout-95227 .element_1733408842089 a{\r\n    color: #5d5f6f;\r\n}\r\n<\/style>\r\n    <style type=\"text\/css\">\r\n.layout-95227 .element_1733408838101{\r\n    color: #212121;\r\n    font-size: 20px;\r\n    margin: 10px 0;\r\n    text-align: left;\r\nmargin-top: 5px;\r\nline-height: 1.3;\r\ncolor: #00041E;\r\nfont-family: Helvetica;\r\nfont-size: 22px;\r\ntext-decoration: none;\r\nfont-weight: 500;}\r\n.layout-95227 .element_1733408838101 a{\r\n    color: #212121;\r\n    font-size: 20px;\r\n}\r\n<\/style>\r\n    <style type=\"text\/css\">\r\n.layout-95227 .element_1733408839465{\r\n    font-size: 15px;\r\n    margin: 10px 0;\r\n    text-align: left;\r\nline-height: 1.4;\r\ncolor: #00041E;\r\nfont-family: Helvetica;\r\nfont-size: 18px;\r\nfont-weight: 300;}\r\n.layout-95227 .element_1733408839465 a{\r\n    font-size: 15px;\r\n}\r\n<\/style>\r\n    <style type=\"text\/css\">\r\n.layout-95227 .element_1733408838954{\r\n    color: #5d75e7 !important;;\r\n    text-align: left;\r\nline-height: 1.4;\r\ncolor: #00041E;\r\nfont-family: Helvetica;\r\nfont-size: 16px;\r\nfont-weight: 600;}\r\n.layout-95227 .element_1733408838954 a{\r\n    color: #5d75e7 !important; ;\r\n}\r\n<\/style>\r\n    \r\n                    <style type=\"text\/css\">\r\n            \/* AFFICHAGE PAGINATION GIRD *\/\r\n#post-grid-48454 .pagination .page-numbers:hover, #post-grid-48454 .pagination .page-numbers.current {\r\n    background: #5D75E7;\r\n    opacity: 100%;\r\n    border-radius: 25px;\r\n}\r\n\r\n#post-grid-48454 .pagination .page-numbers:hover, #post-grid-48454 .pagination .page-numbers.current {\r\n    color: #FFFFFF;\r\n    font-weight: 600;\r\n\tborder-radius: 25px;\r\n}\r\n        <\/style>\r\n    \r\n    \r\n\r\n        <script>\r\n                        \r\n        <\/script>\r\n\r\n        <\/div>\r\n    [\/vc_column_text][\/vc_column][\/vc_row][vc_row el_class=&#8220;padding-block&#8220; css=&#8220;.vc_custom_1733307854397{background-color: #00041F !important;}&#8220;][vc_column width=&#8220;3\/12&#8243;][\/vc_column][vc_column width=&#8220;6\/12&#8243;][vc_column_text css=&#8220;&#8220;]\n<h2 style=\"text-align: center; color: #ffffff;\">Schlie\u00dfen Sie sich uns an<\/h2>\n<p class=\"text-head\" style=\"text-align: center; color: #bcbdc4;\">Um alle unsere Neuigkeiten zu verfolgen.<\/p>\n[\/vc_column_text][vc_row_inner css=&#8220;.vc_custom_1718628454400{margin-top: -35px !important;}&#8220;][vc_column_inner width=&#8220;1\/4&#8243;][vc_column_text]\n<p class=\"text-head\" style=\"float: left;\"><a href=\"https:\/\/www.linkedin.com\/company\/antsway\/\" target=\"_blank\" rel=\"noopener\"><img decoding=\"async\" class=\"alignnone wp-image-85456 size-full\" style=\"border-radius: 5px; vertical-align: middle;\" src=\"https:\/\/antsroute.com\/wp-content\/uploads\/entreprise-antsroute-linkedin.jpg\" alt=\"\" width=\"35\" height=\"35\" srcset=\"https:\/\/antsroute.com\/wp-content\/uploads\/entreprise-antsroute-linkedin.jpg 225w, https:\/\/antsroute.com\/wp-content\/uploads\/entreprise-antsroute-linkedin-150x150.jpg 150w, https:\/\/antsroute.com\/wp-content\/uploads\/entreprise-antsroute-linkedin-148x146.jpg 148w, https:\/\/antsroute.com\/wp-content\/uploads\/entreprise-antsroute-linkedin-50x50.jpg 50w, https:\/\/antsroute.com\/wp-content\/uploads\/entreprise-antsroute-linkedin-76x75.jpg 76w, https:\/\/antsroute.com\/wp-content\/uploads\/entreprise-antsroute-linkedin-85x85.jpg 85w, https:\/\/antsroute.com\/wp-content\/uploads\/entreprise-antsroute-linkedin-80x80.jpg 80w\" sizes=\"(max-width:767px) 35px, 35px\" \/><\/a> <a class=\"text-head\" style=\"text-decoration: none; text-align: left; color: #ffffff; font-weight: 500; font-size: 22px; margin-left: 3px; margin-top: 3px;\" href=\"https:\/\/www.linkedin.com\/company\/antsway\/\" target=\"_blank\" rel=\"noopener\">LinkedIn<\/a><\/p>\n[\/vc_column_text][\/vc_column_inner][vc_column_inner width=&#8220;1\/4&#8243;][vc_column_text]\n<p class=\"text-head\" style=\"float: left;\"><a href=\"https:\/\/twitter.com\/AntsRoute\" target=\"_blank\" rel=\"noopener\"><img decoding=\"async\" class=\"alignnone wp-image-85613 size-full\" style=\"border-radius: 5px; vertical-align: middle;\" src=\"https:\/\/antsroute.com\/wp-content\/uploads\/entreprise-antsroute-twitter.jpg\" alt=\"\" width=\"35\" height=\"35\" srcset=\"https:\/\/antsroute.com\/wp-content\/uploads\/entreprise-antsroute-twitter.jpg 225w, https:\/\/antsroute.com\/wp-content\/uploads\/entreprise-antsroute-twitter-150x150.jpg 150w, https:\/\/antsroute.com\/wp-content\/uploads\/entreprise-antsroute-twitter-148x146.jpg 148w, https:\/\/antsroute.com\/wp-content\/uploads\/entreprise-antsroute-twitter-50x50.jpg 50w, https:\/\/antsroute.com\/wp-content\/uploads\/entreprise-antsroute-twitter-76x75.jpg 76w, https:\/\/antsroute.com\/wp-content\/uploads\/entreprise-antsroute-twitter-85x85.jpg 85w, https:\/\/antsroute.com\/wp-content\/uploads\/entreprise-antsroute-twitter-80x80.jpg 80w\" sizes=\"(max-width:767px) 35px, 35px\" \/><\/a> <a class=\"text-head\" style=\"text-decoration: none; text-align: left; color: #ffffff; font-weight: 500; font-size: 22px; margin-left: 3px; margin-top: 3px;\" href=\"https:\/\/twitter.com\/AntsRoute\" target=\"_blank\" rel=\"noopener\">Twitter<\/a><\/p>\n[\/vc_column_text][\/vc_column_inner][vc_column_inner width=&#8220;1\/4&#8243;][vc_column_text]\n<p class=\"text-head\" style=\"float: left;\"><a href=\"https:\/\/www.facebook.com\/AntswayCom\" target=\"_blank\" rel=\"noopener\"><img decoding=\"async\" class=\"alignnone wp-image-85621 size-full\" style=\"border-radius: 5px; vertical-align: middle;\" src=\"https:\/\/antsroute.com\/wp-content\/uploads\/entreprise-antsroute-facebook.jpg\" alt=\"\" width=\"35\" height=\"35\" srcset=\"https:\/\/antsroute.com\/wp-content\/uploads\/entreprise-antsroute-facebook.jpg 225w, https:\/\/antsroute.com\/wp-content\/uploads\/entreprise-antsroute-facebook-150x150.jpg 150w, https:\/\/antsroute.com\/wp-content\/uploads\/entreprise-antsroute-facebook-148x146.jpg 148w, https:\/\/antsroute.com\/wp-content\/uploads\/entreprise-antsroute-facebook-50x50.jpg 50w, https:\/\/antsroute.com\/wp-content\/uploads\/entreprise-antsroute-facebook-76x75.jpg 76w, https:\/\/antsroute.com\/wp-content\/uploads\/entreprise-antsroute-facebook-85x85.jpg 85w, https:\/\/antsroute.com\/wp-content\/uploads\/entreprise-antsroute-facebook-80x80.jpg 80w\" sizes=\"(max-width:767px) 35px, 35px\" \/><\/a> <a class=\"text-head\" style=\"text-decoration: none; text-align: left; color: #ffffff; font-weight: 500; font-size: 22px; margin-left: 3px; margin-top: 3px;\" href=\"https:\/\/www.facebook.com\/AntswayCom\" target=\"_blank\" rel=\"noopener\">Facebook<\/a><\/p>\n[\/vc_column_text][\/vc_column_inner][vc_column_inner width=&#8220;1\/4&#8243;][vc_column_text]\n<p class=\"text-head\" style=\"float: left;\"><a href=\"https:\/\/www.youtube.com\/@Antsroute\" target=\"_blank\" rel=\"noopener\"><img decoding=\"async\" class=\"alignnone wp-image-85626 size-full\" style=\"border-radius: 5px; vertical-align: middle;\" src=\"https:\/\/antsroute.com\/wp-content\/uploads\/entreprise-antsroute-youtube.jpg\" alt=\"\" width=\"35\" height=\"35\" srcset=\"https:\/\/antsroute.com\/wp-content\/uploads\/entreprise-antsroute-youtube.jpg 225w, https:\/\/antsroute.com\/wp-content\/uploads\/entreprise-antsroute-youtube-150x150.jpg 150w, https:\/\/antsroute.com\/wp-content\/uploads\/entreprise-antsroute-youtube-148x146.jpg 148w, https:\/\/antsroute.com\/wp-content\/uploads\/entreprise-antsroute-youtube-50x50.jpg 50w, https:\/\/antsroute.com\/wp-content\/uploads\/entreprise-antsroute-youtube-76x75.jpg 76w, https:\/\/antsroute.com\/wp-content\/uploads\/entreprise-antsroute-youtube-85x85.jpg 85w, https:\/\/antsroute.com\/wp-content\/uploads\/entreprise-antsroute-youtube-80x80.jpg 80w\" sizes=\"(max-width:767px) 35px, 35px\" \/><\/a> <a class=\"text-head\" style=\"text-decoration: none; text-align: left; color: #ffffff; font-weight: 500; font-size: 22px;\" href=\"https:\/\/www.youtube.com\/@Antsroute\" target=\"_blank\" rel=\"noopener\">YouTube<\/a><\/p>\n[\/vc_column_text][\/vc_column_inner][\/vc_row_inner][\/vc_column][vc_column width=&#8220;3\/12&#8243;][\/vc_column][\/vc_row]\n<\/div>","protected":false},"excerpt":{"rendered":"<p>[vc_row el_class=&#8220;vc_hidden-xs Extra Small Screen vc_hidden-sm Small Screen&#8220; css=&#8220;.vc_custom_1745489606471{margin-top: 50px !important;margin-bottom: -20px !important;}&#8220;][vc_column][vc_column_text css=&#8220;&#8220;] Alle LieferungService EinsatzPflege zu HauseProdukt-Updates [\/vc_column_text][\/vc_column][\/vc_row][vc_row css=&#8220;.vc_custom_1733392045895{margin-top: 25px !important;}&#8220;][vc_column][vc_column_text css=&#8220;&#8220;][\/vc_column_text][\/vc_column][\/vc_row][vc_row el_class=&#8220;padding-block&#8220; css=&#8220;.vc_custom_1733307854397{background-color:<span class=\"excerpt-hellip\"> [\u2026]<\/span><\/p>\n","protected":false},"author":3,"featured_media":-1,"parent":30056,"menu_order":0,"comment_status":"closed","ping_status":"closed","template":"","meta":{"footnotes":""},"class_list":["post-48464","page","type-page","status-publish","has-post-thumbnail","hentry"],"yoast_head":"<!-- This site is optimized with the Yoast SEO plugin v19.0 - https:\/\/yoast.com\/wordpress\/plugins\/seo\/ -->\n<title>Blog - Gesundheitswesen - AntsRoute<\/title>\n<meta name=\"description\" content=\"Lesen Sie unsere Artikel, die Ihnen helfen sollen, die Organisation Ihrer h\u00e4uslichen Gesundheitsversorgung zu vereinfachen.\" \/>\n<meta name=\"robots\" content=\"index, follow, max-snippet:-1, max-image-preview:large, max-video-preview:-1\" \/>\n<link rel=\"canonical\" href=\"https:\/\/antsroute.com\/de\/blog\/gesundheitswesen\/\" \/>\n<meta name=\"twitter:card\" content=\"summary\" \/>\n<meta name=\"twitter:title\" content=\"Blog - Gesundheitswesen - AntsRoute\" \/>\n<meta name=\"twitter:description\" content=\"Lesen Sie unsere Artikel, die Ihnen helfen sollen, die Organisation Ihrer h\u00e4uslichen Gesundheitsversorgung zu vereinfachen.\" \/>\n<meta name=\"twitter:site\" content=\"@AntswayCom\" \/>\n<meta name=\"twitter:label1\" content=\"Gesch\u00e4tzte Lesezeit\" \/>\n\t<meta name=\"twitter:data1\" content=\"2\u00a0Minuten\" \/>\n<!-- \/ Yoast SEO plugin. -->","yoast_head_json":{"title":"Blog - Gesundheitswesen - AntsRoute","description":"Lesen Sie unsere Artikel, die Ihnen helfen sollen, die Organisation Ihrer h\u00e4uslichen Gesundheitsversorgung zu vereinfachen.","robots":{"index":"index","follow":"follow","max-snippet":"max-snippet:-1","max-image-preview":"max-image-preview:large","max-video-preview":"max-video-preview:-1"},"canonical":"https:\/\/antsroute.com\/de\/blog\/gesundheitswesen\/","twitter_card":"summary","twitter_title":"Blog - Gesundheitswesen - AntsRoute","twitter_description":"Lesen Sie unsere Artikel, die Ihnen helfen sollen, die Organisation Ihrer h\u00e4uslichen Gesundheitsversorgung zu vereinfachen.","twitter_site":"@AntswayCom","twitter_misc":{"Gesch\u00e4tzte Lesezeit":"2\u00a0Minuten"},"schema":{"@context":"https:\/\/schema.org","@graph":[{"@type":"WebSite","@id":"https:\/\/antsroute.com\/#website","url":"https:\/\/antsroute.com\/","name":"AntsRoute","description":"ANTSROUTE - Logiciel d&#039;optimisation de tourn\u00e9es | Planifier &amp; Suivre | Route Optimization Software | Plan &amp; Track","potentialAction":[{"@type":"SearchAction","target":{"@type":"EntryPoint","urlTemplate":"https:\/\/antsroute.com\/?s={search_term_string}"},"query-input":"required name=search_term_string"}],"inLanguage":"de"},{"@type":"ImageObject","inLanguage":"de","@id":"https:\/\/antsroute.com\/de\/blog\/gesundheitswesen\/#primaryimage","url":"","contentUrl":""},{"@type":"WebPage","@id":"https:\/\/antsroute.com\/de\/blog\/gesundheitswesen\/#webpage","url":"https:\/\/antsroute.com\/de\/blog\/gesundheitswesen\/","name":"Blog - Gesundheitswesen - AntsRoute","isPartOf":{"@id":"https:\/\/antsroute.com\/#website"},"primaryImageOfPage":{"@id":"https:\/\/antsroute.com\/de\/blog\/gesundheitswesen\/#primaryimage"},"datePublished":"2022-10-21T11:43:27+00:00","dateModified":"2025-07-29T09:13:41+00:00","description":"Lesen Sie unsere Artikel, die Ihnen helfen sollen, die Organisation Ihrer h\u00e4uslichen Gesundheitsversorgung zu vereinfachen.","breadcrumb":{"@id":"https:\/\/antsroute.com\/de\/blog\/gesundheitswesen\/#breadcrumb"},"inLanguage":"de","potentialAction":[{"@type":"ReadAction","target":["https:\/\/antsroute.com\/de\/blog\/gesundheitswesen\/"]}]},{"@type":"BreadcrumbList","@id":"https:\/\/antsroute.com\/de\/blog\/gesundheitswesen\/#breadcrumb","itemListElement":[{"@type":"ListItem","position":1,"name":"AntsRoute","item":"https:\/\/antsroute.com\/de\/"},{"@type":"ListItem","position":2,"name":"Blog","item":"https:\/\/antsroute.com\/de\/blog\/"},{"@type":"ListItem","position":3,"name":"Nos Artikel &#8211; Gesundheitswesen"}]}]}},"_links":{"self":[{"href":"https:\/\/antsroute.com\/de\/wp-json\/wp\/v2\/pages\/48464","targetHints":{"allow":["GET"]}}],"collection":[{"href":"https:\/\/antsroute.com\/de\/wp-json\/wp\/v2\/pages"}],"about":[{"href":"https:\/\/antsroute.com\/de\/wp-json\/wp\/v2\/types\/page"}],"author":[{"embeddable":true,"href":"https:\/\/antsroute.com\/de\/wp-json\/wp\/v2\/users\/3"}],"replies":[{"embeddable":true,"href":"https:\/\/antsroute.com\/de\/wp-json\/wp\/v2\/comments?post=48464"}],"version-history":[{"count":0,"href":"https:\/\/antsroute.com\/de\/wp-json\/wp\/v2\/pages\/48464\/revisions"}],"up":[{"embeddable":true,"href":"https:\/\/antsroute.com\/de\/wp-json\/wp\/v2\/pages\/30056"}],"wp:featuredmedia":[{"embeddable":true,"href":"https:\/\/antsroute.com\/de\/wp-json\/"}],"wp:attachment":[{"href":"https:\/\/antsroute.com\/de\/wp-json\/wp\/v2\/media?parent=48464"}],"curies":[{"name":"wp","href":"https:\/\/api.w.org\/{rel}","templated":true}]}}