{"id":45417,"date":"2022-10-05T14:58:44","date_gmt":"2022-10-05T13:58:44","guid":{"rendered":"https:\/\/antsroute.com\/?page_id=45417"},"modified":"2026-03-05T08:46:30","modified_gmt":"2026-03-05T07:46:30","slug":"kontakt","status":"publish","type":"page","link":"https:\/\/antsroute.com\/de\/kontakt\/","title":{"rendered":"Haben Sie Fragen?"},"content":{"rendered":"<div class=\"wpb-content-wrapper\">[vc_row css=&#8220;.vc_custom_1718713004818{margin-right: -7.5px !important;background-color: #e8edff !important;}&#8220; el_class=&#8220;vc_row-2&#8243;][vc_column width=&#8220;1\/12&#8243;][\/vc_column][vc_column width=&#8220;5\/12&#8243;][vc_column_text css=&#8220;&#8220;]\n<h1>Haben Sie Fragen?<\/h1>\n<p class=\"text-head\">Unser Team steht Ihnen gerne zur Verf\u00fcgung, um alle Ihre Fragen zu beantworten und Ihnen AntsRoute vorzustellen. Schicken Sie uns Ihre Kontaktdaten und wir melden uns bei Ihnen innerhalb einer Stunde von Montag bis Freitag zwischen 9.00 und 17.00 Uhr oder so schnell wie m\u00f6glich, sollte Ihre Anfrage au\u00dferhalb der Gesch\u00e4ftszeiten eintreffen.<\/p>\n<p class=\"text-head\"><strong>Eine dringende Frage?<\/strong> Rufen Sie uns unter +33 7 82 95 83 08 an.<\/p>\n<p><img decoding=\"async\" class=\"wp-image-85791 alignleft\" src=\"https:\/\/antsroute.com\/wp-content\/uploads\/contact-antsroute-5.jpg\" alt=\"\" width=\"173\" height=\"80\" srcset=\"https:\/\/antsroute.com\/wp-content\/uploads\/contact-antsroute-5.jpg 901w, https:\/\/antsroute.com\/wp-content\/uploads\/contact-antsroute-5-300x139.jpg 300w, https:\/\/antsroute.com\/wp-content\/uploads\/contact-antsroute-5-768x355.jpg 768w, https:\/\/antsroute.com\/wp-content\/uploads\/contact-antsroute-5-260x120.jpg 260w, https:\/\/antsroute.com\/wp-content\/uploads\/contact-antsroute-5-50x23.jpg 50w, https:\/\/antsroute.com\/wp-content\/uploads\/contact-antsroute-5-150x69.jpg 150w\" sizes=\"(max-width:767px) 173px, 173px\" \/>[\/vc_column_text][\/vc_column][vc_column width=&#8220;5\/12&#8243;][vc_column_text]\n<div class=\"pipedriveWebForms\" data-pd-webforms=\"https:\/\/webforms.pipedrive.com\/f\/6b8FuXBBeR5HzGXx9fn8wQf2zb24VQDdFIrQTzlxu1NwhYYwcKDkIQQSs2JdjGtVXJ\"><script src=\"https:\/\/webforms.pipedrive.com\/f\/loader\"><\/script><\/div>\n[\/vc_column_text][\/vc_column][vc_column width=&#8220;1\/12&#8243;][\/vc_column][\/vc_row][vc_row css=&#8220;.vc_custom_1718624898978{background-color: #ffffff !important;}&#8220; el_class=&#8220;padding-block&#8220;][vc_column width=&#8220;1\/12&#8243;][\/vc_column][vc_column width=&#8220;10\/12&#8243;][vc_row_inner][vc_column_inner][vc_column_text]\n<h2 class=\"title-h2\" style=\"text-align: center;\">Was sind Ihre Bed\u00fcrfnisse?<\/h2>\n[\/vc_column_text][\/vc_column_inner][\/vc_row_inner][vc_row_inner el_class=&#8220;industrie-align&#8220;][vc_column_inner el_class=&#8220;industrie industrie-text&#8220; width=&#8220;1\/3&#8243;][vc_column_text]<img decoding=\"async\" class=\"alignnone size-full wp-image-85768\" style=\"border-radius: 5px;\" src=\"https:\/\/antsroute.com\/wp-content\/uploads\/contact-antsroute-2.jpg\" alt=\"\" width=\"50\" height=\"50\" srcset=\"https:\/\/antsroute.com\/wp-content\/uploads\/contact-antsroute-2.jpg 225w, https:\/\/antsroute.com\/wp-content\/uploads\/contact-antsroute-2-150x150.jpg 150w, https:\/\/antsroute.com\/wp-content\/uploads\/contact-antsroute-2-148x146.jpg 148w, https:\/\/antsroute.com\/wp-content\/uploads\/contact-antsroute-2-50x50.jpg 50w, https:\/\/antsroute.com\/wp-content\/uploads\/contact-antsroute-2-76x75.jpg 76w, https:\/\/antsroute.com\/wp-content\/uploads\/contact-antsroute-2-85x85.jpg 85w, https:\/\/antsroute.com\/wp-content\/uploads\/contact-antsroute-2-80x80.jpg 80w\" sizes=\"(max-width:767px) 50px, 50px\" \/><\/p>\n<h3 style=\"color: inherit;\">Help-Center<\/h3>\n<p class=\"text-head\" style=\"color: inherit;\">In unserem Help-Center finden Sie Antworten zu den am h\u00e4ufigsten gestellten Fragen.<\/p>\n<p class=\"text-head\" style=\"text-align: left;\"><strong><a style=\"text-decoration: none; color: #7e87eb;\" href=\"https:\/\/support.antsroute.com\/hc\/en-gb\" target=\"_blank\" rel=\"noopener\">Entdecken \u279c<\/a><\/strong><\/p>\n[\/vc_column_text][\/vc_column_inner][vc_column_inner el_class=&#8220;industrie&#8220; width=&#8220;1\/3&#8243;][vc_column_text]<img decoding=\"async\" class=\"alignnone size-full wp-image-85773\" style=\"border-radius: 5px;\" src=\"https:\/\/antsroute.com\/wp-content\/uploads\/contact-antsroute-1.jpg\" alt=\"\" width=\"50\" height=\"50\" srcset=\"https:\/\/antsroute.com\/wp-content\/uploads\/contact-antsroute-1.jpg 225w, https:\/\/antsroute.com\/wp-content\/uploads\/contact-antsroute-1-150x150.jpg 150w, https:\/\/antsroute.com\/wp-content\/uploads\/contact-antsroute-1-148x146.jpg 148w, https:\/\/antsroute.com\/wp-content\/uploads\/contact-antsroute-1-50x50.jpg 50w, https:\/\/antsroute.com\/wp-content\/uploads\/contact-antsroute-1-76x75.jpg 76w, https:\/\/antsroute.com\/wp-content\/uploads\/contact-antsroute-1-85x85.jpg 85w, https:\/\/antsroute.com\/wp-content\/uploads\/contact-antsroute-1-80x80.jpg 80w\" sizes=\"(max-width:767px) 50px, 50px\" \/><\/p>\n<h3 style=\"color: inherit;\">Implementierung<\/h3>\n<p class=\"text-head\" style=\"color: inherit;\">Brauchen Sie Hilfe bei der Einf\u00fchrung unserer L\u00f6sung AntsRoute? Unser Support-Team begleitet Sie.<\/p>\n<p class=\"text-head\" style=\"text-align: left;\"><strong><a style=\"text-decoration: none; color: #7e87eb;\" href=\"https:\/\/antsroute.pipedrive.com\/scheduler\/rAkzZ3FZ\/meeting-antsroute\" target=\"_blank\" rel=\"noopener\">Einen Termin vereinbaren \u279c<\/a><\/strong><\/p>\n[\/vc_column_text][\/vc_column_inner][vc_column_inner el_class=&#8220;industrie&#8220; width=&#8220;1\/3&#8243;][vc_column_text]<img decoding=\"async\" class=\"alignnone size-full wp-image-85778\" style=\"border-radius: 5px;\" src=\"https:\/\/antsroute.com\/wp-content\/uploads\/contact-antsroute-3.jpg\" alt=\"\" width=\"50\" height=\"50\" srcset=\"https:\/\/antsroute.com\/wp-content\/uploads\/contact-antsroute-3.jpg 225w, https:\/\/antsroute.com\/wp-content\/uploads\/contact-antsroute-3-150x150.jpg 150w, https:\/\/antsroute.com\/wp-content\/uploads\/contact-antsroute-3-148x146.jpg 148w, https:\/\/antsroute.com\/wp-content\/uploads\/contact-antsroute-3-50x50.jpg 50w, https:\/\/antsroute.com\/wp-content\/uploads\/contact-antsroute-3-76x75.jpg 76w, https:\/\/antsroute.com\/wp-content\/uploads\/contact-antsroute-3-85x85.jpg 85w, https:\/\/antsroute.com\/wp-content\/uploads\/contact-antsroute-3-80x80.jpg 80w\" sizes=\"(max-width:767px) 50px, 50px\" \/><\/p>\n<h3 style=\"color: inherit;\">Andere Anfragen<\/h3>\n<p class=\"text-head\" style=\"color: inherit;\">M\u00f6chten Sie sich \u00fcber ein anderes Thema austauschen? Haben Sie allgemeine Fragen und Vorschl\u00e4ge f\u00fcr eine m\u00f6gliche Zusammenarbeit?<\/p>\n<p class=\"text-head\" style=\"text-align: left;\"><strong><a style=\"text-decoration: none; color: #7e87eb;\" href=\"mailto:lea.brice@antsroute.com\" target=\"_blank\" rel=\"noopener\">E-Mail senden \u279c<\/a><\/strong><\/p>\n[\/vc_column_text][\/vc_column_inner][\/vc_row_inner][\/vc_column][vc_column width=&#8220;1\/12&#8243;][\/vc_column][\/vc_row][vc_row css=&#8220;.vc_custom_1718714439634{background-color: #e8edff !important;}&#8220; el_class=&#8220;padding-block&#8220;][vc_column width=&#8220;1\/12&#8243;][\/vc_column][vc_column width=&#8220;10\/12&#8243;][vc_row_inner el_class=&#8220;vc_row-2&#8243;][vc_column_inner width=&#8220;5\/12&#8243;][vc_column_text css=&#8220;&#8220;]\n<h2 class=\"title-h2\">Unsere B\u00fcros<\/h2>\n<p class=\"text-head\">5 Rue Saint-Georges,<br \/>\n54000 Nancy<br \/>\nFrankreich<\/p>\n<p class=\"text-head\">Tel.: +33 7 82 95 83 08<br \/>\nMail: <strong><a style=\"text-decoration: none; color: #7e87eb;\" href=\"mailto:contact@antsroute.com\" target=\"_blank\" rel=\"noopener\">contact@antsroute.com<\/a><\/strong><\/p>\n[\/vc_column_text][\/vc_column_inner][vc_column_inner width=&#8220;1\/12&#8243;][\/vc_column_inner][vc_column_inner width=&#8220;5\/12&#8243;][vc_column_text]<img decoding=\"async\" class=\"aligncenter wp-image-40298 size-full\" style=\"border-radius: 10px;\" src=\"https:\/\/antsroute.com\/wp-content\/uploads\/contact-antsroute-08.jpg\" alt=\"\" width=\"850\" height=\"635\" srcset=\"https:\/\/antsroute.com\/wp-content\/uploads\/contact-antsroute-08.jpg 850w, https:\/\/antsroute.com\/wp-content\/uploads\/contact-antsroute-08-300x224.jpg 300w, https:\/\/antsroute.com\/wp-content\/uploads\/contact-antsroute-08-768x574.jpg 768w, https:\/\/antsroute.com\/wp-content\/uploads\/contact-antsroute-08-195x146.jpg 195w, https:\/\/antsroute.com\/wp-content\/uploads\/contact-antsroute-08-50x37.jpg 50w, https:\/\/antsroute.com\/wp-content\/uploads\/contact-antsroute-08-100x75.jpg 100w\" sizes=\"(max-width:767px) 700px, (max-width:850px) 100vw, 850px\" \/>[\/vc_column_text][\/vc_column_inner][vc_column_inner width=&#8220;1\/12&#8243;][\/vc_column_inner][\/vc_row_inner][\/vc_column][vc_column width=&#8220;1\/12&#8243;][\/vc_column][\/vc_row][vc_row css=&#8220;.vc_custom_1718628430387{background-color: #00041f !important;}&#8220; el_class=&#8220;padding-block&#8220;][vc_column width=&#8220;3\/12&#8243;][\/vc_column][vc_column width=&#8220;6\/12&#8243;][vc_column_text]\n<h2 style=\"text-align: center; color: #ffffff;\">Schlie\u00dfen Sie sich uns an<\/h2>\n<p class=\"text-head\" style=\"text-align: center; color: #bcbdc4;\">Um alle unsere Neuigkeiten zu verfolgen.<\/p>\n[\/vc_column_text][vc_row_inner css=&#8220;.vc_custom_1718628454400{margin-top: -35px !important;}&#8220;][vc_column_inner width=&#8220;1\/4&#8243;][vc_column_text]\n<p class=\"text-head\" style=\"float: left;\"><a href=\"https:\/\/www.linkedin.com\/company\/antsway\/\" target=\"_blank\" rel=\"noopener\"><img decoding=\"async\" class=\"alignnone wp-image-85456 size-full\" style=\"border-radius: 5px; vertical-align: middle;\" src=\"https:\/\/antsroute.com\/wp-content\/uploads\/entreprise-antsroute-linkedin.jpg\" alt=\"\" width=\"35\" height=\"35\" srcset=\"https:\/\/antsroute.com\/wp-content\/uploads\/entreprise-antsroute-linkedin.jpg 225w, https:\/\/antsroute.com\/wp-content\/uploads\/entreprise-antsroute-linkedin-150x150.jpg 150w, https:\/\/antsroute.com\/wp-content\/uploads\/entreprise-antsroute-linkedin-148x146.jpg 148w, https:\/\/antsroute.com\/wp-content\/uploads\/entreprise-antsroute-linkedin-50x50.jpg 50w, https:\/\/antsroute.com\/wp-content\/uploads\/entreprise-antsroute-linkedin-76x75.jpg 76w, https:\/\/antsroute.com\/wp-content\/uploads\/entreprise-antsroute-linkedin-85x85.jpg 85w, https:\/\/antsroute.com\/wp-content\/uploads\/entreprise-antsroute-linkedin-80x80.jpg 80w\" sizes=\"(max-width:767px) 35px, 35px\" \/><\/a> <a class=\"text-head\" style=\"text-decoration: none; text-align: left; color: #ffffff; font-weight: 500; font-size: 22px; margin-left: 3px; margin-top: 3px;\" href=\"https:\/\/www.linkedin.com\/company\/antsway\/\" target=\"_blank\" rel=\"noopener\">LinkedIn<\/a><\/p>\n[\/vc_column_text][\/vc_column_inner][vc_column_inner width=&#8220;1\/4&#8243;][vc_column_text]\n<p class=\"text-head\" style=\"float: left;\"><a href=\"https:\/\/twitter.com\/AntsRoute\" target=\"_blank\" rel=\"noopener\"><img decoding=\"async\" class=\"alignnone wp-image-85613 size-full\" style=\"border-radius: 5px; vertical-align: middle;\" src=\"https:\/\/antsroute.com\/wp-content\/uploads\/entreprise-antsroute-twitter.jpg\" alt=\"\" width=\"35\" height=\"35\" srcset=\"https:\/\/antsroute.com\/wp-content\/uploads\/entreprise-antsroute-twitter.jpg 225w, https:\/\/antsroute.com\/wp-content\/uploads\/entreprise-antsroute-twitter-150x150.jpg 150w, https:\/\/antsroute.com\/wp-content\/uploads\/entreprise-antsroute-twitter-148x146.jpg 148w, https:\/\/antsroute.com\/wp-content\/uploads\/entreprise-antsroute-twitter-50x50.jpg 50w, https:\/\/antsroute.com\/wp-content\/uploads\/entreprise-antsroute-twitter-76x75.jpg 76w, https:\/\/antsroute.com\/wp-content\/uploads\/entreprise-antsroute-twitter-85x85.jpg 85w, https:\/\/antsroute.com\/wp-content\/uploads\/entreprise-antsroute-twitter-80x80.jpg 80w\" sizes=\"(max-width:767px) 35px, 35px\" \/><\/a> <a class=\"text-head\" style=\"text-decoration: none; text-align: left; color: #ffffff; font-weight: 500; font-size: 22px; margin-left: 3px; margin-top: 3px;\" href=\"https:\/\/twitter.com\/AntsRoute\" target=\"_blank\" rel=\"noopener\">Twitter<\/a><\/p>\n[\/vc_column_text][\/vc_column_inner][vc_column_inner width=&#8220;1\/4&#8243;][vc_column_text]\n<p class=\"text-head\" style=\"float: left;\"><a href=\"https:\/\/www.facebook.com\/AntswayCom\" target=\"_blank\" rel=\"noopener\"><img decoding=\"async\" class=\"alignnone wp-image-85621 size-full\" style=\"border-radius: 5px; vertical-align: middle;\" src=\"https:\/\/antsroute.com\/wp-content\/uploads\/entreprise-antsroute-facebook.jpg\" alt=\"\" width=\"35\" height=\"35\" srcset=\"https:\/\/antsroute.com\/wp-content\/uploads\/entreprise-antsroute-facebook.jpg 225w, https:\/\/antsroute.com\/wp-content\/uploads\/entreprise-antsroute-facebook-150x150.jpg 150w, https:\/\/antsroute.com\/wp-content\/uploads\/entreprise-antsroute-facebook-148x146.jpg 148w, https:\/\/antsroute.com\/wp-content\/uploads\/entreprise-antsroute-facebook-50x50.jpg 50w, https:\/\/antsroute.com\/wp-content\/uploads\/entreprise-antsroute-facebook-76x75.jpg 76w, https:\/\/antsroute.com\/wp-content\/uploads\/entreprise-antsroute-facebook-85x85.jpg 85w, https:\/\/antsroute.com\/wp-content\/uploads\/entreprise-antsroute-facebook-80x80.jpg 80w\" sizes=\"(max-width:767px) 35px, 35px\" \/><\/a> <a class=\"text-head\" style=\"text-decoration: none; text-align: left; color: #ffffff; font-weight: 500; font-size: 22px; margin-left: 3px; margin-top: 3px;\" href=\"https:\/\/www.facebook.com\/AntswayCom\" target=\"_blank\" rel=\"noopener\">Facebook<\/a><\/p>\n[\/vc_column_text][\/vc_column_inner][vc_column_inner width=&#8220;1\/4&#8243;][vc_column_text]\n<p class=\"text-head\" style=\"float: left;\"><a href=\"https:\/\/www.youtube.com\/@Antsroute\" target=\"_blank\" rel=\"noopener\"><img decoding=\"async\" class=\"alignnone wp-image-85626 size-full\" style=\"border-radius: 5px; vertical-align: middle;\" src=\"https:\/\/antsroute.com\/wp-content\/uploads\/entreprise-antsroute-youtube.jpg\" alt=\"\" width=\"35\" height=\"35\" srcset=\"https:\/\/antsroute.com\/wp-content\/uploads\/entreprise-antsroute-youtube.jpg 225w, https:\/\/antsroute.com\/wp-content\/uploads\/entreprise-antsroute-youtube-150x150.jpg 150w, https:\/\/antsroute.com\/wp-content\/uploads\/entreprise-antsroute-youtube-148x146.jpg 148w, https:\/\/antsroute.com\/wp-content\/uploads\/entreprise-antsroute-youtube-50x50.jpg 50w, https:\/\/antsroute.com\/wp-content\/uploads\/entreprise-antsroute-youtube-76x75.jpg 76w, https:\/\/antsroute.com\/wp-content\/uploads\/entreprise-antsroute-youtube-85x85.jpg 85w, https:\/\/antsroute.com\/wp-content\/uploads\/entreprise-antsroute-youtube-80x80.jpg 80w\" sizes=\"(max-width:767px) 35px, 35px\" \/><\/a> <a class=\"text-head\" style=\"text-decoration: none; text-align: left; color: #ffffff; font-weight: 500; font-size: 22px;\" href=\"https:\/\/www.youtube.com\/@Antsroute\" target=\"_blank\" rel=\"noopener\">YouTube<\/a><\/p>\n[\/vc_column_text][\/vc_column_inner][\/vc_row_inner][\/vc_column][vc_column width=&#8220;3\/12&#8243;][\/vc_column][\/vc_row]\n<\/div>","protected":false},"excerpt":{"rendered":"<p>[vc_row css=&#8220;.vc_custom_1718713004818{margin-right: -7.5px !important;background-color: #e8edff !important;}&#8220; el_class=&#8220;vc_row-2&#8243;][vc_column width=&#8220;1\/12&#8243;][\/vc_column][vc_column width=&#8220;5\/12&#8243;][vc_column_text css=&#8220;&#8220;] Haben Sie Fragen? Unser Team steht Ihnen gerne zur Verf\u00fcgung, um alle Ihre Fragen zu beantworten<span class=\"excerpt-hellip\"> [\u2026]<\/span><\/p>\n","protected":false},"author":3,"featured_media":-1,"parent":0,"menu_order":0,"comment_status":"closed","ping_status":"closed","template":"","meta":{"footnotes":""},"class_list":["post-45417","page","type-page","status-publish","has-post-thumbnail","hentry"],"yoast_head":"<!-- This site is optimized with the Yoast SEO plugin v19.0 - https:\/\/yoast.com\/wordpress\/plugins\/seo\/ -->\n<title>Kontaktieren Sie uns | AntsRoute<\/title>\n<meta name=\"description\" content=\"Unser Team steht Ihnen von Montag bis Freitag von 9.00 bis 17.00 Uhr zur Verf\u00fcgung, um alle Ihre Fragen zu beantworten oder Ihnen AntsRoute vorzustellen.\" \/>\n<meta name=\"robots\" content=\"index, follow, max-snippet:-1, max-image-preview:large, max-video-preview:-1\" \/>\n<link rel=\"canonical\" href=\"https:\/\/antsroute.com\/de\/kontakt\/\" \/>\n<meta name=\"twitter:card\" content=\"summary\" \/>\n<meta name=\"twitter:title\" content=\"Kontaktieren Sie uns | AntsRoute\" \/>\n<meta name=\"twitter:description\" content=\"Unser Team steht Ihnen von Montag bis Freitag von 9.00 bis 17.00 Uhr zur Verf\u00fcgung, um alle Ihre Fragen zu beantworten oder Ihnen AntsRoute vorzustellen.\" \/>\n<meta name=\"twitter:site\" content=\"@AntswayCom\" \/>\n<meta name=\"twitter:label1\" content=\"Gesch\u00e4tzte Lesezeit\" \/>\n\t<meta name=\"twitter:data1\" content=\"3\u00a0Minuten\" \/>\n<!-- \/ Yoast SEO plugin. -->","yoast_head_json":{"title":"Kontaktieren Sie uns | AntsRoute","description":"Unser Team steht Ihnen von Montag bis Freitag von 9.00 bis 17.00 Uhr zur Verf\u00fcgung, um alle Ihre Fragen zu beantworten oder Ihnen AntsRoute vorzustellen.","robots":{"index":"index","follow":"follow","max-snippet":"max-snippet:-1","max-image-preview":"max-image-preview:large","max-video-preview":"max-video-preview:-1"},"canonical":"https:\/\/antsroute.com\/de\/kontakt\/","twitter_card":"summary","twitter_title":"Kontaktieren Sie uns | AntsRoute","twitter_description":"Unser Team steht Ihnen von Montag bis Freitag von 9.00 bis 17.00 Uhr zur Verf\u00fcgung, um alle Ihre Fragen zu beantworten oder Ihnen AntsRoute vorzustellen.","twitter_site":"@AntswayCom","twitter_misc":{"Gesch\u00e4tzte Lesezeit":"3\u00a0Minuten"},"schema":{"@context":"https:\/\/schema.org","@graph":[{"@type":"WebSite","@id":"https:\/\/antsroute.com\/#website","url":"https:\/\/antsroute.com\/","name":"AntsRoute","description":"ANTSROUTE - Logiciel d&#039;optimisation de tourn\u00e9es | Planifier &amp; Suivre | Route Optimization Software | Plan &amp; Track","potentialAction":[{"@type":"SearchAction","target":{"@type":"EntryPoint","urlTemplate":"https:\/\/antsroute.com\/?s={search_term_string}"},"query-input":"required name=search_term_string"}],"inLanguage":"de"},{"@type":"ImageObject","inLanguage":"de","@id":"https:\/\/antsroute.com\/de\/kontakt\/#primaryimage","url":"","contentUrl":""},{"@type":"WebPage","@id":"https:\/\/antsroute.com\/de\/kontakt\/#webpage","url":"https:\/\/antsroute.com\/de\/kontakt\/","name":"Kontaktieren Sie uns | AntsRoute","isPartOf":{"@id":"https:\/\/antsroute.com\/#website"},"primaryImageOfPage":{"@id":"https:\/\/antsroute.com\/de\/kontakt\/#primaryimage"},"datePublished":"2022-10-05T13:58:44+00:00","dateModified":"2026-03-05T07:46:30+00:00","description":"Unser Team steht Ihnen von Montag bis Freitag von 9.00 bis 17.00 Uhr zur Verf\u00fcgung, um alle Ihre Fragen zu beantworten oder Ihnen AntsRoute vorzustellen.","breadcrumb":{"@id":"https:\/\/antsroute.com\/de\/kontakt\/#breadcrumb"},"inLanguage":"de","potentialAction":[{"@type":"ReadAction","target":["https:\/\/antsroute.com\/de\/kontakt\/"]}]},{"@type":"BreadcrumbList","@id":"https:\/\/antsroute.com\/de\/kontakt\/#breadcrumb","itemListElement":[{"@type":"ListItem","position":1,"name":"AntsRoute","item":"https:\/\/antsroute.com\/de\/"},{"@type":"ListItem","position":2,"name":"Haben Sie Fragen?"}]}]}},"_links":{"self":[{"href":"https:\/\/antsroute.com\/de\/wp-json\/wp\/v2\/pages\/45417","targetHints":{"allow":["GET"]}}],"collection":[{"href":"https:\/\/antsroute.com\/de\/wp-json\/wp\/v2\/pages"}],"about":[{"href":"https:\/\/antsroute.com\/de\/wp-json\/wp\/v2\/types\/page"}],"author":[{"embeddable":true,"href":"https:\/\/antsroute.com\/de\/wp-json\/wp\/v2\/users\/3"}],"replies":[{"embeddable":true,"href":"https:\/\/antsroute.com\/de\/wp-json\/wp\/v2\/comments?post=45417"}],"version-history":[{"count":1,"href":"https:\/\/antsroute.com\/de\/wp-json\/wp\/v2\/pages\/45417\/revisions"}],"predecessor-version":[{"id":124718,"href":"https:\/\/antsroute.com\/de\/wp-json\/wp\/v2\/pages\/45417\/revisions\/124718"}],"wp:featuredmedia":[{"embeddable":true,"href":"https:\/\/antsroute.com\/de\/wp-json\/"}],"wp:attachment":[{"href":"https:\/\/antsroute.com\/de\/wp-json\/wp\/v2\/media?parent=45417"}],"curies":[{"name":"wp","href":"https:\/\/api.w.org\/{rel}","templated":true}]}}