{"id":45410,"date":"2022-01-05T15:01:00","date_gmt":"2022-01-05T14:01:00","guid":{"rendered":"https:\/\/antsroute.com\/?page_id=45410"},"modified":"2025-07-30T08:05:47","modified_gmt":"2025-07-30T07:05:47","slug":"partner","status":"publish","type":"page","link":"https:\/\/antsroute.com\/de\/partner\/","title":{"rendered":"Werden Sie AntsRoute-Partner"},"content":{"rendered":"<div class=\"wpb-content-wrapper\">[vc_row css=&#8220;.vc_custom_1718616861629{margin-right: -7.5px !important;background-color: #00041f !important;}&#8220; el_class=&#8220;vc_row-2&#8243;][vc_column width=&#8220;1\/12&#8243;][\/vc_column][vc_column width=&#8220;4\/12&#8243;][vc_row_inner][vc_column_inner][vc_column_text]\n<h1 style=\"color: #ffffff;\">Werden Sie AntsRoute-Partner<\/h1>\n<p class=\"text-head\" style=\"color: #bfc0c6;\">Sind Sie an einer Zusammenarbeit mit AntsRoute interessiert? Wir bieten zwei Partnerprogramme an, mit denen Sie Ihr Gesch\u00e4ft und Ihre Einnahmen ausbauen k\u00f6nnen.<\/p>\n[\/vc_column_text][\/vc_column_inner][\/vc_row_inner][vc_row_inner css=&#8220;.vc_custom_1723016980983{margin-top: -15px !important;}&#8220;][vc_column_inner][vc_column_text]\n<div id=\"cta\"><a class=\"btn-grad\" style=\"align-self: center;\" href=\"#partnerprogramme\">Unsere Partnerprogramme<\/a> <a class=\"button-2\" style=\"align-self: center;\" href=\"https:\/\/antsroute.com\/de\/kontakt\/\" rel=\"noopener\">Kontaktieren Sie uns<\/a><\/div>\n[\/vc_column_text][\/vc_column_inner][\/vc_row_inner][\/vc_column][vc_column width=&#8220;6\/12&#8243;][vc_column_text el_class=&#8220;vc_hidden-xs Extra Small Screen vc_hidden-sm Small Screen align-img&#8220;]<img decoding=\"async\" class=\"alignright wp-image-86559 size-full\" style=\"margin: 0px;\" src=\"https:\/\/antsroute.com\/wp-content\/uploads\/partnerprogramme-antsroute-2.jpg\" alt=\"\" width=\"1797\" height=\"1500\" srcset=\"https:\/\/antsroute.com\/wp-content\/uploads\/partnerprogramme-antsroute-2.jpg 1797w, https:\/\/antsroute.com\/wp-content\/uploads\/partnerprogramme-antsroute-2-300x250.jpg 300w, https:\/\/antsroute.com\/wp-content\/uploads\/partnerprogramme-antsroute-2-1024x855.jpg 1024w, https:\/\/antsroute.com\/wp-content\/uploads\/partnerprogramme-antsroute-2-768x641.jpg 768w, https:\/\/antsroute.com\/wp-content\/uploads\/partnerprogramme-antsroute-2-1536x1282.jpg 1536w, https:\/\/antsroute.com\/wp-content\/uploads\/partnerprogramme-antsroute-2-175x146.jpg 175w, https:\/\/antsroute.com\/wp-content\/uploads\/partnerprogramme-antsroute-2-50x42.jpg 50w, https:\/\/antsroute.com\/wp-content\/uploads\/partnerprogramme-antsroute-2-90x75.jpg 90w\" sizes=\"(max-width:767px) 700px, (max-width:1797px) 100vw, 1797px\" \/>[\/vc_column_text][vc_column_text css=&#8220;.vc_custom_1722515902775{margin-top: -75px !important;}&#8220; el_class=&#8220;vc_hidden-lg Large Screen vc_hidden-md Medium Screen align-img&#8220;]<img decoding=\"async\" class=\"alignright wp-image-86559 size-full\" style=\"margin: 0px;\" src=\"https:\/\/antsroute.com\/wp-content\/uploads\/partnerprogramme-antsroute-2.jpg\" alt=\"\" width=\"1797\" height=\"1500\" srcset=\"https:\/\/antsroute.com\/wp-content\/uploads\/partnerprogramme-antsroute-2.jpg 1797w, https:\/\/antsroute.com\/wp-content\/uploads\/partnerprogramme-antsroute-2-300x250.jpg 300w, https:\/\/antsroute.com\/wp-content\/uploads\/partnerprogramme-antsroute-2-1024x855.jpg 1024w, https:\/\/antsroute.com\/wp-content\/uploads\/partnerprogramme-antsroute-2-768x641.jpg 768w, https:\/\/antsroute.com\/wp-content\/uploads\/partnerprogramme-antsroute-2-1536x1282.jpg 1536w, https:\/\/antsroute.com\/wp-content\/uploads\/partnerprogramme-antsroute-2-175x146.jpg 175w, https:\/\/antsroute.com\/wp-content\/uploads\/partnerprogramme-antsroute-2-50x42.jpg 50w, https:\/\/antsroute.com\/wp-content\/uploads\/partnerprogramme-antsroute-2-90x75.jpg 90w\" sizes=\"(max-width:767px) 700px, (max-width:1797px) 100vw, 1797px\" \/>[\/vc_column_text][\/vc_column][vc_column width=&#8220;1\/12&#8243; el_class=&#8220;vc_hidden-xs Extra Small Screen vc_hidden-sm Small Screen&#8220;][\/vc_column][\/vc_row][vc_row el_class=&#8220;vc_hidden-xs Extra Small Screen vc_hidden-sm Small Screen&#8220;][vc_column width=&#8220;1\/12&#8243;][\/vc_column][vc_column width=&#8220;10\/12&#8243;][vc_column_text css=&#8220;&#8220;]\n<p style=\"text-align: center; color: #00041f; font-family: helvetica; font-weight: 600;\">SCHLIESSEN SIE SICH DEN DYNAMISCHEN PARTNERN VON ANTSROUTE AN<\/p>\n[\/vc_column_text][vc_row_inner][vc_column_inner][vc_column_text css=&#8220;&#8220;]\n<p style=\"text-align: center;\"><img decoding=\"async\" class=\"alignnone wp-image-94370\" style=\"margin-right: 5%;\" src=\"https:\/\/antsroute.com\/wp-content\/uploads\/antsroute-partenaires-fleeti-1-300x84.jpg\" alt=\"\" width=\"143\" height=\"40\" srcset=\"https:\/\/antsroute.com\/wp-content\/uploads\/antsroute-partenaires-fleeti-1-300x84.jpg 300w, https:\/\/antsroute.com\/wp-content\/uploads\/antsroute-partenaires-fleeti-1-260x73.jpg 260w, https:\/\/antsroute.com\/wp-content\/uploads\/antsroute-partenaires-fleeti-1-50x14.jpg 50w, https:\/\/antsroute.com\/wp-content\/uploads\/antsroute-partenaires-fleeti-1-150x42.jpg 150w, https:\/\/antsroute.com\/wp-content\/uploads\/antsroute-partenaires-fleeti-1.jpg 466w\" sizes=\"(max-width:767px) 143px, 143px\" \/><img decoding=\"async\" class=\"alignnone wp-image-94360\" style=\"margin-right: 5%;\" src=\"https:\/\/antsroute.com\/wp-content\/uploads\/antsroute-partenaires-OBS-300x127.jpg\" alt=\"\" width=\"118\" height=\"50\" srcset=\"https:\/\/antsroute.com\/wp-content\/uploads\/antsroute-partenaires-OBS-300x127.jpg 300w, https:\/\/antsroute.com\/wp-content\/uploads\/antsroute-partenaires-OBS-260x110.jpg 260w, https:\/\/antsroute.com\/wp-content\/uploads\/antsroute-partenaires-OBS-50x21.jpg 50w, https:\/\/antsroute.com\/wp-content\/uploads\/antsroute-partenaires-OBS-150x64.jpg 150w, https:\/\/antsroute.com\/wp-content\/uploads\/antsroute-partenaires-OBS.jpg 307w\" sizes=\"(max-width:767px) 118px, 118px\" \/><img decoding=\"async\" class=\"alignnone wp-image-94349\" style=\"margin-right: 5%;\" src=\"https:\/\/antsroute.com\/wp-content\/uploads\/antsroute-partenaires-mhcare-300x62.jpg\" alt=\"\" width=\"171\" height=\"35\" srcset=\"https:\/\/antsroute.com\/wp-content\/uploads\/antsroute-partenaires-mhcare-300x62.jpg 300w, https:\/\/antsroute.com\/wp-content\/uploads\/antsroute-partenaires-mhcare-260x53.jpg 260w, https:\/\/antsroute.com\/wp-content\/uploads\/antsroute-partenaires-mhcare-50x10.jpg 50w, https:\/\/antsroute.com\/wp-content\/uploads\/antsroute-partenaires-mhcare-150x31.jpg 150w, https:\/\/antsroute.com\/wp-content\/uploads\/antsroute-partenaires-mhcare.jpg 634w\" sizes=\"(max-width:767px) 171px, 171px\" \/><img decoding=\"async\" class=\"alignnone wp-image-94355\" style=\"margin-right: 5%;\" src=\"https:\/\/antsroute.com\/wp-content\/uploads\/antsroute-partenaires-mustg5.jpg\" alt=\"\" width=\"65\" height=\"40\" srcset=\"https:\/\/antsroute.com\/wp-content\/uploads\/antsroute-partenaires-mustg5.jpg 211w, https:\/\/antsroute.com\/wp-content\/uploads\/antsroute-partenaires-mustg5-50x31.jpg 50w, https:\/\/antsroute.com\/wp-content\/uploads\/antsroute-partenaires-mustg5-122x75.jpg 122w\" sizes=\"(max-width:767px) 65px, 65px\" \/><a href=\"https:\/\/antsroute.com\/en\/software\/integrate-shopify-store\/\"><img decoding=\"async\" class=\"alignnone wp-image-94365\" style=\"margin-right: 5%;\" src=\"https:\/\/antsroute.com\/wp-content\/uploads\/antsroute-partenaires-zapiet.jpg\" alt=\"\" width=\"85\" height=\"40\" srcset=\"https:\/\/antsroute.com\/wp-content\/uploads\/antsroute-partenaires-zapiet.jpg 276w, https:\/\/antsroute.com\/wp-content\/uploads\/antsroute-partenaires-zapiet-260x122.jpg 260w, https:\/\/antsroute.com\/wp-content\/uploads\/antsroute-partenaires-zapiet-50x24.jpg 50w, https:\/\/antsroute.com\/wp-content\/uploads\/antsroute-partenaires-zapiet-150x71.jpg 150w\" sizes=\"(max-width:767px) 85px, 85px\" \/><\/a><\/p>\n[\/vc_column_text][\/vc_column_inner][\/vc_row_inner][\/vc_column][vc_column width=&#8220;1\/12&#8243;][\/vc_column][\/vc_row][vc_row css=&#8220;.vc_custom_1718893698242{background-color: #ffffff !important;}&#8220;][vc_column width=&#8220;1\/12&#8243; el_class=&#8220;vc_hidden-xs Extra Small Screen vc_hidden-sm Small Screen&#8220;][\/vc_column][vc_column width=&#8220;10\/12&#8243;][vc_row_inner][vc_column_inner][vc_column_text]\n<h2 id=\"partnerprogramme\" class=\"title-h2\" style=\"text-align: center;\">Unsere Partnerprogramme<\/h2>\n<p class=\"text-head\" style=\"text-align: center;\">AntsRoute bietet zwei Partnerprogramme an, um Ihr Wachstum zu beschleunigen.<\/p>\n[\/vc_column_text][\/vc_column_inner][\/vc_row_inner][vc_row_inner el_class=&#8220;industrie-align industrie-1&#8243;][vc_column_inner el_class=&#8220;industrie industrie-text&#8220; width=&#8220;1\/2&#8243;][vc_column_text]<img decoding=\"async\" class=\"alignnone size-full wp-image-86059\" style=\"border-radius: 10px;\" src=\"https:\/\/antsroute.com\/wp-content\/uploads\/partenaires-antsroute-2.jpg\" alt=\"\" width=\"15%\" srcset=\"https:\/\/antsroute.com\/wp-content\/uploads\/partenaires-antsroute-2.jpg 225w, https:\/\/antsroute.com\/wp-content\/uploads\/partenaires-antsroute-2-148x146.jpg 148w, https:\/\/antsroute.com\/wp-content\/uploads\/partenaires-antsroute-2-50x50.jpg 50w, https:\/\/antsroute.com\/wp-content\/uploads\/partenaires-antsroute-2-76x75.jpg 76w, https:\/\/antsroute.com\/wp-content\/uploads\/partenaires-antsroute-2-85x85.jpg 85w, https:\/\/antsroute.com\/wp-content\/uploads\/partenaires-antsroute-2-80x80.jpg 80w\" sizes=\"(max-width:767px) 225px, 225px\" \/>[\/vc_column_text][vc_column_text]\n<h3 style=\"color: inherit;\">L\u00f6sungsanbieter<\/h3>\n<p class=\"text-head\" style=\"color: inherit;\">Das Partnerprogramm richtet sich an L\u00f6sungsanbieter oder Dienstleister, die ihr Angebot erweitern und AntsRoute weiterverkaufen m\u00f6chten.<\/p>\n[\/vc_column_text][vc_column_text]\n<div id=\"cta\"><a class=\"button-3\" href=\"https:\/\/webforms.pipedrive.com\/f\/c54Rodcr0OknVYbZnSx5zOhjR5w2OyDbr9ZOS5ekf3FIlyX2REiXl8kXYIfEaIx5Xt\" target=\"_blank\" rel=\"noopener\">Werden Sie Partner<\/a><\/div>\n[\/vc_column_text][\/vc_column_inner][vc_column_inner el_class=&#8220;industrie&#8220; width=&#8220;1\/2&#8243;][vc_column_text]<img decoding=\"async\" class=\"alignnone size-full wp-image-86066\" style=\"border-radius: 10px;\" src=\"https:\/\/antsroute.com\/wp-content\/uploads\/partenaires-antsroute-1.jpg\" alt=\"\" width=\"15%\" srcset=\"https:\/\/antsroute.com\/wp-content\/uploads\/partenaires-antsroute-1.jpg 225w, https:\/\/antsroute.com\/wp-content\/uploads\/partenaires-antsroute-1-148x146.jpg 148w, https:\/\/antsroute.com\/wp-content\/uploads\/partenaires-antsroute-1-50x50.jpg 50w, https:\/\/antsroute.com\/wp-content\/uploads\/partenaires-antsroute-1-76x75.jpg 76w, https:\/\/antsroute.com\/wp-content\/uploads\/partenaires-antsroute-1-85x85.jpg 85w, https:\/\/antsroute.com\/wp-content\/uploads\/partenaires-antsroute-1-80x80.jpg 80w\" sizes=\"(max-width:767px) 225px, 225px\" \/>[\/vc_column_text][vc_column_text]\n<h3 style=\"color: inherit;\">Technologie-Partner<\/h3>\n<p class=\"text-head\" style=\"color: inherit;\">Sie bieten eine erg\u00e4nzende Anwendung zu AntsRoute an. Sie sind der Meinung, dass Ihre L\u00f6sung unseren Werten entspricht und es erm\u00f6glicht, die Bed\u00fcrfnisse unserer Kunden zu erf\u00fcllen.<\/p>\n[\/vc_column_text][vc_column_text]\n<div id=\"cta\"><a class=\"button-3\" href=\"https:\/\/webforms.pipedrive.com\/f\/6rAuENRur8Hm9DzF2hmQCbGzJc88CQdL7KkajEVu1ghKKnAonKkglAGvxoy0P3sI3p\" target=\"_blank\" rel=\"noopener\">Werden Sie Partner<\/a><\/div>\n[\/vc_column_text][\/vc_column_inner][\/vc_row_inner][\/vc_column][vc_column width=&#8220;1\/12&#8243; el_class=&#8220;vc_hidden-xs Extra Small Screen vc_hidden-sm Small Screen&#8220;][\/vc_column][\/vc_row][vc_row el_class=&#8220;padding-block&#8220; css=&#8220;.vc_custom_1718892112748{background-color: #00041f !important;}&#8220;][vc_column width=&#8220;1\/12&#8243;][\/vc_column][vc_column width=&#8220;10\/12&#8243;][vc_row_inner][vc_column_inner][vc_column_text]\n<h2 class=\"title-h2\" style=\"text-align: center; color: #ffffff;\">Die Vorteile des AntsRoute-Partnerprogramms<\/h2>\n[\/vc_column_text][\/vc_column_inner][\/vc_row_inner][vc_row_inner][vc_column_inner width=&#8220;1\/3&#8243;][vc_column_text]<img decoding=\"async\" class=\"alignnone size-full wp-image-86072\" style=\"border-radius: 10px;\" src=\"https:\/\/antsroute.com\/wp-content\/uploads\/partenaires-antsroute-3.jpg\" alt=\"\" width=\"15%\" srcset=\"https:\/\/antsroute.com\/wp-content\/uploads\/partenaires-antsroute-3.jpg 225w, https:\/\/antsroute.com\/wp-content\/uploads\/partenaires-antsroute-3-148x146.jpg 148w, https:\/\/antsroute.com\/wp-content\/uploads\/partenaires-antsroute-3-50x50.jpg 50w, https:\/\/antsroute.com\/wp-content\/uploads\/partenaires-antsroute-3-76x75.jpg 76w, https:\/\/antsroute.com\/wp-content\/uploads\/partenaires-antsroute-3-85x85.jpg 85w, https:\/\/antsroute.com\/wp-content\/uploads\/partenaires-antsroute-3-80x80.jpg 80w\" sizes=\"(max-width:767px) 225px, 225px\" \/><\/p>\n<h3 style=\"text-align: left; color: #ffffff;\">Erweitern Sie Ihr Gesch\u00e4ft<\/h3>\n<p class=\"text-head\" style=\"text-align: left; color: #bcbdc4;\">Erzielen Sie neue Ums\u00e4tze, indem Sie AntsRoute Ihren bestehenden Kunden anbieten, und gewinnen Sie neue Kunden mit Ihrem erweiterten Serviceangebot.<\/p>\n[\/vc_column_text][\/vc_column_inner][vc_column_inner width=&#8220;1\/3&#8243;][vc_column_text]<img decoding=\"async\" class=\"alignnone size-full wp-image-86077\" style=\"border-radius: 10px;\" src=\"https:\/\/antsroute.com\/wp-content\/uploads\/partenaires-antsroute-4.jpg\" alt=\"\" width=\"15%\" srcset=\"https:\/\/antsroute.com\/wp-content\/uploads\/partenaires-antsroute-4.jpg 225w, https:\/\/antsroute.com\/wp-content\/uploads\/partenaires-antsroute-4-148x146.jpg 148w, https:\/\/antsroute.com\/wp-content\/uploads\/partenaires-antsroute-4-50x50.jpg 50w, https:\/\/antsroute.com\/wp-content\/uploads\/partenaires-antsroute-4-76x75.jpg 76w, https:\/\/antsroute.com\/wp-content\/uploads\/partenaires-antsroute-4-85x85.jpg 85w, https:\/\/antsroute.com\/wp-content\/uploads\/partenaires-antsroute-4-80x80.jpg 80w\" sizes=\"(max-width:767px) 225px, 225px\" \/><\/p>\n<h3 style=\"text-align: left; color: #ffffff;\">Gewinnen Sie an Sichtbarkeit<\/h3>\n<p class=\"text-head\" style=\"text-align: left; color: #bcbdc4;\">Erhalten Sie als zertifizierter H\u00e4ndler Sichtbarkeit bei unseren Nutzern. Die Integration mit AntsRoute wird auf unserer Website pr\u00e4sent sein.<\/p>\n[\/vc_column_text][\/vc_column_inner][vc_column_inner width=&#8220;1\/3&#8243;][vc_column_text]<img decoding=\"async\" class=\"alignnone size-full wp-image-86082\" style=\"border-radius: 10px;\" src=\"https:\/\/antsroute.com\/wp-content\/uploads\/partenaires-antsroute-5.jpg\" alt=\"\" width=\"15%\" srcset=\"https:\/\/antsroute.com\/wp-content\/uploads\/partenaires-antsroute-5.jpg 225w, https:\/\/antsroute.com\/wp-content\/uploads\/partenaires-antsroute-5-148x146.jpg 148w, https:\/\/antsroute.com\/wp-content\/uploads\/partenaires-antsroute-5-50x50.jpg 50w, https:\/\/antsroute.com\/wp-content\/uploads\/partenaires-antsroute-5-76x75.jpg 76w, https:\/\/antsroute.com\/wp-content\/uploads\/partenaires-antsroute-5-85x85.jpg 85w, https:\/\/antsroute.com\/wp-content\/uploads\/partenaires-antsroute-5-80x80.jpg 80w\" sizes=\"(max-width:767px) 225px, 225px\" \/><\/p>\n<h3 style=\"text-align: left; color: #ffffff;\">Erfahrung des Kunden<\/h3>\n<p class=\"text-head\" style=\"text-align: left; color: #bcbdc4;\">Bieten Sie Ihren Kunden eine einzigartige L\u00f6sung, mit der sie die Organisation ihrer Einsatz- oder Liefertouren auf der letzten Meile revolutionieren k\u00f6nnen.<\/p>\n[\/vc_column_text][\/vc_column_inner][\/vc_row_inner][\/vc_column][vc_column width=&#8220;1\/12&#8243;][\/vc_column][\/vc_row][vc_row css=&#8220;.vc_custom_1718289511633{background-color: #e8edff !important;}&#8220;][vc_column width=&#8220;1\/12&#8243; el_class=&#8220;vc_hidden-xs Extra Small Screen vc_hidden-sm Small Screen&#8220;][\/vc_column][vc_column width=&#8220;10\/12&#8243;][vc_row_inner el_class=&#8220;vc_row-2&#8243;][vc_column_inner width=&#8220;6\/12&#8243;][vc_column_text]<img decoding=\"async\" class=\"aligncenter wp-image-86565 size-full\" src=\"https:\/\/antsroute.com\/wp-content\/uploads\/partnerprogramme-antsroute-1.jpg\" alt=\"\" width=\"1923\" height=\"1500\" srcset=\"https:\/\/antsroute.com\/wp-content\/uploads\/partnerprogramme-antsroute-1.jpg 1923w, https:\/\/antsroute.com\/wp-content\/uploads\/partnerprogramme-antsroute-1-300x234.jpg 300w, https:\/\/antsroute.com\/wp-content\/uploads\/partnerprogramme-antsroute-1-1024x799.jpg 1024w, https:\/\/antsroute.com\/wp-content\/uploads\/partnerprogramme-antsroute-1-768x599.jpg 768w, https:\/\/antsroute.com\/wp-content\/uploads\/partnerprogramme-antsroute-1-1536x1198.jpg 1536w, https:\/\/antsroute.com\/wp-content\/uploads\/partnerprogramme-antsroute-1-187x146.jpg 187w, https:\/\/antsroute.com\/wp-content\/uploads\/partnerprogramme-antsroute-1-50x39.jpg 50w, https:\/\/antsroute.com\/wp-content\/uploads\/partnerprogramme-antsroute-1-96x75.jpg 96w\" sizes=\"(max-width:767px) 700px, (max-width:1923px) 100vw, 1923px\" \/>[\/vc_column_text][\/vc_column_inner][vc_column_inner width=&#8220;1\/12&#8243;][\/vc_column_inner][vc_column_inner width=&#8220;5\/12&#8243;][vc_column_text]\n<h2 class=\"title-h2\" style=\"text-align: left;\">Wie werde ich Partner?<\/h2>\n<p class=\"text-head\" style=\"text-align: left;\">Hier sind die Schritte, die Sie unternehmen m\u00fcssen, um an unserem Programm teilzunehmen und ein AntsRoute-Partner zu werden.<\/p>\n<ul id=\"imglist\">\n<li class=\"text-head\">Erz\u00e4hlen Sie uns mehr! F\u00fcllen Sie unser Formular aus.<\/li>\n<li class=\"text-head\">Unser Team wird sich mit Ihnen in Verbindung setzen.<\/li>\n<li class=\"text-head\">Unterzeichnung der Kooperationsvereinbarung.<\/li>\n<\/ul>\n<p class=\"text-head\" style=\"text-align: left;\">Sobald wir uns einig sind, k\u00f6nnen wir den Vertrag unterzeichnen und den Integrationsprozess starten.<\/p>\n[\/vc_column_text][vc_column_text]\n<div id=\"cta\"><a class=\"button-3\" href=\"https:\/\/webforms.pipedrive.com\/f\/6rAuENRur8Hm9DzF2hmQCbGzJc88CQdL7KkajEVu1ghKKnAonKkglAGvxoy0P3sI3p\" target=\"_blank\" rel=\"noopener\">Technologie-Partner<\/a> <a class=\"button-3\" href=\"https:\/\/webforms.pipedrive.com\/f\/c54Rodcr0OknVYbZnSx5zOhjR5w2OyDbr9ZOS5ekf3FIlyX2REiXl8kXYIfEaIx5Xt\" target=\"_blank\" rel=\"noopener\">L\u00f6sungsanbieter<\/a><\/div>\n[\/vc_column_text][\/vc_column_inner][\/vc_row_inner][\/vc_column][vc_column width=&#8220;1\/12&#8243; el_class=&#8220;vc_hidden-xs Extra Small Screen vc_hidden-sm Small Screen&#8220;][\/vc_column][\/vc_row][vc_row css=&#8220;.vc_custom_1718628430387{background-color: #00041f !important;}&#8220; el_class=&#8220;padding-block&#8220;][vc_column width=&#8220;2\/12&#8243;][\/vc_column][vc_column width=&#8220;8\/12&#8243;][vc_column_text]\n<h2 style=\"text-align: center; color: #ffffff;\">Sind Sie der n\u00e4chste AntsRoute-Partner?<\/h2>\n<p class=\"text-head\" style=\"text-align: center; color: #bcbdc4;\">M\u00f6chten Sie Ihren Kunden ein 5-Sterne-Erlebnis bieten und zus\u00e4tzliche Einnahmen generieren? Werden Sie noch heute Partner von AntsRoute.<\/p>\n[\/vc_column_text][vc_row_inner][vc_column_inner][vc_column_text]\n<div id=\"cta\" style=\"text-align: center;\"><a class=\"btn-grad\" style=\"align-self: center;\" href=\"https:\/\/antsroute.com\/de\/kontakt\/\" rel=\"noopener\">Kontaktieren Sie uns<\/a><\/div>\n[\/vc_column_text][\/vc_column_inner][\/vc_row_inner][\/vc_column][vc_column width=&#8220;2\/12&#8243;][\/vc_column][\/vc_row]\n<\/div>","protected":false},"excerpt":{"rendered":"<p>[vc_row css=&#8220;.vc_custom_1718616861629{margin-right: -7.5px !important;background-color: #00041f !important;}&#8220; el_class=&#8220;vc_row-2&#8243;][vc_column width=&#8220;1\/12&#8243;][\/vc_column][vc_column width=&#8220;4\/12&#8243;][vc_row_inner][vc_column_inner][vc_column_text] Werden Sie AntsRoute-Partner Sind Sie an einer Zusammenarbeit mit AntsRoute interessiert? Wir bieten zwei Partnerprogramme an, mit<span class=\"excerpt-hellip\"> [\u2026]<\/span><\/p>\n","protected":false},"author":3,"featured_media":-1,"parent":0,"menu_order":0,"comment_status":"closed","ping_status":"closed","template":"","meta":{"footnotes":""},"class_list":["post-45410","page","type-page","status-publish","has-post-thumbnail","hentry"],"yoast_head":"<!-- This site is optimized with the Yoast SEO plugin v19.0 - https:\/\/yoast.com\/wordpress\/plugins\/seo\/ -->\n<title>Werden Sie AntsRoute-Partner<\/title>\n<meta name=\"description\" content=\"Bei AntsRoute stehen Ihnen verschiedene Partnerprogramme zur Auswahl, um die bestm\u00f6gliche Kundenerfahrung anbieten oder zus\u00e4tzliche Einnahmen generieren zu k\u00f6nnen.\" \/>\n<meta name=\"robots\" content=\"index, follow, max-snippet:-1, max-image-preview:large, max-video-preview:-1\" \/>\n<link rel=\"canonical\" href=\"https:\/\/antsroute.com\/de\/partner\/\" \/>\n<meta name=\"twitter:card\" content=\"summary\" \/>\n<meta name=\"twitter:title\" content=\"[&quot;&quot;]\" \/>\n<meta name=\"twitter:description\" content=\"Bei AntsRoute stehen Ihnen verschiedene Partnerprogramme zur Auswahl, um die bestm\u00f6gliche Kundenerfahrung anbieten oder zus\u00e4tzliche Einnahmen generieren zu k\u00f6nnen.\" \/>\n<meta name=\"twitter:site\" content=\"@AntswayCom\" \/>\n<meta name=\"twitter:label1\" content=\"Gesch\u00e4tzte Lesezeit\" \/>\n\t<meta name=\"twitter:data1\" content=\"5\u00a0Minuten\" \/>\n<!-- \/ Yoast SEO plugin. -->","yoast_head_json":{"title":"Werden Sie AntsRoute-Partner","description":"Bei AntsRoute stehen Ihnen verschiedene Partnerprogramme zur Auswahl, um die bestm\u00f6gliche Kundenerfahrung anbieten oder zus\u00e4tzliche Einnahmen generieren zu k\u00f6nnen.","robots":{"index":"index","follow":"follow","max-snippet":"max-snippet:-1","max-image-preview":"max-image-preview:large","max-video-preview":"max-video-preview:-1"},"canonical":"https:\/\/antsroute.com\/de\/partner\/","twitter_card":"summary","twitter_title":"[\"\"]","twitter_description":"Bei AntsRoute stehen Ihnen verschiedene Partnerprogramme zur Auswahl, um die bestm\u00f6gliche Kundenerfahrung anbieten oder zus\u00e4tzliche Einnahmen generieren zu k\u00f6nnen.","twitter_site":"@AntswayCom","twitter_misc":{"Gesch\u00e4tzte Lesezeit":"5\u00a0Minuten"},"schema":{"@context":"https:\/\/schema.org","@graph":[{"@type":"WebSite","@id":"https:\/\/antsroute.com\/en\/#website","url":"https:\/\/antsroute.com\/en\/","name":"AntsRoute","description":"ANTSROUTE - Logiciel d&#039;optimisation de tourn\u00e9es | Planifier &amp; Suivre | Route Optimization Software | Plan &amp; Track","potentialAction":[{"@type":"SearchAction","target":{"@type":"EntryPoint","urlTemplate":"https:\/\/antsroute.com\/en\/?s={search_term_string}"},"query-input":"required name=search_term_string"}],"inLanguage":"de"},{"@type":"ImageObject","inLanguage":"de","@id":"https:\/\/antsroute.com\/de\/partner\/#primaryimage","url":"","contentUrl":""},{"@type":"WebPage","@id":"https:\/\/antsroute.com\/de\/partner\/#webpage","url":"https:\/\/antsroute.com\/de\/partner\/","name":"Werden Sie AntsRoute-Partner","isPartOf":{"@id":"https:\/\/antsroute.com\/en\/#website"},"primaryImageOfPage":{"@id":"https:\/\/antsroute.com\/de\/partner\/#primaryimage"},"datePublished":"2022-01-05T14:01:00+00:00","dateModified":"2025-07-30T07:05:47+00:00","description":"Bei AntsRoute stehen Ihnen verschiedene Partnerprogramme zur Auswahl, um die bestm\u00f6gliche Kundenerfahrung anbieten oder zus\u00e4tzliche Einnahmen generieren zu k\u00f6nnen.","breadcrumb":{"@id":"https:\/\/antsroute.com\/de\/partner\/#breadcrumb"},"inLanguage":"de","potentialAction":[{"@type":"ReadAction","target":["https:\/\/antsroute.com\/de\/partner\/"]}]},{"@type":"BreadcrumbList","@id":"https:\/\/antsroute.com\/de\/partner\/#breadcrumb","itemListElement":[{"@type":"ListItem","position":1,"name":"AntsRoute","item":"https:\/\/antsroute.com\/de\/"},{"@type":"ListItem","position":2,"name":"Werden Sie AntsRoute-Partner"}]}]}},"_links":{"self":[{"href":"https:\/\/antsroute.com\/de\/wp-json\/wp\/v2\/pages\/45410","targetHints":{"allow":["GET"]}}],"collection":[{"href":"https:\/\/antsroute.com\/de\/wp-json\/wp\/v2\/pages"}],"about":[{"href":"https:\/\/antsroute.com\/de\/wp-json\/wp\/v2\/types\/page"}],"author":[{"embeddable":true,"href":"https:\/\/antsroute.com\/de\/wp-json\/wp\/v2\/users\/3"}],"replies":[{"embeddable":true,"href":"https:\/\/antsroute.com\/de\/wp-json\/wp\/v2\/comments?post=45410"}],"version-history":[{"count":0,"href":"https:\/\/antsroute.com\/de\/wp-json\/wp\/v2\/pages\/45410\/revisions"}],"wp:featuredmedia":[{"embeddable":true,"href":"https:\/\/antsroute.com\/de\/wp-json\/"}],"wp:attachment":[{"href":"https:\/\/antsroute.com\/de\/wp-json\/wp\/v2\/media?parent=45410"}],"curies":[{"name":"wp","href":"https:\/\/api.w.org\/{rel}","templated":true}]}}