{"id":44698,"date":"2022-10-05T15:02:32","date_gmt":"2022-10-05T14:02:32","guid":{"rendered":"https:\/\/antsroute.com\/?page_id=44698"},"modified":"2023-05-05T10:10:19","modified_gmt":"2023-05-05T09:10:19","slug":"kunden","status":"publish","type":"page","link":"https:\/\/antsroute.com\/de\/kunden\/","title":{"rendered":"Unsere Kunden teilen ihre Erfahrungen"},"content":{"rendered":"<div class=\"wpb-content-wrapper\">[vc_row css=&#8220;.vc_custom_1662467534501{background-color: #f4f8ff !important;}&#8220; el_class=&#8220;vc_row-2&#8243;][vc_column width=&#8220;1\/12&#8243;][\/vc_column][vc_column width=&#8220;5\/12&#8243;][vc_column_text]\n<h1>Unsere Kunden teilen ihre Erfahrungen<\/h1>\n<p class=\"text-head\">Erfahren Sie, wie kleine und mittelst\u00e4ndische Unternehmen, Gro\u00dfkonzernen und andere Organisationen mit AntsRoute ihr Gesch\u00e4ft ausbauen.<\/p>\n[\/vc_column_text][vc_row_inner][vc_column_inner][vc_column_text]\n<div id=\"cta\"><a class=\"button-1\" style=\"align-self: center;\" href=\"https:\/\/app.antsroute.com\/subscription\/creation\" target=\"_blank\" rel=\"noopener\">Kostenlos testen<\/a> <a class=\"button-2\" style=\"align-self: center;\" href=\"https:\/\/antsroute.pipedrive.com\/scheduler\/rAkzZ3FZ\/meeting-antsroute\" target=\"_blank\" rel=\"noopener\">Demo buchen<\/a><\/div>\n<p class=\"text-head\" style=\"font-size: 15px;\"><img decoding=\"async\" style=\"vertical-align: middle; margin-right: 5px;\" src=\"https:\/\/antsroute.com\/wp-content\/uploads\/list-checkmarks.svg\" width=\"15px\" height=\"15px\" \/>7 Tage &#8211; kostenlose Testphase <img decoding=\"async\" style=\"vertical-align: middle; margin-right: 5px; margin-left: 10px;\" src=\"https:\/\/antsroute.com\/wp-content\/uploads\/list-checkmarks.svg\" width=\"15px\" height=\"15px\" \/>Keine Kreditkarte <img decoding=\"async\" style=\"vertical-align: middle; margin-right: 5px; margin-left: 10px;\" src=\"https:\/\/antsroute.com\/wp-content\/uploads\/list-checkmarks.svg\" width=\"15px\" height=\"15px\" \/>Schnelle Konfigurierung<\/p>\n[\/vc_column_text][\/vc_column_inner][\/vc_row_inner][\/vc_column][vc_column width=&#8220;5\/12&#8243;][vc_column_text]<img decoding=\"async\" class=\"aligncenter wp-image-40325 size-full\" src=\"https:\/\/antsroute.com\/wp-content\/uploads\/clients-antsroute-01.jpg\" alt=\"\" width=\"1043\" height=\"929\" srcset=\"https:\/\/antsroute.com\/wp-content\/uploads\/clients-antsroute-01.jpg 1043w, https:\/\/antsroute.com\/wp-content\/uploads\/clients-antsroute-01-300x267.jpg 300w, https:\/\/antsroute.com\/wp-content\/uploads\/clients-antsroute-01-1024x912.jpg 1024w, https:\/\/antsroute.com\/wp-content\/uploads\/clients-antsroute-01-768x684.jpg 768w, https:\/\/antsroute.com\/wp-content\/uploads\/clients-antsroute-01-164x146.jpg 164w, https:\/\/antsroute.com\/wp-content\/uploads\/clients-antsroute-01-50x45.jpg 50w, https:\/\/antsroute.com\/wp-content\/uploads\/clients-antsroute-01-84x75.jpg 84w\" sizes=\"(max-width:767px) 700px, (max-width:1043px) 100vw, 1043px\" \/>[\/vc_column_text][\/vc_column][vc_column width=&#8220;1\/12&#8243;][\/vc_column][\/vc_row][vc_row css=&#8220;.vc_custom_1660134374926{background-color: #ffffff !important;}&#8220; el_class=&#8220;padding-block&#8220;][vc_column width=&#8220;1\/12&#8243;][\/vc_column][vc_column width=&#8220;10\/12&#8243;][vc_row_inner][vc_column_inner][vc_column_text]\n<h2 class=\"title-h2\" style=\"text-align: center; font-weight: 500; font-size: 25px;\"><span id=\"Mehr_als_300_Unternehmen_verwalten_ihre_Touren_mit_AntsRoute\">Mehr als 300 Unternehmen verwalten ihre Touren mit AntsRoute<\/span><\/h2>\n[\/vc_column_text][vc_column_text]\n<p style=\"text-align: center;\"><img decoding=\"async\" class=\"img-head\" src=\"https:\/\/antsroute.com\/wp-content\/uploads\/meinungen-antsroute-01.jpg\" alt=\"\" width=\"252\" height=\"73\" \/> <img decoding=\"async\" class=\"img-head\" src=\"https:\/\/antsroute.com\/wp-content\/uploads\/meinungen-antsroute-02.jpg\" alt=\"\" width=\"252\" height=\"73\" \/><\/p>\n[\/vc_column_text][\/vc_column_inner][\/vc_row_inner][\/vc_column][vc_column width=&#8220;1\/12&#8243;][\/vc_column][\/vc_row][vc_row css=&#8220;.vc_custom_1662968639236{background-color: #ffffff !important;}&#8220;][vc_column width=&#8220;1\/12&#8243;][\/vc_column][vc_column width=&#8220;10\/12&#8243;][vc_row_inner][vc_column_inner][vc_column_text]    <div id=\"post-grid-lazy-48512\" class=\"post-grid-lazy\"><img decoding=\"async\" src=\"\"\/><\/div>\r\n    <script>\r\n\r\n        jQuery('#post-grid-lazy-48512').ready(function($){\r\n            jQuery('#post-grid-lazy-48512').fadeOut();\r\n            jQuery('#post-grid-48512').fadeIn();\r\n        })\r\n    <\/script>\r\n    <style type=\"text\/css\">\r\n        #post-grid-48512{display: none;}\r\n        .post-grid-lazy{\r\n            text-align: center;\r\n        }\r\n    <\/style>\r\n        <div data-options='{\"id\":\"48512\",\"lazy_load\":\"yes\",\"masonry_enable\":\"no\",\"view_type\":\"grid\"}' id=\"post-grid-48512\" class=\"post-grid grid\">\r\n                <div class=\"grid-items\">\r\n            \r\n    <div class=\"item item-100891 skin flat even 0 \">\r\n                <div class=\"layer-wrapper layout-24029\">\r\n                <div class=\"element element_1614190980499  element-media \">\r\n        <a target=\"_self\" href=\"https:\/\/antsroute.com\/de\/kunden\/erfolgreiche-haeusliche-physiotherapie-touren-mit-der-software-von-antsroute\/\"><img decoding=\"async\" alt=\"\" src=\"https:\/\/antsroute.com\/wp-content\/uploads\/hausliche-Physiotherapie-Touren-antsroute-2.jpg\" \/><\/a>\r\n\r\n    <\/div>\r\n        <div class=\"element element_1614190915563  post_date \">\r\n                    18. April 2025            \r\n    <\/div>\r\n        <div class=\"element element_1614190747784  title \">\r\n                    <a target=\"_blank\" href=\"https:\/\/antsroute.com\/de\/kunden\/erfolgreiche-haeusliche-physiotherapie-touren-mit-der-software-von-antsroute\/\">Erfolgreiche h\u00e4usliche Physiotherapie-Touren mit der Software von AntsRoute<\/a>\r\n        \r\n\r\n    <\/div>\r\n        <div class=\"element element_1733303012937  excerpt \">\r\n        Erfahren Sie, wie Mon Kin\u00e9, der Physiotherapiedienst in Luxemburg, die AntsRoute-Software einsetzt, um die Touren f\u00fcr die h\u00e4usliche Pflege zu                    <a target=\"_blank\" href=\"https:\/\/antsroute.com\/de\/kunden\/erfolgreiche-haeusliche-physiotherapie-touren-mit-der-software-von-antsroute\/\">...<\/a>\r\n            <\/div>\r\n                <a class=\"element element_1733393385189  read_more \" target=\"_blank\" href=\"https:\/\/antsroute.com\/de\/kunden\/erfolgreiche-haeusliche-physiotherapie-touren-mit-der-software-von-antsroute\/\">En savoir plus<\/a>\r\n    \r\n            <\/div>\r\n    <\/div>\r\n    \r\n    <div class=\"item item-30038 skin flat odd 1 \">\r\n                <div class=\"layer-wrapper layout-24029\">\r\n                <div class=\"element element_1614190980499  element-media \">\r\n        <a target=\"_self\" href=\"https:\/\/antsroute.com\/de\/kunden\/startups-delivening\/\"><img decoding=\"async\" alt=\"\" src=\"https:\/\/antsroute.com\/wp-content\/uploads\/erfahrungsbericht_delivening_02.jpg\" \/><\/a>\r\n\r\n    <\/div>\r\n        <div class=\"element element_1614190915563  post_date \">\r\n                    19. April 2022            \r\n    <\/div>\r\n        <div class=\"element element_1614190747784  title \">\r\n                    <a target=\"_blank\" href=\"https:\/\/antsroute.com\/de\/kunden\/startups-delivening\/\">Der Start-up : Delivening<\/a>\r\n        \r\n\r\n    <\/div>\r\n        <div class=\"element element_1733303012937  excerpt \">\r\n        M\u00e9d\u00e9ric Gasse verbessert die Leistung seines auf die Logistik der letzten Meile spezialisierten Startups mithilfe der Lieferplanungssoftware AntsRoute.                    <a target=\"_blank\" href=\"https:\/\/antsroute.com\/de\/kunden\/startups-delivening\/\">...<\/a>\r\n            <\/div>\r\n                <a class=\"element element_1733393385189  read_more \" target=\"_blank\" href=\"https:\/\/antsroute.com\/de\/kunden\/startups-delivening\/\">En savoir plus<\/a>\r\n    \r\n            <\/div>\r\n    <\/div>\r\n    \r\n    <div class=\"item item-30025 skin flat even 2 \">\r\n                <div class=\"layer-wrapper layout-24029\">\r\n                <div class=\"element element_1614190980499  element-media \">\r\n        <a target=\"_self\" href=\"https:\/\/antsroute.com\/de\/kunden\/krankenhausgruppen-ap-hp\/\"><img decoding=\"async\" alt=\"\" src=\"https:\/\/antsroute.com\/wp-content\/uploads\/erfahrungsbericht_ap-hp_02.jpg\" \/><\/a>\r\n\r\n    <\/div>\r\n        <div class=\"element element_1614190915563  post_date \">\r\n                    19. April 2022            \r\n    <\/div>\r\n        <div class=\"element element_1614190747784  title \">\r\n                    <a target=\"_blank\" href=\"https:\/\/antsroute.com\/de\/kunden\/krankenhausgruppen-ap-hp\/\">Die Krankenhausgruppe: AP-HP<\/a>\r\n        \r\n\r\n    <\/div>\r\n        <div class=\"element element_1733303012937  excerpt \">\r\n        Assistance Publique - H\u00f4pitaux de Paris (AP-HP) w\u00e4hlt AntsRoute, um die Touren der mobilen Covisan-Brigaden zu organisieren.                    <a target=\"_blank\" href=\"https:\/\/antsroute.com\/de\/kunden\/krankenhausgruppen-ap-hp\/\">...<\/a>\r\n            <\/div>\r\n                <a class=\"element element_1733393385189  read_more \" target=\"_blank\" href=\"https:\/\/antsroute.com\/de\/kunden\/krankenhausgruppen-ap-hp\/\">En savoir plus<\/a>\r\n    \r\n            <\/div>\r\n    <\/div>\r\n    \r\n    <div class=\"item item-28528 skin flat odd 3 \">\r\n                <div class=\"layer-wrapper layout-24029\">\r\n                <div class=\"element element_1614190980499  element-media \">\r\n        <a target=\"_self\" href=\"https:\/\/antsroute.com\/de\/kunden\/synlab\/\"><img decoding=\"async\" alt=\"\" src=\"https:\/\/antsroute.com\/wp-content\/uploads\/erfahrungsbericht_synlab-.png\" \/><\/a>\r\n\r\n    <\/div>\r\n        <div class=\"element element_1614190915563  post_date \">\r\n                    9. Februar 2022            \r\n    <\/div>\r\n        <div class=\"element element_1614190747784  title \">\r\n                    <a target=\"_blank\" href=\"https:\/\/antsroute.com\/de\/kunden\/synlab\/\">Synlab<\/a>\r\n        \r\n\r\n    <\/div>\r\n        <div class=\"element element_1733303012937  excerpt \">\r\n        Nathalie Michon, Logistikmanagerin bei Synlab Laboratorium Nouvelle-Aquitaine, optimiert die Abholtouren ihrer Fahrer mit Antsroute.                    <a target=\"_blank\" href=\"https:\/\/antsroute.com\/de\/kunden\/synlab\/\">...<\/a>\r\n            <\/div>\r\n                <a class=\"element element_1733393385189  read_more \" target=\"_blank\" href=\"https:\/\/antsroute.com\/de\/kunden\/synlab\/\">En savoir plus<\/a>\r\n    \r\n            <\/div>\r\n    <\/div>\r\n            <\/div>\r\n            <div class=\"pagination\">\r\n            <div class=\"paginate\">\r\n            <\/div>\r\n    <style type=\"text\/css\">\r\n        #post-grid-48512 .pagination .page-numbers{\r\n            font-size:16px;\r\n            color:#212121;\r\n            background:#ffffff;\r\n        }\r\n        #post-grid-48512 .pagination .page-numbers:hover,\r\n        #post-grid-48512 .pagination .page-numbers.current{\r\n            background:#f1f6ff;\r\n        }\r\n    <\/style>\r\n        <\/div>\r\n        <style type=\"text\/css\">\r\n        #post-grid-48512 {\r\n                    padding:10px;\r\n                                        }\r\n        #post-grid-48512 .grid-items{\r\n                    text-align: left;\r\n                }\r\n        #post-grid-48512 .item{\r\n                    margin:10px;\r\n                            padding:0px;\r\n                            background:#fff;\r\n                }\r\n        #post-grid-48512  .item .layer-media{\r\n            height:auto;        }\r\n        @media only screen and ( min-width: 0px ) and ( max-width: 767px ) {\r\n            #post-grid-48512 .item{\r\n                            width:90%;\r\n                        height:auto;            }\r\n        }\r\n        @media only screen and ( min-width: 768px ) and ( max-width: 1023px ) {\r\n            #post-grid-48512 .item{\r\n                            width:50%;\r\n                        max-height:auto;            }\r\n        }\r\n        @media only screen and (min-width: 1024px ){\r\n            #post-grid-48512 .item{\r\n                            width:30%;\r\n                        height:auto;            }\r\n        }\r\n\r\n        \r\n\r\n    <\/style>\r\n    <style type=\"text\/css\">\r\n.layout-24029 .element_1614190980499{\r\n    overflow: hidden;\r\n}\r\n@media only screen and (min-width: 1024px ){\r\n    .layout-24029 .element_1614190980499{\r\n                height: auto;\r\n        }\r\n}\r\n@media only screen and ( min-width: 768px ) and ( max-width: 1023px ) {\r\n    .layout-24029 .element_1614190980499{\r\n            height: auto;\r\n        }\r\n}\r\n@media only screen and ( min-width: 0px ) and ( max-width: 767px ){\r\n    .layout-24029 .element_1614190980499{\r\n            height: auto;\r\n        }\r\n}\r\n<\/style>\r\n    <style type=\"text\/css\">\r\n.layout-24029 .element_1614190915563{\r\n    color: #5d5f6f;\r\n    text-align: left;\r\nline-height: 1.4;\r\nfont-family: Helvetica;\r\nfont-size: 14px;\r\nfont-weight: 300;}\r\n.layout-24029 .element_1614190915563 a{\r\n    color: #5d5f6f;\r\n}\r\n<\/style>\r\n    <style type=\"text\/css\">\r\n.layout-24029 .element_1614190747784{\r\n    color: #212121;\r\n    font-size: 20px;\r\n    margin: 10px 0;\r\n    text-align: left;\r\nmargin-top: 5px;\r\nline-height: 1.3;\r\ncolor: #00041E;\r\nfont-family: Helvetica;\r\nfont-size: 22px;\r\ntext-decoration: none;\r\nfont-weight: 500;}\r\n.layout-24029 .element_1614190747784:hover{\r\ntext-decoration: none;}\r\n.layout-24029 .element_1614190747784 a{\r\n    color: #212121;\r\n    font-size: 20px;\r\n}\r\n<\/style>\r\n    <style type=\"text\/css\">\r\n.layout-24029 .element_1733303012937{\r\n    font-size: 15px;\r\n    margin: 10px 0;\r\n    text-align: left;\r\nline-height: 1.4;\r\ncolor: #00041E;\r\nfont-family: Helvetica;\r\nfont-size: 18px;\r\nfont-weight: 300;}\r\n.layout-24029 .element_1733303012937 a{\r\n    font-size: 15px;\r\n}\r\n<\/style>\r\n    <style type=\"text\/css\">\r\n.layout-24029 .element_1733393385189{\r\n    color: #5d75e7 !important;;\r\n    text-align: left;\r\nline-height: 1.4;\r\ncolor: #00041E;\r\nfont-family: Helvetica;\r\nfont-size: 16px;\r\nfont-weight: 600;\r\ntext-align: left !important;}\r\n.layout-24029 .element_1733393385189 a{\r\n    color: #5d75e7 !important; ;\r\n}\r\n<\/style>\r\n    \r\n            \r\n    \r\n\r\n        <script>\r\n                        \r\n        <\/script>\r\n\r\n        <\/div>\r\n    [\/vc_column_text][\/vc_column_inner][\/vc_row_inner][\/vc_column][vc_column width=&#8220;1\/12&#8243;][\/vc_column][\/vc_row][vc_row css=&#8220;.vc_custom_1662968826767{background-color: #ffffff !important;}&#8220; el_class=&#8220;padding-block-2&#8243;][vc_column width=&#8220;1\/12&#8243;][\/vc_column][vc_column width=&#8220;10\/12&#8243;][vc_row_inner][vc_column_inner width=&#8220;1\/12&#8243;][\/vc_column_inner][vc_column_inner width=&#8220;5\/12&#8243;][vc_column_text el_class=&#8220;ants-media&#8220;]<img decoding=\"async\" class=\"img-head-2\" src=\"https:\/\/antsroute.com\/wp-content\/uploads\/capterra-meinungen-ansehen-1.jpg\" alt=\"\" width=\"252\" height=\"73\" \/><\/p>\n<p class=\"text-head\"><img decoding=\"async\" class=\"\" style=\"vertical-align: middle; margin-right: 5px;\" src=\"https:\/\/antsroute.com\/wp-content\/uploads\/quote-11.svg\" width=\"5%\" height=\"5%\" \/> [Ein] einfach einzusetzendes und zu verwendendes Tool\u00a0: Es bietet eine genaue und e\ufb03ziente Verfolgung der h\u00e4uslichen Corona-Test-Touren. Der Kundenservice ist verf\u00fcgbar und h\u00f6rt zu. Antsroute hat aktiv zum Erfolg unseres Auftrags beigetragen! &#8211; Paul L. <img decoding=\"async\" style=\"vertical-align: middle; margin-right: 5px;\" src=\"https:\/\/antsroute.com\/wp-content\/uploads\/quote-11.svg\" width=\"5%\" height=\"5%\" \/><\/p>\n<p><a class=\"ants-link\" href=\"https:\/\/www.capterra.com.de\/software\/181156\/antsroute?_ga=2.230711452.2044430180.1664264455-1799779541.1664264455\" target=\"_blank\" rel=\"noopener\">Alle Meinungen ansehen \u2192<\/a>[\/vc_column_text][\/vc_column_inner][vc_column_inner width=&#8220;5\/12&#8243;][vc_column_text el_class=&#8220;ants-media&#8220;]<img decoding=\"async\" class=\"img-head-2\" src=\"https:\/\/antsroute.com\/wp-content\/uploads\/capterra-meinungen-ansehen-2.jpg\" alt=\"\" width=\"252\" height=\"73\" \/><\/p>\n<p class=\"text-head\"><img decoding=\"async\" class=\"\" style=\"vertical-align: middle; margin-right: 5px;\" src=\"https:\/\/antsroute.com\/wp-content\/uploads\/quote-11.svg\" width=\"5%\" height=\"5%\" \/> [Ich sch\u00e4tze] die schnelle Reaktion des Supports bei auftretenden Problemen. [Die] einfache Installation der Anwendung auf PCs und Mobiltelefonen. Die einfache Konfiguration [der] Techniker, Kunden, benutzerdefinierten Felder&#8230; &#8211; Ren\u00e9 A. <img decoding=\"async\" style=\"vertical-align: middle; margin-right: 5px;\" src=\"https:\/\/antsroute.com\/wp-content\/uploads\/quote-11.svg\" width=\"5%\" height=\"5%\" \/><\/p>\n<p><a class=\"ants-link\" href=\"https:\/\/www.capterra.com.de\/software\/181156\/antsroute?_ga=2.230711452.2044430180.1664264455-1799779541.1664264455\" target=\"_blank\" rel=\"noopener\">Alle Meinungen ansehen \u2192<\/a>[\/vc_column_text][\/vc_column_inner][vc_column_inner width=&#8220;1\/12&#8243;][\/vc_column_inner][\/vc_row_inner][\/vc_column][vc_column width=&#8220;1\/12&#8243;][\/vc_column][\/vc_row][vc_row css=&#8220;.vc_custom_1662547005797{padding-bottom: 45px !important;background-color: #f4f8ff !important;}&#8220; el_class=&#8220;padding-block&#8220;][vc_column width=&#8220;3\/12&#8243;][\/vc_column][vc_column width=&#8220;6\/12&#8243;][vc_row_inner][vc_column_inner][vc_column_text]\n<h2 class=\"title-h2\" style=\"text-align: center;\"><span id=\"Sind_Sie_bereit_loszulegen\">Sind Sie bereit, loszulegen?<\/span><\/h2>\n<p class=\"text-head\" style=\"text-align: center;\">Starten Sie Ihre kostenlose Testphase und greifen Sie sofort auf alle diese Funktionen zu. Sie k\u00f6nnen sich auch an unser Team wenden, um Unterst\u00fctzung bei der Implementierung der L\u00f6sung zu erhalten.<\/p>\n[\/vc_column_text][\/vc_column_inner][\/vc_row_inner][vc_column_text]\n<div id=\"cta\" style=\"text-align: center;\"><a class=\"button-1\" style=\"align-self: center;\" href=\"https:\/\/app.antsroute.com\/subscription\/creation\" target=\"_blank\" rel=\"noopener\">Kostenlos testen<\/a> <a class=\"button-2\" style=\"align-self: center;\" href=\"https:\/\/antsroute.pipedrive.com\/scheduler\/rAkzZ3FZ\/meeting-antsroute\" target=\"_blank\" rel=\"noopener\">Demo buchen<\/a><\/div>\n[\/vc_column_text][\/vc_column][vc_column width=&#8220;3\/12&#8243;][\/vc_column][\/vc_row]\n<\/div><div id=\"toc_container\" class=\"toc_wrap_right no_bullets\"><p class=\"toc_title\">Contenu<\/p><ul class=\"toc_list\"><li><a href=\"#Mehr_als_300_Unternehmen_verwalten_ihre_Touren_mit_AntsRoute\">Mehr als 300 Unternehmen verwalten ihre Touren mit AntsRoute<\/a><\/li><li><a href=\"#Sind_Sie_bereit_loszulegen\">Sind Sie bereit, loszulegen?<\/a><\/li><\/ul><\/div>\n","protected":false},"excerpt":{"rendered":"<p>[vc_row css=&#8220;.vc_custom_1662467534501{background-color: #f4f8ff !important;}&#8220; el_class=&#8220;vc_row-2&#8243;][vc_column width=&#8220;1\/12&#8243;][\/vc_column][vc_column width=&#8220;5\/12&#8243;][vc_column_text] Unsere Kunden teilen ihre Erfahrungen Erfahren Sie, wie kleine und mittelst\u00e4ndische Unternehmen, Gro\u00dfkonzernen und andere Organisationen mit AntsRoute ihr<span class=\"excerpt-hellip\"> [\u2026]<\/span><\/p>\n","protected":false},"author":3,"featured_media":0,"parent":0,"menu_order":0,"comment_status":"closed","ping_status":"closed","template":"","meta":{"footnotes":""},"class_list":["post-44698","page","type-page","status-publish","hentry"],"yoast_head":"<!-- This site is optimized with the Yoast SEO plugin v19.0 - https:\/\/yoast.com\/wordpress\/plugins\/seo\/ -->\n<title>Unsere Kunden teilen ihre Erfahrungen - AntsRoute<\/title>\n<meta name=\"description\" content=\"Erfahren Sie, wie kleine und mittelst\u00e4ndische Unternehmen, Gro\u00dfkonzernen und andere Organisationen mit Hilfe von AntsRoute ihr Gesch\u00e4ft auf der letzten Meile ausbauen.\" \/>\n<meta name=\"robots\" content=\"index, follow, max-snippet:-1, max-image-preview:large, max-video-preview:-1\" \/>\n<link rel=\"canonical\" href=\"https:\/\/antsroute.com\/de\/kunden\/\" \/>\n<meta name=\"twitter:card\" content=\"summary\" \/>\n<meta name=\"twitter:title\" content=\"Unsere Kunden teilen ihre Erfahrungen - AntsRoute\" \/>\n<meta name=\"twitter:description\" content=\"Erfahren Sie, wie kleine und mittelst\u00e4ndische Unternehmen, Gro\u00dfkonzernen und andere Organisationen mit Hilfe von AntsRoute ihr Gesch\u00e4ft auf der letzten Meile ausbauen.\" \/>\n<meta name=\"twitter:image\" content=\"https:\/\/antsroute.com\/wp-content\/uploads\/list-checkmarks.svg\" \/>\n<meta name=\"twitter:site\" content=\"@AntswayCom\" \/>\n<meta name=\"twitter:label1\" content=\"Gesch\u00e4tzte Lesezeit\" \/>\n\t<meta name=\"twitter:data1\" content=\"4\u00a0Minuten\" \/>\n<!-- \/ Yoast SEO plugin. -->","yoast_head_json":{"title":"Unsere Kunden teilen ihre Erfahrungen - AntsRoute","description":"Erfahren Sie, wie kleine und mittelst\u00e4ndische Unternehmen, Gro\u00dfkonzernen und andere Organisationen mit Hilfe von AntsRoute ihr Gesch\u00e4ft auf der letzten Meile ausbauen.","robots":{"index":"index","follow":"follow","max-snippet":"max-snippet:-1","max-image-preview":"max-image-preview:large","max-video-preview":"max-video-preview:-1"},"canonical":"https:\/\/antsroute.com\/de\/kunden\/","twitter_card":"summary","twitter_title":"Unsere Kunden teilen ihre Erfahrungen - AntsRoute","twitter_description":"Erfahren Sie, wie kleine und mittelst\u00e4ndische Unternehmen, Gro\u00dfkonzernen und andere Organisationen mit Hilfe von AntsRoute ihr Gesch\u00e4ft auf der letzten Meile ausbauen.","twitter_image":"https:\/\/antsroute.com\/wp-content\/uploads\/list-checkmarks.svg","twitter_site":"@AntswayCom","twitter_misc":{"Gesch\u00e4tzte Lesezeit":"4\u00a0Minuten"},"schema":{"@context":"https:\/\/schema.org","@graph":[{"@type":"WebSite","@id":"https:\/\/antsroute.com\/en\/#website","url":"https:\/\/antsroute.com\/en\/","name":"AntsRoute","description":"ANTSROUTE - Logiciel d&#039;optimisation de tourn\u00e9es | Planifier &amp; Suivre | Route Optimization Software | Plan &amp; Track","potentialAction":[{"@type":"SearchAction","target":{"@type":"EntryPoint","urlTemplate":"https:\/\/antsroute.com\/en\/?s={search_term_string}"},"query-input":"required name=search_term_string"}],"inLanguage":"de"},{"@type":"ImageObject","inLanguage":"de","@id":"https:\/\/antsroute.com\/de\/kunden\/#primaryimage","url":"https:\/\/antsroute.com\/wp-content\/uploads\/list-checkmarks.svg","contentUrl":"https:\/\/antsroute.com\/wp-content\/uploads\/list-checkmarks.svg"},{"@type":"WebPage","@id":"https:\/\/antsroute.com\/de\/kunden\/#webpage","url":"https:\/\/antsroute.com\/de\/kunden\/","name":"Unsere Kunden teilen ihre Erfahrungen - AntsRoute","isPartOf":{"@id":"https:\/\/antsroute.com\/en\/#website"},"primaryImageOfPage":{"@id":"https:\/\/antsroute.com\/de\/kunden\/#primaryimage"},"datePublished":"2022-10-05T14:02:32+00:00","dateModified":"2023-05-05T09:10:19+00:00","description":"Erfahren Sie, wie kleine und mittelst\u00e4ndische Unternehmen, Gro\u00dfkonzernen und andere Organisationen mit Hilfe von AntsRoute ihr Gesch\u00e4ft auf der letzten Meile ausbauen.","breadcrumb":{"@id":"https:\/\/antsroute.com\/de\/kunden\/#breadcrumb"},"inLanguage":"de","potentialAction":[{"@type":"ReadAction","target":["https:\/\/antsroute.com\/de\/kunden\/"]}]},{"@type":"BreadcrumbList","@id":"https:\/\/antsroute.com\/de\/kunden\/#breadcrumb","itemListElement":[{"@type":"ListItem","position":1,"name":"AntsRoute","item":"https:\/\/antsroute.com\/de\/"},{"@type":"ListItem","position":2,"name":"Unsere Kunden teilen ihre Erfahrungen"}]}]}},"_links":{"self":[{"href":"https:\/\/antsroute.com\/de\/wp-json\/wp\/v2\/pages\/44698","targetHints":{"allow":["GET"]}}],"collection":[{"href":"https:\/\/antsroute.com\/de\/wp-json\/wp\/v2\/pages"}],"about":[{"href":"https:\/\/antsroute.com\/de\/wp-json\/wp\/v2\/types\/page"}],"author":[{"embeddable":true,"href":"https:\/\/antsroute.com\/de\/wp-json\/wp\/v2\/users\/3"}],"replies":[{"embeddable":true,"href":"https:\/\/antsroute.com\/de\/wp-json\/wp\/v2\/comments?post=44698"}],"version-history":[{"count":0,"href":"https:\/\/antsroute.com\/de\/wp-json\/wp\/v2\/pages\/44698\/revisions"}],"wp:attachment":[{"href":"https:\/\/antsroute.com\/de\/wp-json\/wp\/v2\/media?parent=44698"}],"curies":[{"name":"wp","href":"https:\/\/api.w.org\/{rel}","templated":true}]}}